{"id":1230,"date":"2025-04-18T09:55:49","date_gmt":"2025-04-18T07:55:49","guid":{"rendered":"https:\/\/www.regionalis.shop\/ricardart\/product\/duftstein-blume-des-lebens-naturton\/"},"modified":"2025-04-18T09:55:49","modified_gmt":"2025-04-18T07:55:49","slug":"duftstein-blume-des-lebens-naturton","status":"publish","type":"product","link":"https:\/\/www.regionalis.shop\/ricardart\/shop\/duftstein-blume-des-lebens-naturton\/","title":{"rendered":"Duftstein *BLUME DES LEBENS* Naturton"},"content":{"rendered":"<p>DUFTSTEIN aus Naturton im Lebensblume-Design in naturwei\u00df oder terrakotta.<br \/>\nF\u00fcr \u00e4therische \u00d6le &#038; Essenzen. Einfach ein paar Tropfen deines Lieblingsdufts auftragen- der Ton speichert den Duft \u00fcber l\u00e4ngere Zeit (auch mit Loch zum Aufh\u00e4ngen m\u00f6glich- bitte beim Bestellvorgang angeben)<br \/>\nDurchmesser: 5cm<\/p>\n<p>*du bekommst deinen Duftstein h\u00fcbsch verpackt in einer handbedruckten Box aus recyceltem Altpapier &#038; mit pers\u00f6nlichem Steckbrief beigelegt<\/p>\n<p>Die BLUME des LEBENS&#8230;<br \/>\n..das Urmuster der Sch\u00f6pfung &#038; Symbol der heiligen Geometrie.\u00a0 Mit ihren 19 gleichm\u00e4\u00dfigen Kreisen symbolisiert sie kosmische Ordnung, Vollkommenheit &#038; Harmonie. Ihr einzigartiges &#038; vollkommenes Schwingungsmuster wird weit verbreitet zur Harmonisierung negativer Energien &#038; als Schutzschild davor eingesetzt. In Wohnr\u00e4umen sorgt sie f\u00fcr ein harmonisches,\u00a0positives Raumklima &#038; f\u00fcr ein angenehmes Wohn-&#038; Wohlgef\u00fchl\u00a0<\/p>\n","protected":false},"excerpt":{"rendered":"<p>DUFTSTEIN aus Naturton im Lebensblume-Design in naturwei\u00df oder terrakotta. F\u00fcr \u00e4therische \u00d6le &#038; Essenzen. Einfach ein paar Tropfen deines Lieblingsdufts auftragen- der Ton speichert den Duft \u00fcber l\u00e4ngere Zeit (auch mit Loch zum Aufh\u00e4ngen m\u00f6glich- bitte beim Bestellvorgang angeben) Durchmesser: 5cm *du bekommst deinen Duftstein h\u00fcbsch verpackt in einer handbedruckten Box aus recyceltem Altpapier &#038; &hellip; <a href=\"https:\/\/www.regionalis.shop\/ricardart\/shop\/duftstein-blume-des-lebens-naturton\/\">Continued<\/a><\/p>\n","protected":false},"featured_media":1231,"template":"","meta":{"_acf_changed":false},"product_brand":[],"product_cat":[174,103],"product_tag":[],"class_list":{"0":"post-1230","1":"product","2":"type-product","3":"status-publish","4":"has-post-thumbnail","6":"product_cat-wohndekoration","7":"product_cat-wohnen-deko","9":"first","10":"instock","11":"purchasable","12":"product-type-simple"},"acf":[],"_links":{"self":[{"href":"https:\/\/www.regionalis.shop\/ricardart\/wp-json\/wp\/v2\/product\/1230","targetHints":{"allow":["GET"]}}],"collection":[{"href":"https:\/\/www.regionalis.shop\/ricardart\/wp-json\/wp\/v2\/product"}],"about":[{"href":"https:\/\/www.regionalis.shop\/ricardart\/wp-json\/wp\/v2\/types\/product"}],"wp:featuredmedia":[{"embeddable":true,"href":"https:\/\/www.regionalis.shop\/ricardart\/wp-json\/wp\/v2\/media\/1231"}],"wp:attachment":[{"href":"https:\/\/www.regionalis.shop\/ricardart\/wp-json\/wp\/v2\/media?parent=1230"}],"wp:term":[{"taxonomy":"product_brand","embeddable":true,"href":"https:\/\/www.regionalis.shop\/ricardart\/wp-json\/wp\/v2\/product_brand?post=1230"},{"taxonomy":"product_cat","embeddable":true,"href":"https:\/\/www.regionalis.shop\/ricardart\/wp-json\/wp\/v2\/product_cat?post=1230"},{"taxonomy":"product_tag","embeddable":true,"href":"https:\/\/www.regionalis.shop\/ricardart\/wp-json\/wp\/v2\/product_tag?post=1230"}],"curies":[{"name":"wp","href":"https:\/\/api.w.org\/{rel}","templated":true}]}}