{"id":1244,"date":"2025-04-18T09:52:02","date_gmt":"2025-04-18T07:52:02","guid":{"rendered":"https:\/\/www.regionalis.shop\/ricardart\/product\/edelstein-ohrschmuck-square-facettiert-vergoldet\/"},"modified":"2025-04-18T09:52:02","modified_gmt":"2025-04-18T07:52:02","slug":"edelstein-ohrschmuck-square-facettiert-vergoldet","status":"publish","type":"product","link":"https:\/\/www.regionalis.shop\/ricardart\/shop\/edelstein-ohrschmuck-square-facettiert-vergoldet\/","title":{"rendered":"EDELSTEIN Ohrschmuck *SQUARE facettiert\/vergoldet"},"content":{"rendered":"<p>Kraftvoller Ohrschmuck mit facettierten Edelsteinen &#038; handgebogenem Edelstahldraht. Die Ohrhaken sind aus echtvergoldetem Edelstahl (nickelfrei\/wasserfest) &#038; sollten auch f\u00fcr sensible Ohren geeignet sein.<br \/>\nGesamtl\u00e4nge (ohne Ohrhaken): ~35mm<\/p>\n<p>*du bekommst dein Schmuckst\u00fcck h\u00fcbsch verpackt in einer handbedruckten Box aus recyceltem Altpapier, mit pers\u00f6nlichem Steckbrief beigelegt auf dem du die wichtigsten Infos zu deinem neuen Begleiter nachlesen kannst<\/p>\n<p>ROSENQUARZ \u00a0(Herzchakra\/An\u00e3hata)<br \/>\nSinnlichkeit ~ Liebe ~ Empathie ~ Beziehung ~ Vertrauen<br \/>\nDer Rosenquarz ist ein wunderbarer &#038; f\u00fcr mich sehr wertvoller Begleiter, der mir schon durch so manche Herzenskrise geholfen hat. Mit direktem Hautkontakt (am Besten in Herzn\u00e4he) ein idealer Stein um zu Meditieren &#038; das Herz ganz bewusst zu \u00f6ffnen &#8211; sowohl f\u00fcr dich,\u00a0 als auch f\u00fcr deine Mitmenschen  Mit verschlossenem Herzen verschlie\u00dfen sich auch die wunderbarsten Dinge des Lebens.\u00a0<br \/>\nSternzeichen: Stier<\/p>\n","protected":false},"excerpt":{"rendered":"<p>Kraftvoller Ohrschmuck mit facettierten Edelsteinen &#038; handgebogenem Edelstahldraht. Die Ohrhaken sind aus echtvergoldetem Edelstahl (nickelfrei\/wasserfest) &#038; sollten auch f\u00fcr sensible Ohren geeignet sein. Gesamtl\u00e4nge (ohne Ohrhaken): ~35mm *du bekommst dein Schmuckst\u00fcck h\u00fcbsch verpackt in einer handbedruckten Box aus recyceltem Altpapier, mit pers\u00f6nlichem Steckbrief beigelegt auf dem du die wichtigsten Infos zu deinem neuen Begleiter nachlesen &hellip; <a href=\"https:\/\/www.regionalis.shop\/ricardart\/shop\/edelstein-ohrschmuck-square-facettiert-vergoldet\/\">Continued<\/a><\/p>\n","protected":false},"featured_media":1245,"template":"","meta":{"_acf_changed":false},"product_brand":[],"product_cat":[163,70],"product_tag":[],"class_list":{"0":"post-1244","1":"product","2":"type-product","3":"status-publish","4":"has-post-thumbnail","6":"product_cat-ohrringe","7":"product_cat-schmuck","9":"first","10":"instock","11":"purchasable","12":"product-type-simple"},"acf":[],"_links":{"self":[{"href":"https:\/\/www.regionalis.shop\/ricardart\/wp-json\/wp\/v2\/product\/1244","targetHints":{"allow":["GET"]}}],"collection":[{"href":"https:\/\/www.regionalis.shop\/ricardart\/wp-json\/wp\/v2\/product"}],"about":[{"href":"https:\/\/www.regionalis.shop\/ricardart\/wp-json\/wp\/v2\/types\/product"}],"wp:featuredmedia":[{"embeddable":true,"href":"https:\/\/www.regionalis.shop\/ricardart\/wp-json\/wp\/v2\/media\/1245"}],"wp:attachment":[{"href":"https:\/\/www.regionalis.shop\/ricardart\/wp-json\/wp\/v2\/media?parent=1244"}],"wp:term":[{"taxonomy":"product_brand","embeddable":true,"href":"https:\/\/www.regionalis.shop\/ricardart\/wp-json\/wp\/v2\/product_brand?post=1244"},{"taxonomy":"product_cat","embeddable":true,"href":"https:\/\/www.regionalis.shop\/ricardart\/wp-json\/wp\/v2\/product_cat?post=1244"},{"taxonomy":"product_tag","embeddable":true,"href":"https:\/\/www.regionalis.shop\/ricardart\/wp-json\/wp\/v2\/product_tag?post=1244"}],"curies":[{"name":"wp","href":"https:\/\/api.w.org\/{rel}","templated":true}]}}