{"id":1249,"date":"2025-04-18T09:51:00","date_gmt":"2025-04-18T07:51:00","guid":{"rendered":"https:\/\/www.regionalis.shop\/ricardart\/product\/jaspis-granat-ohrringe-fimo-sunset\/"},"modified":"2025-04-18T09:51:00","modified_gmt":"2025-04-18T07:51:00","slug":"jaspis-granat-ohrringe-fimo-sunset","status":"publish","type":"product","link":"https:\/\/www.regionalis.shop\/ricardart\/shop\/jaspis-granat-ohrringe-fimo-sunset\/","title":{"rendered":"Jaspis-Granat Ohrringe *FIMO SUNSET*"},"content":{"rendered":"<p>Individueller Ohrschmuck mit handgefertigten Fimo-Anh\u00e4ngern in kr\u00e4ftigen rot-orange T\u00f6nen (jedes Paar ist einzigartig &#038; wird zu einem Unikat), best\u00fcckt mit nat\u00fcrlichen Edelsteinen (roter Jaspis &#038; Granat)<br \/>\nMessinghoops mit 40mm \u00e4u\u00dfererm Durchmesser.<br \/>\nDie Ohrstecker aus hochwertig vergoldetem Edelstahl sind nickelfrei &#038; sollten auch f\u00fcr sensible Ohren geeignet sein <\/p>\n<p>*du bekommst deine Ohrringe h\u00fcbsch verpackt in einer handbedruckten Box aus recyceltem Altpapier, mit pers\u00f6nlichem Steckbrief beigelegt auf dem du die wichtigsten Infos zu deinem neuen Begleiter nachlesen kannst<\/p>\n","protected":false},"excerpt":{"rendered":"<p>Individueller Ohrschmuck mit handgefertigten Fimo-Anh\u00e4ngern in kr\u00e4ftigen rot-orange T\u00f6nen (jedes Paar ist einzigartig &#038; wird zu einem Unikat), best\u00fcckt mit nat\u00fcrlichen Edelsteinen (roter Jaspis &#038; Granat) Messinghoops mit 40mm \u00e4u\u00dfererm Durchmesser. Die Ohrstecker aus hochwertig vergoldetem Edelstahl sind nickelfrei &#038; sollten auch f\u00fcr sensible Ohren geeignet sein *du bekommst deine Ohrringe h\u00fcbsch verpackt in einer &hellip; <a href=\"https:\/\/www.regionalis.shop\/ricardart\/shop\/jaspis-granat-ohrringe-fimo-sunset\/\">Continued<\/a><\/p>\n","protected":false},"featured_media":1250,"template":"","meta":{"_acf_changed":false},"product_brand":[],"product_cat":[163,70],"product_tag":[],"class_list":{"0":"post-1249","1":"product","2":"type-product","3":"status-publish","4":"has-post-thumbnail","6":"product_cat-ohrringe","7":"product_cat-schmuck","9":"first","10":"instock","11":"purchasable","12":"product-type-simple"},"acf":[],"_links":{"self":[{"href":"https:\/\/www.regionalis.shop\/ricardart\/wp-json\/wp\/v2\/product\/1249","targetHints":{"allow":["GET"]}}],"collection":[{"href":"https:\/\/www.regionalis.shop\/ricardart\/wp-json\/wp\/v2\/product"}],"about":[{"href":"https:\/\/www.regionalis.shop\/ricardart\/wp-json\/wp\/v2\/types\/product"}],"wp:featuredmedia":[{"embeddable":true,"href":"https:\/\/www.regionalis.shop\/ricardart\/wp-json\/wp\/v2\/media\/1250"}],"wp:attachment":[{"href":"https:\/\/www.regionalis.shop\/ricardart\/wp-json\/wp\/v2\/media?parent=1249"}],"wp:term":[{"taxonomy":"product_brand","embeddable":true,"href":"https:\/\/www.regionalis.shop\/ricardart\/wp-json\/wp\/v2\/product_brand?post=1249"},{"taxonomy":"product_cat","embeddable":true,"href":"https:\/\/www.regionalis.shop\/ricardart\/wp-json\/wp\/v2\/product_cat?post=1249"},{"taxonomy":"product_tag","embeddable":true,"href":"https:\/\/www.regionalis.shop\/ricardart\/wp-json\/wp\/v2\/product_tag?post=1249"}],"curies":[{"name":"wp","href":"https:\/\/api.w.org\/{rel}","templated":true}]}}