{"id":1254,"date":"2025-04-18T09:51:00","date_gmt":"2025-04-18T07:51:00","guid":{"rendered":"https:\/\/www.regionalis.shop\/ricardart\/product\/tigerauge-ohrschmuck-fimo-phoenix\/"},"modified":"2025-04-18T09:51:00","modified_gmt":"2025-04-18T07:51:00","slug":"tigerauge-ohrschmuck-fimo-phoenix","status":"publish","type":"product","link":"https:\/\/www.regionalis.shop\/ricardart\/shop\/tigerauge-ohrschmuck-fimo-phoenix\/","title":{"rendered":"Tigerauge Ohrschmuck *FIMO PHOENIX*"},"content":{"rendered":"<p>Individueller Ohrschmuck mit handgefertigten FIMO Applikationen in kr\u00e4ftigen Farbdesigns (jedes Paar wird aufgrund des individuellen Farbverlaufs zu einem Unikat). Best\u00fcckt mit nat\u00fcrlichem Tigerauge &#038; Messinghoops mit 40mm \u00e4u\u00dfererm Durchmesser. Die verwendeten Ohrstecker sind aus hochwertig vergoldetem Edelstahl &#038; nickelfrei.<\/p>\n<p>*du bekommst deine Ohrringe h\u00fcbsch verpackt in einer handbedruckten Box aus recyceltem Altpapier, mit pers\u00f6nlichem Steckbrief beigelegt auf dem du die wichtigsten Infos zu deinem neuen Begleiter nachlesen kannst<\/p>\n<p>TIGERAUGE\u00a0(Solarplexuschakra\/ Manip\u016bra)<br \/>\nMut ~ Durchblick ~ Optimismus\u00a0&#8211; Entschlossenheit-<br \/>\nDer &#8218;Entscheidungs-Stein&#8216; &#8211; Mit ihm f\u00e4llt es dir leichter klare Entscheidungen zu treffen. Das Tigerauge schafft &#8218;Ordnung im Chaos&#8216;. In un\u00fcberschaubaren Situationen und wenn du dir einmal unsicher bist, unterst\u00fctzt es dabei den Durchblick zu bewahren &#038; den Fokus zu sch\u00e4rfen. Als Talisman ein wunderbarer Wegbegleiter auf Reisen und unterwegs<\/p>\n","protected":false},"excerpt":{"rendered":"<p>Individueller Ohrschmuck mit handgefertigten FIMO Applikationen in kr\u00e4ftigen Farbdesigns (jedes Paar wird aufgrund des individuellen Farbverlaufs zu einem Unikat). Best\u00fcckt mit nat\u00fcrlichem Tigerauge &#038; Messinghoops mit 40mm \u00e4u\u00dfererm Durchmesser. Die verwendeten Ohrstecker sind aus hochwertig vergoldetem Edelstahl &#038; nickelfrei. *du bekommst deine Ohrringe h\u00fcbsch verpackt in einer handbedruckten Box aus recyceltem Altpapier, mit pers\u00f6nlichem Steckbrief &hellip; <a href=\"https:\/\/www.regionalis.shop\/ricardart\/shop\/tigerauge-ohrschmuck-fimo-phoenix\/\">Continued<\/a><\/p>\n","protected":false},"featured_media":1255,"template":"","meta":{"_acf_changed":false},"product_brand":[],"product_cat":[163,70],"product_tag":[],"class_list":{"0":"post-1254","1":"product","2":"type-product","3":"status-publish","4":"has-post-thumbnail","6":"product_cat-ohrringe","7":"product_cat-schmuck","9":"first","10":"instock","11":"purchasable","12":"product-type-simple"},"acf":[],"_links":{"self":[{"href":"https:\/\/www.regionalis.shop\/ricardart\/wp-json\/wp\/v2\/product\/1254","targetHints":{"allow":["GET"]}}],"collection":[{"href":"https:\/\/www.regionalis.shop\/ricardart\/wp-json\/wp\/v2\/product"}],"about":[{"href":"https:\/\/www.regionalis.shop\/ricardart\/wp-json\/wp\/v2\/types\/product"}],"wp:featuredmedia":[{"embeddable":true,"href":"https:\/\/www.regionalis.shop\/ricardart\/wp-json\/wp\/v2\/media\/1255"}],"wp:attachment":[{"href":"https:\/\/www.regionalis.shop\/ricardart\/wp-json\/wp\/v2\/media?parent=1254"}],"wp:term":[{"taxonomy":"product_brand","embeddable":true,"href":"https:\/\/www.regionalis.shop\/ricardart\/wp-json\/wp\/v2\/product_brand?post=1254"},{"taxonomy":"product_cat","embeddable":true,"href":"https:\/\/www.regionalis.shop\/ricardart\/wp-json\/wp\/v2\/product_cat?post=1254"},{"taxonomy":"product_tag","embeddable":true,"href":"https:\/\/www.regionalis.shop\/ricardart\/wp-json\/wp\/v2\/product_tag?post=1254"}],"curies":[{"name":"wp","href":"https:\/\/api.w.org\/{rel}","templated":true}]}}