{"id":1259,"date":"2025-04-18T09:49:47","date_gmt":"2025-04-18T07:49:47","guid":{"rendered":"https:\/\/www.regionalis.shop\/ricardart\/product\/doppelarmband-suesswasserperle-10mm-18kvergoldet\/"},"modified":"2025-04-18T09:49:47","modified_gmt":"2025-04-18T07:49:47","slug":"doppelarmband-suesswasserperle-10mm-18kvergoldet","status":"publish","type":"product","link":"https:\/\/www.regionalis.shop\/ricardart\/shop\/doppelarmband-suesswasserperle-10mm-18kvergoldet\/","title":{"rendered":"Doppelarmband *S\u00dc\u00dfWASSERPERLE 10mm* 18kvergoldet"},"content":{"rendered":"<p>Elegante, doppelreihige Perlenarmb\u00e4nder mit nat\u00fcrlicher S\u00fc\u00dfwasserperle, 10mm Verbindungsst\u00fcck aus 18k vergoldetem Kupfer &#038; vergoldeten H\u00e4matit-&#038; Kupferperlen. Das verwendete Makrameegarn ist gewachst, sehr strapazierf\u00e4hig &#038; wasserabweisend. Dank l\u00e4ngenverstellbarem Schiebeverschluss l\u00e4sst sich dein Armband individuell in der Gr\u00f6\u00dfe anpassen.<br \/>\n(wasserfest &#038; nickelfrei)<\/p>\n<p>*Du bekommst dein Schmuckst\u00fcck h\u00fcbsch verpackt &#038; mit pers\u00f6nlichem Steckbrief beigelegt auf dem du  die wichtigsten Infos zu deinem neuen Begleiter nachlesen kannst<\/p>\n","protected":false},"excerpt":{"rendered":"<p>Elegante, doppelreihige Perlenarmb\u00e4nder mit nat\u00fcrlicher S\u00fc\u00dfwasserperle, 10mm Verbindungsst\u00fcck aus 18k vergoldetem Kupfer &#038; vergoldeten H\u00e4matit-&#038; Kupferperlen. Das verwendete Makrameegarn ist gewachst, sehr strapazierf\u00e4hig &#038; wasserabweisend. Dank l\u00e4ngenverstellbarem Schiebeverschluss l\u00e4sst sich dein Armband individuell in der Gr\u00f6\u00dfe anpassen. (wasserfest &#038; nickelfrei) *Du bekommst dein Schmuckst\u00fcck h\u00fcbsch verpackt &#038; mit pers\u00f6nlichem Steckbrief beigelegt auf dem du die &hellip; <a href=\"https:\/\/www.regionalis.shop\/ricardart\/shop\/doppelarmband-suesswasserperle-10mm-18kvergoldet\/\">Continued<\/a><\/p>\n","protected":false},"featured_media":1260,"template":"","meta":{"_acf_changed":false},"product_brand":[],"product_cat":[110,70],"product_tag":[],"class_list":{"0":"post-1259","1":"product","2":"type-product","3":"status-publish","4":"has-post-thumbnail","6":"product_cat-armbaender","7":"product_cat-schmuck","9":"first","10":"instock","11":"purchasable","12":"product-type-simple"},"acf":[],"_links":{"self":[{"href":"https:\/\/www.regionalis.shop\/ricardart\/wp-json\/wp\/v2\/product\/1259","targetHints":{"allow":["GET"]}}],"collection":[{"href":"https:\/\/www.regionalis.shop\/ricardart\/wp-json\/wp\/v2\/product"}],"about":[{"href":"https:\/\/www.regionalis.shop\/ricardart\/wp-json\/wp\/v2\/types\/product"}],"wp:featuredmedia":[{"embeddable":true,"href":"https:\/\/www.regionalis.shop\/ricardart\/wp-json\/wp\/v2\/media\/1260"}],"wp:attachment":[{"href":"https:\/\/www.regionalis.shop\/ricardart\/wp-json\/wp\/v2\/media?parent=1259"}],"wp:term":[{"taxonomy":"product_brand","embeddable":true,"href":"https:\/\/www.regionalis.shop\/ricardart\/wp-json\/wp\/v2\/product_brand?post=1259"},{"taxonomy":"product_cat","embeddable":true,"href":"https:\/\/www.regionalis.shop\/ricardart\/wp-json\/wp\/v2\/product_cat?post=1259"},{"taxonomy":"product_tag","embeddable":true,"href":"https:\/\/www.regionalis.shop\/ricardart\/wp-json\/wp\/v2\/product_tag?post=1259"}],"curies":[{"name":"wp","href":"https:\/\/api.w.org\/{rel}","templated":true}]}}