{"id":1264,"date":"2025-04-18T09:46:24","date_gmt":"2025-04-18T07:46:24","guid":{"rendered":"https:\/\/www.regionalis.shop\/ricardart\/product\/malachit-ohrringe-mandalablume-gold\/"},"modified":"2025-04-18T09:46:24","modified_gmt":"2025-04-18T07:46:24","slug":"malachit-ohrringe-mandalablume-gold","status":"publish","type":"product","link":"https:\/\/www.regionalis.shop\/ricardart\/shop\/malachit-ohrringe-mandalablume-gold\/","title":{"rendered":"MALACHIT Ohrringe *MANDALABLUME gold"},"content":{"rendered":"<p>Zarter Ohrschmuck mit nickelfreien Ohrhaken aus hochwertig vergoldetem Edelstahl, nat\u00fcrlichem Malachit &#038; 14mm Mandala aus vergoldetem Messing.<br \/>\nGesamtl\u00e4nge (ohne Ohrhaken): ~30mm<\/p>\n<p>*du bekommst deine Sch\u00e4tze h\u00fcbsch verpackt in einer handbedruckten Box aus recyceltem Altpapier, mit pers\u00f6nlichem Steckbrief beigelegt auf dem du die wichtigsten Infos zu deinem neuen Begleiter nachlesen kannst <\/p>\n<p>MALACHIT\u00a0(Herzchakra\/An\u00e3hata)<br \/>\nLebensfreude ~ Energie ~ enorm positive physische Wirkung ~<br \/>\n&#8218;Hebammenstein&#8216;<br \/>\nDie einzigartige &#038; wundersch\u00f6ne Farbstruktur des Malachits geh\u00f6rt f\u00fcr mich definitiv zu den sch\u00f6nsten Ph\u00e4nomenen in der Welt der Mineralien \u00a0<br \/>\nWas den Malachit auch ganz besonders und einzigartig macht ist seine unglaubliche &#038; breit gef\u00e4cherte Wirkung auf unseren physischen K\u00f6rper.\u00a0Die Frequenz des Malachits ist, anders als bei seinen &#8218;Geschwistersteinen&#8216; besonders auf unseren K\u00f6rper ausgerichtet\u00a0<br \/>\nAls &#8218;Hebammenstein&#8216; bekannt unterst\u00fctzt &#038; begleitet er nicht nur liebevoll werdende Mamas, auch neue Erdenb\u00fcrger beginnen ihr Dasein wohlbeh\u00fctet mit der sch\u00fctzenden Kraft des Malachits \u00a0<\/p>\n","protected":false},"excerpt":{"rendered":"<p>Zarter Ohrschmuck mit nickelfreien Ohrhaken aus hochwertig vergoldetem Edelstahl, nat\u00fcrlichem Malachit &#038; 14mm Mandala aus vergoldetem Messing. Gesamtl\u00e4nge (ohne Ohrhaken): ~30mm *du bekommst deine Sch\u00e4tze h\u00fcbsch verpackt in einer handbedruckten Box aus recyceltem Altpapier, mit pers\u00f6nlichem Steckbrief beigelegt auf dem du die wichtigsten Infos zu deinem neuen Begleiter nachlesen kannst MALACHIT\u00a0(Herzchakra\/An\u00e3hata) Lebensfreude ~ Energie ~ &hellip; <a href=\"https:\/\/www.regionalis.shop\/ricardart\/shop\/malachit-ohrringe-mandalablume-gold\/\">Continued<\/a><\/p>\n","protected":false},"featured_media":1265,"template":"","meta":{"_acf_changed":false},"product_brand":[],"product_cat":[163,70],"product_tag":[],"class_list":{"0":"post-1264","1":"product","2":"type-product","3":"status-publish","4":"has-post-thumbnail","6":"product_cat-ohrringe","7":"product_cat-schmuck","9":"first","10":"instock","11":"purchasable","12":"product-type-simple"},"acf":[],"_links":{"self":[{"href":"https:\/\/www.regionalis.shop\/ricardart\/wp-json\/wp\/v2\/product\/1264","targetHints":{"allow":["GET"]}}],"collection":[{"href":"https:\/\/www.regionalis.shop\/ricardart\/wp-json\/wp\/v2\/product"}],"about":[{"href":"https:\/\/www.regionalis.shop\/ricardart\/wp-json\/wp\/v2\/types\/product"}],"wp:featuredmedia":[{"embeddable":true,"href":"https:\/\/www.regionalis.shop\/ricardart\/wp-json\/wp\/v2\/media\/1265"}],"wp:attachment":[{"href":"https:\/\/www.regionalis.shop\/ricardart\/wp-json\/wp\/v2\/media?parent=1264"}],"wp:term":[{"taxonomy":"product_brand","embeddable":true,"href":"https:\/\/www.regionalis.shop\/ricardart\/wp-json\/wp\/v2\/product_brand?post=1264"},{"taxonomy":"product_cat","embeddable":true,"href":"https:\/\/www.regionalis.shop\/ricardart\/wp-json\/wp\/v2\/product_cat?post=1264"},{"taxonomy":"product_tag","embeddable":true,"href":"https:\/\/www.regionalis.shop\/ricardart\/wp-json\/wp\/v2\/product_tag?post=1264"}],"curies":[{"name":"wp","href":"https:\/\/api.w.org\/{rel}","templated":true}]}}