{"id":1274,"date":"2025-04-18T09:46:24","date_gmt":"2025-04-18T07:46:24","guid":{"rendered":"https:\/\/www.regionalis.shop\/ricardart\/product\/rubinzoisit-ohrringe-sunshine-gold\/"},"modified":"2025-04-18T09:46:24","modified_gmt":"2025-04-18T07:46:24","slug":"rubinzoisit-ohrringe-sunshine-gold","status":"publish","type":"product","link":"https:\/\/www.regionalis.shop\/ricardart\/shop\/rubinzoisit-ohrringe-sunshine-gold\/","title":{"rendered":"RUBINZOISIT Ohrringe *SUNSHINE gold"},"content":{"rendered":"<p>Edelstein Ohrschmuck mit nickelfreien Ohrhaken aus hochwertig vergoldetem Edelstahl, nat\u00fcrlichem Rubinzoisit in 6mm Perlenform. Lapislazuli in unregelm\u00e4\u00dfigerSplitterform &#038; Verbindungsst\u00fcck aus Messing.<br \/>\nGesamtl\u00e4nge (ohne Ohrhaken): ~30mm<\/p>\n<p>*du bekommst deine Sch\u00e4tze h\u00fcbsch verpackt in einer handbedruckten Box aus recyceltem Altpapier, mit pers\u00f6nlichem Steckbrief beigelegt auf dem du die wichtigsten Infos zu deinem neuen Begleiter nachlesen kannst <\/p>\n<p>RUBINZOISIT (Herz-&#038; Sakralchakra)<br \/>\nFruchtbarkeit ~ Sexualit\u00e4t ~ Kreativit\u00e4t ~Spontanit\u00e4t<br \/>\nStein f\u00fcr Herz-&#038; Blutkreislauf<br \/>\nDer Rubinzoisit ist, als *Stein f\u00fcr Fruchtbarkeit* ein wunderbarer Begleiter in Beziehung &#038; Partnerschaft, insbesondere mlt Kinderwunsch  Au\u00dferdem f\u00f6rdert er deinen Sinn f\u00fcr Lust &#038; Sexualit\u00e4t und begleitet dich dabei, diese zu erkunden &#038; zu erleben<\/p>\n","protected":false},"excerpt":{"rendered":"<p>Edelstein Ohrschmuck mit nickelfreien Ohrhaken aus hochwertig vergoldetem Edelstahl, nat\u00fcrlichem Rubinzoisit in 6mm Perlenform. Lapislazuli in unregelm\u00e4\u00dfigerSplitterform &#038; Verbindungsst\u00fcck aus Messing. Gesamtl\u00e4nge (ohne Ohrhaken): ~30mm *du bekommst deine Sch\u00e4tze h\u00fcbsch verpackt in einer handbedruckten Box aus recyceltem Altpapier, mit pers\u00f6nlichem Steckbrief beigelegt auf dem du die wichtigsten Infos zu deinem neuen Begleiter nachlesen kannst RUBINZOISIT &hellip; <a href=\"https:\/\/www.regionalis.shop\/ricardart\/shop\/rubinzoisit-ohrringe-sunshine-gold\/\">Continued<\/a><\/p>\n","protected":false},"featured_media":1275,"template":"","meta":{"_acf_changed":false},"product_brand":[],"product_cat":[163,70],"product_tag":[],"class_list":{"0":"post-1274","1":"product","2":"type-product","3":"status-publish","4":"has-post-thumbnail","6":"product_cat-ohrringe","7":"product_cat-schmuck","9":"first","10":"instock","11":"purchasable","12":"product-type-simple"},"acf":[],"_links":{"self":[{"href":"https:\/\/www.regionalis.shop\/ricardart\/wp-json\/wp\/v2\/product\/1274","targetHints":{"allow":["GET"]}}],"collection":[{"href":"https:\/\/www.regionalis.shop\/ricardart\/wp-json\/wp\/v2\/product"}],"about":[{"href":"https:\/\/www.regionalis.shop\/ricardart\/wp-json\/wp\/v2\/types\/product"}],"wp:featuredmedia":[{"embeddable":true,"href":"https:\/\/www.regionalis.shop\/ricardart\/wp-json\/wp\/v2\/media\/1275"}],"wp:attachment":[{"href":"https:\/\/www.regionalis.shop\/ricardart\/wp-json\/wp\/v2\/media?parent=1274"}],"wp:term":[{"taxonomy":"product_brand","embeddable":true,"href":"https:\/\/www.regionalis.shop\/ricardart\/wp-json\/wp\/v2\/product_brand?post=1274"},{"taxonomy":"product_cat","embeddable":true,"href":"https:\/\/www.regionalis.shop\/ricardart\/wp-json\/wp\/v2\/product_cat?post=1274"},{"taxonomy":"product_tag","embeddable":true,"href":"https:\/\/www.regionalis.shop\/ricardart\/wp-json\/wp\/v2\/product_tag?post=1274"}],"curies":[{"name":"wp","href":"https:\/\/api.w.org\/{rel}","templated":true}]}}