{"id":1287,"date":"2025-04-18T09:44:33","date_gmt":"2025-04-18T07:44:33","guid":{"rendered":"https:\/\/www.regionalis.shop\/ricardart\/product\/bergkristall-turmalin-creolen-20mm-edelstahl-vergoldet\/"},"modified":"2025-04-18T09:44:33","modified_gmt":"2025-04-18T07:44:33","slug":"bergkristall-turmalin-creolen-20mm-edelstahl-vergoldet","status":"publish","type":"product","link":"https:\/\/www.regionalis.shop\/ricardart\/shop\/bergkristall-turmalin-creolen-20mm-edelstahl-vergoldet\/","title":{"rendered":"Bergkristall\/Turmalin Creolen 20mm *Edelstahl vergoldet"},"content":{"rendered":"<p>Dezente Edelsteincreolen aus hochwertig vergoldetem Edelstahl (nickelfrei &#038; wassertauglich) mit nat\u00fcrlichem Turmalin oder Bergkristall in unregelm\u00e4\u00dfiger Splitterform (jedes St\u00fcck wird so zu einem Unikat)<br \/>\nDurchmesser: ~ 25mm<\/p>\n<p>*du bekommst deine Ohrringe h\u00fcbsch verpackt in einer handbedruckten Box aus recyceltem Altpapier, mit pers\u00f6nlichem Steckbrief beigelegt auf dem du die wichtigsten Infos zu deinem neuen Begleiter nachlesen kannst<\/p>\n","protected":false},"excerpt":{"rendered":"<p>Dezente Edelsteincreolen aus hochwertig vergoldetem Edelstahl (nickelfrei &#038; wassertauglich) mit nat\u00fcrlichem Turmalin oder Bergkristall in unregelm\u00e4\u00dfiger Splitterform (jedes St\u00fcck wird so zu einem Unikat) Durchmesser: ~ 25mm *du bekommst deine Ohrringe h\u00fcbsch verpackt in einer handbedruckten Box aus recyceltem Altpapier, mit pers\u00f6nlichem Steckbrief beigelegt auf dem du die wichtigsten Infos zu deinem neuen Begleiter nachlesen &hellip; <a href=\"https:\/\/www.regionalis.shop\/ricardart\/shop\/bergkristall-turmalin-creolen-20mm-edelstahl-vergoldet\/\">Continued<\/a><\/p>\n","protected":false},"featured_media":1288,"template":"","meta":{"_acf_changed":false},"product_brand":[],"product_cat":[163,70],"product_tag":[],"class_list":{"0":"post-1287","1":"product","2":"type-product","3":"status-publish","4":"has-post-thumbnail","6":"product_cat-ohrringe","7":"product_cat-schmuck","9":"first","10":"instock","11":"purchasable","12":"product-type-simple"},"acf":[],"_links":{"self":[{"href":"https:\/\/www.regionalis.shop\/ricardart\/wp-json\/wp\/v2\/product\/1287","targetHints":{"allow":["GET"]}}],"collection":[{"href":"https:\/\/www.regionalis.shop\/ricardart\/wp-json\/wp\/v2\/product"}],"about":[{"href":"https:\/\/www.regionalis.shop\/ricardart\/wp-json\/wp\/v2\/types\/product"}],"wp:featuredmedia":[{"embeddable":true,"href":"https:\/\/www.regionalis.shop\/ricardart\/wp-json\/wp\/v2\/media\/1288"}],"wp:attachment":[{"href":"https:\/\/www.regionalis.shop\/ricardart\/wp-json\/wp\/v2\/media?parent=1287"}],"wp:term":[{"taxonomy":"product_brand","embeddable":true,"href":"https:\/\/www.regionalis.shop\/ricardart\/wp-json\/wp\/v2\/product_brand?post=1287"},{"taxonomy":"product_cat","embeddable":true,"href":"https:\/\/www.regionalis.shop\/ricardart\/wp-json\/wp\/v2\/product_cat?post=1287"},{"taxonomy":"product_tag","embeddable":true,"href":"https:\/\/www.regionalis.shop\/ricardart\/wp-json\/wp\/v2\/product_tag?post=1287"}],"curies":[{"name":"wp","href":"https:\/\/api.w.org\/{rel}","templated":true}]}}