{"id":1306,"date":"2025-04-18T09:44:33","date_gmt":"2025-04-18T07:44:33","guid":{"rendered":"https:\/\/www.regionalis.shop\/ricardart\/product\/doppelarmband-circle-rubinzoisit-18k-vergoldet\/"},"modified":"2025-04-18T09:44:33","modified_gmt":"2025-04-18T07:44:33","slug":"doppelarmband-circle-rubinzoisit-18k-vergoldet","status":"publish","type":"product","link":"https:\/\/www.regionalis.shop\/ricardart\/shop\/doppelarmband-circle-rubinzoisit-18k-vergoldet\/","title":{"rendered":"Doppelarmband *CIRCLE RUBINZOISIT 18k vergoldet"},"content":{"rendered":"<p>Doppelreihiges Armband, von Hand gefertigt aus gewachstem Makrameegarn (wasserfest &#038; strapazierf\u00e4hig), mit nat\u00fcrlichem Rubinzoisit (6mm), vergoldeten H\u00e4matitperlen &#038; 18k vergoldetem Edelstahlverbinder mit 12mm Durchmesser (nickelfrei &#038; wasserfest)<br \/>\nDank l\u00e4ngenverstellbarem Schiebeverschluss l\u00e4sst sich das Armband individuell in der Gr\u00f6\u00dfe anpassen.<\/p>\n<p>*du bekommst dein Armband h\u00fcbsch verpackt &#038; mit pers\u00f6nlichem Steckbrief beigelegt auf dem du die wichtigsten Infos zu deinem neuen Begleiter nachlesen kannst<\/p>\n<p>RUBINZOISIT (Herz-&#038; Sakralchakra)<br \/>\nFruchtbarkeit ~ Sexualit\u00e4t ~ Kreativit\u00e4t ~Spontanit\u00e4t<br \/>\nStein f\u00fcr Herz-&#038; Blutkreislauf<br \/>\nDer Rubinzoisit ist, als *Stein f\u00fcr Fruchtbarkeit* ein wunderbarer Begleiter in Beziehung &#038; Partnerschaft, insbesondere mlt Kinderwunsch  Au\u00dferdem f\u00f6rdert er deinen Sinn f\u00fcr Lust &#038; Sexualit\u00e4t und begleitet dich dabei, diese zu erkunden &#038; zu erleben<\/p>\n","protected":false},"excerpt":{"rendered":"<p>Doppelreihiges Armband, von Hand gefertigt aus gewachstem Makrameegarn (wasserfest &#038; strapazierf\u00e4hig), mit nat\u00fcrlichem Rubinzoisit (6mm), vergoldeten H\u00e4matitperlen &#038; 18k vergoldetem Edelstahlverbinder mit 12mm Durchmesser (nickelfrei &#038; wasserfest) Dank l\u00e4ngenverstellbarem Schiebeverschluss l\u00e4sst sich das Armband individuell in der Gr\u00f6\u00dfe anpassen. *du bekommst dein Armband h\u00fcbsch verpackt &#038; mit pers\u00f6nlichem Steckbrief beigelegt auf dem du die wichtigsten &hellip; <a href=\"https:\/\/www.regionalis.shop\/ricardart\/shop\/doppelarmband-circle-rubinzoisit-18k-vergoldet\/\">Continued<\/a><\/p>\n","protected":false},"featured_media":1307,"template":"","meta":{"_acf_changed":false},"product_brand":[],"product_cat":[110,70],"product_tag":[],"class_list":{"0":"post-1306","1":"product","2":"type-product","3":"status-publish","4":"has-post-thumbnail","6":"product_cat-armbaender","7":"product_cat-schmuck","9":"first","10":"instock","11":"purchasable","12":"product-type-simple"},"acf":[],"_links":{"self":[{"href":"https:\/\/www.regionalis.shop\/ricardart\/wp-json\/wp\/v2\/product\/1306","targetHints":{"allow":["GET"]}}],"collection":[{"href":"https:\/\/www.regionalis.shop\/ricardart\/wp-json\/wp\/v2\/product"}],"about":[{"href":"https:\/\/www.regionalis.shop\/ricardart\/wp-json\/wp\/v2\/types\/product"}],"wp:featuredmedia":[{"embeddable":true,"href":"https:\/\/www.regionalis.shop\/ricardart\/wp-json\/wp\/v2\/media\/1307"}],"wp:attachment":[{"href":"https:\/\/www.regionalis.shop\/ricardart\/wp-json\/wp\/v2\/media?parent=1306"}],"wp:term":[{"taxonomy":"product_brand","embeddable":true,"href":"https:\/\/www.regionalis.shop\/ricardart\/wp-json\/wp\/v2\/product_brand?post=1306"},{"taxonomy":"product_cat","embeddable":true,"href":"https:\/\/www.regionalis.shop\/ricardart\/wp-json\/wp\/v2\/product_cat?post=1306"},{"taxonomy":"product_tag","embeddable":true,"href":"https:\/\/www.regionalis.shop\/ricardart\/wp-json\/wp\/v2\/product_tag?post=1306"}],"curies":[{"name":"wp","href":"https:\/\/api.w.org\/{rel}","templated":true}]}}