{"id":1326,"date":"2025-04-18T09:40:02","date_gmt":"2025-04-18T07:40:02","guid":{"rendered":"https:\/\/www.regionalis.shop\/ricardart\/product\/make-a-wish-geburtssteinarmband-maerz-aquamarin\/"},"modified":"2025-04-18T09:40:02","modified_gmt":"2025-04-18T07:40:02","slug":"make-a-wish-geburtssteinarmband-maerz-aquamarin","status":"publish","type":"product","link":"https:\/\/www.regionalis.shop\/ricardart\/shop\/make-a-wish-geburtssteinarmband-maerz-aquamarin\/","title":{"rendered":"*MAKE A WISH* Geburtssteinarmband M\u00c4RZ\/AQUAMARIN"},"content":{"rendered":"<p>Dein GeburtssteinArmband soll dich darin best\u00e4rken, deinen Tr\u00e4umen, W\u00fcnschen &#038; Zielen n\u00e4her zu kommen.<br \/>\n*Denke daf\u00fcr beim Anlegen des Armbands ganz fest an deinen Wunsch\/ dein Ziel  &#8211; wenn es von alleine abf\u00e4llt, so sagt man, solltest du deinem Ziel schon etwas n\u00e4her sein\/es erreicht haben <\/p>\n<p>&#8222;put the bracelet arround your wrist, close your eyes and make a wish&#8220;<\/p>\n<p>Eine nette M\u00f6glichkeit um seine Ziele &#038; Tr\u00e4ume zu visualisieren &#038; zu manifestieren<\/p>\n<p>Material: gewachstes Makrameegarn (strapazierf\u00e4hig &#038; wasserabweisend), facettierte Aquamarinperle mit ca. 4mm Durchmesser, l\u00e4ngenverstellbarer Schiebeverschluss zum individuellen Anpassen.<br \/>\nDu bekommst dein Armband h\u00fcbsch verpackt &#038; mit pers\u00f6nlichem Steckbrief beigelegt auf dem du die wichtigsten Infos zu deinem neuen Begleiter nachlesen kannst.<\/p>\n<p>AQUAMARIN (Halschakra\/Vi\u015buddha)<br \/>\nEmpathie &#8211; Harmonie &#8211; Leichtigkeit &#8211; Heiterkeit- innere Ruhe<br \/>\nAquamarin bedeutet \u00fcbersetzt soviel wie &#8222;Meereswasser&#8220;.  (Seefahrer trugen ihn fr\u00fcher als Schutzstein &#8211; zB gegen Seekrankheit) Der Aquamarin symbolisiert Leichtigkeit, Heiterkeit &#038; Frieden und wird auch gerne als Meditationsstein verwendet (mit direktem Hautkontakt)<br \/>\nAuch auf unsere Augen &#038; unsere Seekraft soll er eine positive Wirkung haben. Geburtsstein: M\u00e4rz<\/p>\n","protected":false},"excerpt":{"rendered":"<p>Dein GeburtssteinArmband soll dich darin best\u00e4rken, deinen Tr\u00e4umen, W\u00fcnschen &#038; Zielen n\u00e4her zu kommen. *Denke daf\u00fcr beim Anlegen des Armbands ganz fest an deinen Wunsch\/ dein Ziel &#8211; wenn es von alleine abf\u00e4llt, so sagt man, solltest du deinem Ziel schon etwas n\u00e4her sein\/es erreicht haben &#8222;put the bracelet arround your wrist, close your eyes &hellip; <a href=\"https:\/\/www.regionalis.shop\/ricardart\/shop\/make-a-wish-geburtssteinarmband-maerz-aquamarin\/\">Continued<\/a><\/p>\n","protected":false},"featured_media":1327,"template":"","meta":{"_acf_changed":false},"product_brand":[],"product_cat":[110,70],"product_tag":[],"class_list":{"0":"post-1326","1":"product","2":"type-product","3":"status-publish","4":"has-post-thumbnail","6":"product_cat-armbaender","7":"product_cat-schmuck","9":"first","10":"instock","11":"purchasable","12":"product-type-simple"},"acf":[],"_links":{"self":[{"href":"https:\/\/www.regionalis.shop\/ricardart\/wp-json\/wp\/v2\/product\/1326","targetHints":{"allow":["GET"]}}],"collection":[{"href":"https:\/\/www.regionalis.shop\/ricardart\/wp-json\/wp\/v2\/product"}],"about":[{"href":"https:\/\/www.regionalis.shop\/ricardart\/wp-json\/wp\/v2\/types\/product"}],"wp:featuredmedia":[{"embeddable":true,"href":"https:\/\/www.regionalis.shop\/ricardart\/wp-json\/wp\/v2\/media\/1327"}],"wp:attachment":[{"href":"https:\/\/www.regionalis.shop\/ricardart\/wp-json\/wp\/v2\/media?parent=1326"}],"wp:term":[{"taxonomy":"product_brand","embeddable":true,"href":"https:\/\/www.regionalis.shop\/ricardart\/wp-json\/wp\/v2\/product_brand?post=1326"},{"taxonomy":"product_cat","embeddable":true,"href":"https:\/\/www.regionalis.shop\/ricardart\/wp-json\/wp\/v2\/product_cat?post=1326"},{"taxonomy":"product_tag","embeddable":true,"href":"https:\/\/www.regionalis.shop\/ricardart\/wp-json\/wp\/v2\/product_tag?post=1326"}],"curies":[{"name":"wp","href":"https:\/\/api.w.org\/{rel}","templated":true}]}}