{"id":1330,"date":"2025-04-18T09:40:02","date_gmt":"2025-04-18T07:40:02","guid":{"rendered":"https:\/\/www.regionalis.shop\/ricardart\/product\/make-a-wish-geburtssteinarmband-april-bergkristall\/"},"modified":"2025-04-18T09:40:02","modified_gmt":"2025-04-18T07:40:02","slug":"make-a-wish-geburtssteinarmband-april-bergkristall","status":"publish","type":"product","link":"https:\/\/www.regionalis.shop\/ricardart\/shop\/make-a-wish-geburtssteinarmband-april-bergkristall\/","title":{"rendered":"*MAKE A WISH* Geburtssteinarmband APRIL\/BERGKRISTALL"},"content":{"rendered":"<p>Dein Geburtsstein soll dich in deinen Tr\u00e4umen, W\u00fcnschen &#038; Zielen best\u00e4rken &#038; sie in Form eines zarten Armbands manifestieren.<br \/>\nDenke daf\u00fcr beim Anlegen ganz fest an deinen Wunsch\/ dein Ziel  &#8211; wenn es von alleine abf\u00e4llt, so sagt man, solltest du deinem Ziel schon etwas n\u00e4her sein\/es erreicht haben <\/p>\n<p>&#8222;put the bracelet arround your wrist, close your eyes and make a wish&#8220;<\/p>\n<p>Material: gewachstes Makrameegarn (strapazierf\u00e4hig &#038; wasserabweisend), geschliffene Bergkristallperle mit ca. 4mm Durchmesser, l\u00e4ngenverstellbarer Schiebeverschluss zum individuellen Anpassen.<br \/>\nDu bekommst dein Armband h\u00fcbsch verpackt &#038; mit pers\u00f6nlichem Steckbrief beigelegt auf dem du die wichtigsten Infos zu deinem neuen Begleiter nachlesen kannst.<\/p>\n<p>BERGKRISTALL \u00a0(Kronenchakra\/Sahasr\u00e3ra)<br \/>\nKlarheit ~ Intuition ~ Geisteskraft ~ Erkenntnis  ~ Konzentration<br \/>\nDer Bergkristall geh\u00f6rt zu den Quarzen &#038; ist einer der wichtigsten &#038; st\u00e4rksten Heilsteine \u00fcberhaupt. Er verhilft uns zu innerer Klarheit &#038; geistiger Reife und ist uns ein wertvoller Begleiter am Weg zu sich Selbst. Er wird au\u00dferdem zur Aufladung anderer Edelsteine verwendet &#038; sollte auch selbst regelm\u00e4\u00dfig gereinigt\/ ge-\/entladen werden.<br \/>\nGeburtsstein: April<\/p>\n","protected":false},"excerpt":{"rendered":"<p>Dein Geburtsstein soll dich in deinen Tr\u00e4umen, W\u00fcnschen &#038; Zielen best\u00e4rken &#038; sie in Form eines zarten Armbands manifestieren. Denke daf\u00fcr beim Anlegen ganz fest an deinen Wunsch\/ dein Ziel &#8211; wenn es von alleine abf\u00e4llt, so sagt man, solltest du deinem Ziel schon etwas n\u00e4her sein\/es erreicht haben &#8222;put the bracelet arround your wrist, &hellip; <a href=\"https:\/\/www.regionalis.shop\/ricardart\/shop\/make-a-wish-geburtssteinarmband-april-bergkristall\/\">Continued<\/a><\/p>\n","protected":false},"featured_media":1331,"template":"","meta":{"_acf_changed":false},"product_brand":[],"product_cat":[110,70],"product_tag":[],"class_list":{"0":"post-1330","1":"product","2":"type-product","3":"status-publish","4":"has-post-thumbnail","6":"product_cat-armbaender","7":"product_cat-schmuck","9":"first","10":"instock","11":"purchasable","12":"product-type-simple"},"acf":[],"_links":{"self":[{"href":"https:\/\/www.regionalis.shop\/ricardart\/wp-json\/wp\/v2\/product\/1330","targetHints":{"allow":["GET"]}}],"collection":[{"href":"https:\/\/www.regionalis.shop\/ricardart\/wp-json\/wp\/v2\/product"}],"about":[{"href":"https:\/\/www.regionalis.shop\/ricardart\/wp-json\/wp\/v2\/types\/product"}],"wp:featuredmedia":[{"embeddable":true,"href":"https:\/\/www.regionalis.shop\/ricardart\/wp-json\/wp\/v2\/media\/1331"}],"wp:attachment":[{"href":"https:\/\/www.regionalis.shop\/ricardart\/wp-json\/wp\/v2\/media?parent=1330"}],"wp:term":[{"taxonomy":"product_brand","embeddable":true,"href":"https:\/\/www.regionalis.shop\/ricardart\/wp-json\/wp\/v2\/product_brand?post=1330"},{"taxonomy":"product_cat","embeddable":true,"href":"https:\/\/www.regionalis.shop\/ricardart\/wp-json\/wp\/v2\/product_cat?post=1330"},{"taxonomy":"product_tag","embeddable":true,"href":"https:\/\/www.regionalis.shop\/ricardart\/wp-json\/wp\/v2\/product_tag?post=1330"}],"curies":[{"name":"wp","href":"https:\/\/api.w.org\/{rel}","templated":true}]}}