{"id":1334,"date":"2025-04-18T09:39:29","date_gmt":"2025-04-18T07:39:29","guid":{"rendered":"https:\/\/www.regionalis.shop\/ricardart\/product\/amethyst-erdbeerquarz-ohrringe-fimo-candy\/"},"modified":"2025-04-18T09:39:29","modified_gmt":"2025-04-18T07:39:29","slug":"amethyst-erdbeerquarz-ohrringe-fimo-candy","status":"publish","type":"product","link":"https:\/\/www.regionalis.shop\/ricardart\/shop\/amethyst-erdbeerquarz-ohrringe-fimo-candy\/","title":{"rendered":"Amethyst-Erdbeerquarz Ohrringe *FIMO CANDY*"},"content":{"rendered":"<p>Individueller Ohrschmuck mit handgefertigten Fimo-Anh\u00e4ngern in pastelligen Lilat\u00f6nen (jedes Paar ist einzigartig &#038; wird zu einem Unikat)<br \/>\nMessinghoops mit 40mm \u00e4u\u00dfererm Durchmesser best\u00fcckt mit 6mm Amethystperle &#038; kleinen Erdbeerquarzsplittern.<br \/>\nDie Ohrhaken aus hochwertig vergoldetem Edelstahl sind nickelfrei &#038; somit auch f\u00fcr sensible Ohren geeignet<\/p>\n<p>*du bekommst deine Ohrringe h\u00fcbsch verpackt in einer handbedruckten Box aus recyceltem Altpapier &#8211; individuell &#038; umweltfreundlich<\/p>\n","protected":false},"excerpt":{"rendered":"<p>Individueller Ohrschmuck mit handgefertigten Fimo-Anh\u00e4ngern in pastelligen Lilat\u00f6nen (jedes Paar ist einzigartig &#038; wird zu einem Unikat) Messinghoops mit 40mm \u00e4u\u00dfererm Durchmesser best\u00fcckt mit 6mm Amethystperle &#038; kleinen Erdbeerquarzsplittern. Die Ohrhaken aus hochwertig vergoldetem Edelstahl sind nickelfrei &#038; somit auch f\u00fcr sensible Ohren geeignet *du bekommst deine Ohrringe h\u00fcbsch verpackt in einer handbedruckten Box aus &hellip; <a href=\"https:\/\/www.regionalis.shop\/ricardart\/shop\/amethyst-erdbeerquarz-ohrringe-fimo-candy\/\">Continued<\/a><\/p>\n","protected":false},"featured_media":1335,"template":"","meta":{"_acf_changed":false},"product_brand":[],"product_cat":[163,70],"product_tag":[],"class_list":{"0":"post-1334","1":"product","2":"type-product","3":"status-publish","4":"has-post-thumbnail","6":"product_cat-ohrringe","7":"product_cat-schmuck","9":"first","10":"instock","11":"purchasable","12":"product-type-simple"},"acf":[],"_links":{"self":[{"href":"https:\/\/www.regionalis.shop\/ricardart\/wp-json\/wp\/v2\/product\/1334","targetHints":{"allow":["GET"]}}],"collection":[{"href":"https:\/\/www.regionalis.shop\/ricardart\/wp-json\/wp\/v2\/product"}],"about":[{"href":"https:\/\/www.regionalis.shop\/ricardart\/wp-json\/wp\/v2\/types\/product"}],"wp:featuredmedia":[{"embeddable":true,"href":"https:\/\/www.regionalis.shop\/ricardart\/wp-json\/wp\/v2\/media\/1335"}],"wp:attachment":[{"href":"https:\/\/www.regionalis.shop\/ricardart\/wp-json\/wp\/v2\/media?parent=1334"}],"wp:term":[{"taxonomy":"product_brand","embeddable":true,"href":"https:\/\/www.regionalis.shop\/ricardart\/wp-json\/wp\/v2\/product_brand?post=1334"},{"taxonomy":"product_cat","embeddable":true,"href":"https:\/\/www.regionalis.shop\/ricardart\/wp-json\/wp\/v2\/product_cat?post=1334"},{"taxonomy":"product_tag","embeddable":true,"href":"https:\/\/www.regionalis.shop\/ricardart\/wp-json\/wp\/v2\/product_tag?post=1334"}],"curies":[{"name":"wp","href":"https:\/\/api.w.org\/{rel}","templated":true}]}}