{"id":1339,"date":"2025-04-18T09:38:47","date_gmt":"2025-04-18T07:38:47","guid":{"rendered":"https:\/\/www.regionalis.shop\/ricardart\/product\/lapislazuli-ohrschmuck-fimo-ocean-blue\/"},"modified":"2025-04-18T09:38:47","modified_gmt":"2025-04-18T07:38:47","slug":"lapislazuli-ohrschmuck-fimo-ocean-blue","status":"publish","type":"product","link":"https:\/\/www.regionalis.shop\/ricardart\/shop\/lapislazuli-ohrschmuck-fimo-ocean-blue\/","title":{"rendered":"LAPISLAZULI Ohrschmuck *FIMO OCEAN BLUE*"},"content":{"rendered":"<p>Einzigartiger Ohrschmuck mit handgefertigten Fimo Applikationen (jedes St\u00fcck wird durch den individuellen Farbverlauf zu einem  Unikat)<br \/>\nMessingreifen (40mm \u00e4u\u00dferer Durchmesser) best\u00fcckt mit nat\u00fcrlichem Lapislazuli in Perlen-&#038; Splitterform. Die Ohrhaken\/Brisuren sind verschlie\u00dfbar &#038; nickelfrei. <\/p>\n<p>*du bekommst deine Ohrringe h\u00fcbsch vepackt in einer handbedruckten Box aus recyceltem Altpapier, mit pers\u00f6nlichem Steckbrief beigelegt auf dem du die wichtigsten Infos zu deinem neuen Begleiter nachlesen kannst<br \/>\nLAPISLAZULI \u00a0(Stirnchakra\/\u0100jn\u00e3)<br \/>\nSelbstvertrauen ~ Aufrichtigkeit ~ Optimismus ~ Wahrnehmung\u00a0<br \/>\nDer Lapislazuli st\u00e4rkt Ehrlichkeit &#038; Aufrichtigkeit. Er ist die beste Basis f\u00fcr zwischenmenschliche Beziehungen &#8211; daher oft auch als &#8218;Stein der Freundschaft&#8216; bekannt. Ein wohlwollender &#038; unterst\u00fctzender Begleiter in Freundschaft, Liebe &#038; Beziehung<br \/>\nGeburtsstein September<\/p>\n","protected":false},"excerpt":{"rendered":"<p>Einzigartiger Ohrschmuck mit handgefertigten Fimo Applikationen (jedes St\u00fcck wird durch den individuellen Farbverlauf zu einem Unikat) Messingreifen (40mm \u00e4u\u00dferer Durchmesser) best\u00fcckt mit nat\u00fcrlichem Lapislazuli in Perlen-&#038; Splitterform. Die Ohrhaken\/Brisuren sind verschlie\u00dfbar &#038; nickelfrei. *du bekommst deine Ohrringe h\u00fcbsch vepackt in einer handbedruckten Box aus recyceltem Altpapier, mit pers\u00f6nlichem Steckbrief beigelegt auf dem du die wichtigsten &hellip; <a href=\"https:\/\/www.regionalis.shop\/ricardart\/shop\/lapislazuli-ohrschmuck-fimo-ocean-blue\/\">Continued<\/a><\/p>\n","protected":false},"featured_media":1340,"template":"","meta":{"_acf_changed":false},"product_brand":[],"product_cat":[163,70],"product_tag":[],"class_list":{"0":"post-1339","1":"product","2":"type-product","3":"status-publish","4":"has-post-thumbnail","6":"product_cat-ohrringe","7":"product_cat-schmuck","9":"first","10":"instock","11":"purchasable","12":"product-type-simple"},"acf":[],"_links":{"self":[{"href":"https:\/\/www.regionalis.shop\/ricardart\/wp-json\/wp\/v2\/product\/1339","targetHints":{"allow":["GET"]}}],"collection":[{"href":"https:\/\/www.regionalis.shop\/ricardart\/wp-json\/wp\/v2\/product"}],"about":[{"href":"https:\/\/www.regionalis.shop\/ricardart\/wp-json\/wp\/v2\/types\/product"}],"wp:featuredmedia":[{"embeddable":true,"href":"https:\/\/www.regionalis.shop\/ricardart\/wp-json\/wp\/v2\/media\/1340"}],"wp:attachment":[{"href":"https:\/\/www.regionalis.shop\/ricardart\/wp-json\/wp\/v2\/media?parent=1339"}],"wp:term":[{"taxonomy":"product_brand","embeddable":true,"href":"https:\/\/www.regionalis.shop\/ricardart\/wp-json\/wp\/v2\/product_brand?post=1339"},{"taxonomy":"product_cat","embeddable":true,"href":"https:\/\/www.regionalis.shop\/ricardart\/wp-json\/wp\/v2\/product_cat?post=1339"},{"taxonomy":"product_tag","embeddable":true,"href":"https:\/\/www.regionalis.shop\/ricardart\/wp-json\/wp\/v2\/product_tag?post=1339"}],"curies":[{"name":"wp","href":"https:\/\/api.w.org\/{rel}","templated":true}]}}