{"id":1362,"date":"2025-04-18T09:34:21","date_gmt":"2025-04-18T07:34:21","guid":{"rendered":"https:\/\/www.regionalis.shop\/ricardart\/product\/turmalin-ohrringe-seed-of-life-rose\/"},"modified":"2025-04-18T09:34:21","modified_gmt":"2025-04-18T07:34:21","slug":"turmalin-ohrringe-seed-of-life-rose","status":"publish","type":"product","link":"https:\/\/www.regionalis.shop\/ricardart\/shop\/turmalin-ohrringe-seed-of-life-rose\/","title":{"rendered":"TURMALIN Ohrringe *SEED OF LIFE ros\u00e9"},"content":{"rendered":"<p>Strahlende Ohrsch\u00e4tze mit nickelfreien, ros\u00e9vergoldeten Brisuren (verschlossen) , nat\u00fcrlich pinkfarbenen Turmalinperlen in unregelm\u00e4\u00dfiger, ungeschliffener Splitterform (jedes St\u00fcck wird so zu einem Unikat) &#038;  Messinganh\u00e4ngern in zarten Ros\u00e9 (15mm)<br \/>\nGesamtl\u00e4nge: ~50mm<\/p>\n<p>*du bekommst deine Sch\u00e4tze h\u00fcbsch verpackt in einer handbedruckten Box aus recyceltem Altpapier, mit pers\u00f6nlichem Steckbrief beigelegt auf dem du die wichtigsten Infos zu deinem neuen Begleiter nachlesen kannst <\/p>\n<p>TURMALIN (alle Chakren) *Schutzstein*\u00a0<br \/>\nHarmonie &#8211; Energie &#8211; Wahrnehmung- Klarheit<br \/>\nDie vielf\u00e4ltigen Farben des Turmalins bringen auch vielseitige Wirkungen mit sich. Besonders der Energiefluss des K\u00f6rpers soll angeregt &#038; positiv beeinflusst werden. Der schwarze Turmalin, auch Sch\u00f6rl genannt, ist mit seiner einzigartigen Schwingung der st\u00e4rkste Schutzstein, der mir bekannt ist. Besonders mit direktem K\u00f6rperkontakt getragen ist er dir der ideale Begleiter &#038; Talisman<br \/>\nGeburtsstein Oktober<\/p>\n","protected":false},"excerpt":{"rendered":"<p>Strahlende Ohrsch\u00e4tze mit nickelfreien, ros\u00e9vergoldeten Brisuren (verschlossen) , nat\u00fcrlich pinkfarbenen Turmalinperlen in unregelm\u00e4\u00dfiger, ungeschliffener Splitterform (jedes St\u00fcck wird so zu einem Unikat) &#038; Messinganh\u00e4ngern in zarten Ros\u00e9 (15mm) Gesamtl\u00e4nge: ~50mm *du bekommst deine Sch\u00e4tze h\u00fcbsch verpackt in einer handbedruckten Box aus recyceltem Altpapier, mit pers\u00f6nlichem Steckbrief beigelegt auf dem du die wichtigsten Infos zu deinem &hellip; <a href=\"https:\/\/www.regionalis.shop\/ricardart\/shop\/turmalin-ohrringe-seed-of-life-rose\/\">Continued<\/a><\/p>\n","protected":false},"featured_media":1363,"template":"","meta":{"_acf_changed":false},"product_brand":[],"product_cat":[163,70],"product_tag":[],"class_list":{"0":"post-1362","1":"product","2":"type-product","3":"status-publish","4":"has-post-thumbnail","6":"product_cat-ohrringe","7":"product_cat-schmuck","9":"first","10":"instock","11":"purchasable","12":"product-type-simple"},"acf":[],"_links":{"self":[{"href":"https:\/\/www.regionalis.shop\/ricardart\/wp-json\/wp\/v2\/product\/1362","targetHints":{"allow":["GET"]}}],"collection":[{"href":"https:\/\/www.regionalis.shop\/ricardart\/wp-json\/wp\/v2\/product"}],"about":[{"href":"https:\/\/www.regionalis.shop\/ricardart\/wp-json\/wp\/v2\/types\/product"}],"wp:featuredmedia":[{"embeddable":true,"href":"https:\/\/www.regionalis.shop\/ricardart\/wp-json\/wp\/v2\/media\/1363"}],"wp:attachment":[{"href":"https:\/\/www.regionalis.shop\/ricardart\/wp-json\/wp\/v2\/media?parent=1362"}],"wp:term":[{"taxonomy":"product_brand","embeddable":true,"href":"https:\/\/www.regionalis.shop\/ricardart\/wp-json\/wp\/v2\/product_brand?post=1362"},{"taxonomy":"product_cat","embeddable":true,"href":"https:\/\/www.regionalis.shop\/ricardart\/wp-json\/wp\/v2\/product_cat?post=1362"},{"taxonomy":"product_tag","embeddable":true,"href":"https:\/\/www.regionalis.shop\/ricardart\/wp-json\/wp\/v2\/product_tag?post=1362"}],"curies":[{"name":"wp","href":"https:\/\/api.w.org\/{rel}","templated":true}]}}