{"id":1367,"date":"2025-04-18T09:34:21","date_gmt":"2025-04-18T07:34:21","guid":{"rendered":"https:\/\/www.regionalis.shop\/ricardart\/product\/ohrringe-fimo-candy-nickelfrei\/"},"modified":"2025-04-18T09:34:21","modified_gmt":"2025-04-18T07:34:21","slug":"ohrringe-fimo-candy-nickelfrei","status":"publish","type":"product","link":"https:\/\/www.regionalis.shop\/ricardart\/shop\/ohrringe-fimo-candy-nickelfrei\/","title":{"rendered":"Ohrringe *FIMO CANDY* nickelfrei"},"content":{"rendered":"<p>Verspielter Ohrschmuck mit handgefertigten Fimo-Anh\u00e4ngern in pastelligen Lilat\u00f6nen (jedes Paar ist einzigartig &#038; wird zu einem Unikat)<br \/>\nMessinghoops mit 40mm \u00e4u\u00dfererm Durchmesser<br \/>\nNickelfreie Ohrhaken aus hochwertig vergoldetem Edelstahl<br \/>\n\u300b auch in Silber erh\u00e4ltlich\u300a<\/p>\n<p>*du bekommst deine Ohrringe h\u00fcbsch verpackt in einer handbedruckten Box aus recyceltem Altpapier &#8211; individuell &#038; umweltfreundlich<\/p>\n","protected":false},"excerpt":{"rendered":"<p>Verspielter Ohrschmuck mit handgefertigten Fimo-Anh\u00e4ngern in pastelligen Lilat\u00f6nen (jedes Paar ist einzigartig &#038; wird zu einem Unikat) Messinghoops mit 40mm \u00e4u\u00dfererm Durchmesser Nickelfreie Ohrhaken aus hochwertig vergoldetem Edelstahl \u300b auch in Silber erh\u00e4ltlich\u300a *du bekommst deine Ohrringe h\u00fcbsch verpackt in einer handbedruckten Box aus recyceltem Altpapier &#8211; individuell &#038; umweltfreundlich<\/p>\n","protected":false},"featured_media":1368,"template":"","meta":{"_acf_changed":false},"product_brand":[],"product_cat":[163,70],"product_tag":[],"class_list":{"0":"post-1367","1":"product","2":"type-product","3":"status-publish","4":"has-post-thumbnail","6":"product_cat-ohrringe","7":"product_cat-schmuck","9":"first","10":"instock","11":"purchasable","12":"product-type-simple"},"acf":[],"_links":{"self":[{"href":"https:\/\/www.regionalis.shop\/ricardart\/wp-json\/wp\/v2\/product\/1367","targetHints":{"allow":["GET"]}}],"collection":[{"href":"https:\/\/www.regionalis.shop\/ricardart\/wp-json\/wp\/v2\/product"}],"about":[{"href":"https:\/\/www.regionalis.shop\/ricardart\/wp-json\/wp\/v2\/types\/product"}],"wp:featuredmedia":[{"embeddable":true,"href":"https:\/\/www.regionalis.shop\/ricardart\/wp-json\/wp\/v2\/media\/1368"}],"wp:attachment":[{"href":"https:\/\/www.regionalis.shop\/ricardart\/wp-json\/wp\/v2\/media?parent=1367"}],"wp:term":[{"taxonomy":"product_brand","embeddable":true,"href":"https:\/\/www.regionalis.shop\/ricardart\/wp-json\/wp\/v2\/product_brand?post=1367"},{"taxonomy":"product_cat","embeddable":true,"href":"https:\/\/www.regionalis.shop\/ricardart\/wp-json\/wp\/v2\/product_cat?post=1367"},{"taxonomy":"product_tag","embeddable":true,"href":"https:\/\/www.regionalis.shop\/ricardart\/wp-json\/wp\/v2\/product_tag?post=1367"}],"curies":[{"name":"wp","href":"https:\/\/api.w.org\/{rel}","templated":true}]}}