{"id":1391,"date":"2025-04-18T09:20:17","date_gmt":"2025-04-18T07:20:17","guid":{"rendered":"https:\/\/www.regionalis.shop\/ricardart\/product\/ohrringe-aventurin-circles-40mm-antikgold\/"},"modified":"2025-04-18T09:20:17","modified_gmt":"2025-04-18T07:20:17","slug":"ohrringe-aventurin-circles-40mm-antikgold","status":"publish","type":"product","link":"https:\/\/www.regionalis.shop\/ricardart\/shop\/ohrringe-aventurin-circles-40mm-antikgold\/","title":{"rendered":"Ohrringe AVENTURIN CIRCLES* 40mm antikgold"},"content":{"rendered":"<p>Kraftvolle Ohrsch\u00e4tze mit 40mm Messinghoops, kombiniert mit nat\u00fcrlichen Aventurinperlen auf Kupferdraht. Die nickelfreien Ohrhaken sind aus vergoldetem Sterlingsilber &#038; somit auch f\u00fcr sensible Ohren geeignet<\/p>\n<p>*du bekommst deine Ohrringe h\u00fcbsch verpackt in einer handbedruckten Box aus recyceltem Altpapier, mit pers\u00f6nlichem Steckbrief beigelegt auf dem du die wichtigsten Infos zu deinem neuen Begleiter nachlesen kannst<\/p>\n<p>AVENTURIN \u00a0(Herzchakra\/ An\u00e3hata)<br \/>\nOptimismus~Mut~Selbstbestimmung~Lebensfreude~innere Ruhe<br \/>\nWie der Amethyst ist auch der Aventurin ein wunderbarer Helfer beim Ein-&#038;, Durchschlafen, denn er schenkt dir innere Ruhe &#038; Balance. Abgeleitet wird der Name aus dem Italienischen &#8222;a ventura&#8216;, was &#8218;auf gut Gl\u00fcck&#8216; bedeutet &#8211; denn auch Mut &#038; Optimismus geh\u00f6ren zu seinen f\u00f6rdernden Eigenschaften. Ein wohlwollender Begleiter in jeder Lebenslage<br \/>\nGeburtsstein: Mai<\/p>\n","protected":false},"excerpt":{"rendered":"<p>Kraftvolle Ohrsch\u00e4tze mit 40mm Messinghoops, kombiniert mit nat\u00fcrlichen Aventurinperlen auf Kupferdraht. Die nickelfreien Ohrhaken sind aus vergoldetem Sterlingsilber &#038; somit auch f\u00fcr sensible Ohren geeignet *du bekommst deine Ohrringe h\u00fcbsch verpackt in einer handbedruckten Box aus recyceltem Altpapier, mit pers\u00f6nlichem Steckbrief beigelegt auf dem du die wichtigsten Infos zu deinem neuen Begleiter nachlesen kannst AVENTURIN &hellip; <a href=\"https:\/\/www.regionalis.shop\/ricardart\/shop\/ohrringe-aventurin-circles-40mm-antikgold\/\">Continued<\/a><\/p>\n","protected":false},"featured_media":1392,"template":"","meta":{"_acf_changed":false},"product_brand":[],"product_cat":[163,70],"product_tag":[],"class_list":{"0":"post-1391","1":"product","2":"type-product","3":"status-publish","4":"has-post-thumbnail","6":"product_cat-ohrringe","7":"product_cat-schmuck","9":"first","10":"instock","11":"purchasable","12":"product-type-simple"},"acf":[],"_links":{"self":[{"href":"https:\/\/www.regionalis.shop\/ricardart\/wp-json\/wp\/v2\/product\/1391","targetHints":{"allow":["GET"]}}],"collection":[{"href":"https:\/\/www.regionalis.shop\/ricardart\/wp-json\/wp\/v2\/product"}],"about":[{"href":"https:\/\/www.regionalis.shop\/ricardart\/wp-json\/wp\/v2\/types\/product"}],"wp:featuredmedia":[{"embeddable":true,"href":"https:\/\/www.regionalis.shop\/ricardart\/wp-json\/wp\/v2\/media\/1392"}],"wp:attachment":[{"href":"https:\/\/www.regionalis.shop\/ricardart\/wp-json\/wp\/v2\/media?parent=1391"}],"wp:term":[{"taxonomy":"product_brand","embeddable":true,"href":"https:\/\/www.regionalis.shop\/ricardart\/wp-json\/wp\/v2\/product_brand?post=1391"},{"taxonomy":"product_cat","embeddable":true,"href":"https:\/\/www.regionalis.shop\/ricardart\/wp-json\/wp\/v2\/product_cat?post=1391"},{"taxonomy":"product_tag","embeddable":true,"href":"https:\/\/www.regionalis.shop\/ricardart\/wp-json\/wp\/v2\/product_tag?post=1391"}],"curies":[{"name":"wp","href":"https:\/\/api.w.org\/{rel}","templated":true}]}}