{"id":1409,"date":"2025-04-18T09:20:17","date_gmt":"2025-04-18T07:20:17","guid":{"rendered":"https:\/\/www.regionalis.shop\/ricardart\/product\/doppelarmband-mandalablume-rhodonit\/"},"modified":"2025-04-18T09:20:17","modified_gmt":"2025-04-18T07:20:17","slug":"doppelarmband-mandalablume-rhodonit","status":"publish","type":"product","link":"https:\/\/www.regionalis.shop\/ricardart\/shop\/doppelarmband-mandalablume-rhodonit\/","title":{"rendered":"Doppelarmband *MANDALABLUME RHODONIT*"},"content":{"rendered":"<p>Doppelreihiges Armband aus gewachstem Makrameegarn (wasserfest &#038; strapazierf\u00e4hig) mit 4mm Rhodonitperle, nickelfreiem, vergoldeten Messingverbinder &#038; l\u00e4ngenverstellbarem Schiebeverschluss zum individuellen Anpassen.<\/p>\n<p>*du bekommst dein Armband h\u00fcbsch verpackt &#038; mit pers\u00f6nlichem Steckbrief beigelegt, auf dem du die wichtigsten Infos zu deinem neuen Begleiter nachlesen kannst<\/p>\n<p>RHODONIT (Wurzelchakra\/ M\u016bl\u00e3dh\u00e3ra)<br \/>\nVergebung ~ Loslassen ~\u00a0 Neubeginn ~ Erste Hilfe Stein~<br \/>\nDer Rhodonit  ist auch bekannt als &#8218;Erste Hilfe Stein&#8216;, da ihm eine starke Wundheilung nachgesagt wird. Au\u00dferdem ist er der ideale Begleiter um &#8218;Loszulassen&#8216;, um zu Verzeihen und den Blick voll Zuversicht &#038; Optimismus nach vorne zu richten<\/p>\n","protected":false},"excerpt":{"rendered":"<p>Doppelreihiges Armband aus gewachstem Makrameegarn (wasserfest &#038; strapazierf\u00e4hig) mit 4mm Rhodonitperle, nickelfreiem, vergoldeten Messingverbinder &#038; l\u00e4ngenverstellbarem Schiebeverschluss zum individuellen Anpassen. *du bekommst dein Armband h\u00fcbsch verpackt &#038; mit pers\u00f6nlichem Steckbrief beigelegt, auf dem du die wichtigsten Infos zu deinem neuen Begleiter nachlesen kannst RHODONIT (Wurzelchakra\/ M\u016bl\u00e3dh\u00e3ra) Vergebung ~ Loslassen ~\u00a0 Neubeginn ~ Erste Hilfe Stein~ &hellip; <a href=\"https:\/\/www.regionalis.shop\/ricardart\/shop\/doppelarmband-mandalablume-rhodonit\/\">Continued<\/a><\/p>\n","protected":false},"featured_media":1410,"template":"","meta":{"_acf_changed":false},"product_brand":[],"product_cat":[110,70],"product_tag":[],"class_list":{"0":"post-1409","1":"product","2":"type-product","3":"status-publish","4":"has-post-thumbnail","6":"product_cat-armbaender","7":"product_cat-schmuck","9":"first","10":"instock","11":"purchasable","12":"product-type-simple"},"acf":[],"_links":{"self":[{"href":"https:\/\/www.regionalis.shop\/ricardart\/wp-json\/wp\/v2\/product\/1409","targetHints":{"allow":["GET"]}}],"collection":[{"href":"https:\/\/www.regionalis.shop\/ricardart\/wp-json\/wp\/v2\/product"}],"about":[{"href":"https:\/\/www.regionalis.shop\/ricardart\/wp-json\/wp\/v2\/types\/product"}],"wp:featuredmedia":[{"embeddable":true,"href":"https:\/\/www.regionalis.shop\/ricardart\/wp-json\/wp\/v2\/media\/1410"}],"wp:attachment":[{"href":"https:\/\/www.regionalis.shop\/ricardart\/wp-json\/wp\/v2\/media?parent=1409"}],"wp:term":[{"taxonomy":"product_brand","embeddable":true,"href":"https:\/\/www.regionalis.shop\/ricardart\/wp-json\/wp\/v2\/product_brand?post=1409"},{"taxonomy":"product_cat","embeddable":true,"href":"https:\/\/www.regionalis.shop\/ricardart\/wp-json\/wp\/v2\/product_cat?post=1409"},{"taxonomy":"product_tag","embeddable":true,"href":"https:\/\/www.regionalis.shop\/ricardart\/wp-json\/wp\/v2\/product_tag?post=1409"}],"curies":[{"name":"wp","href":"https:\/\/api.w.org\/{rel}","templated":true}]}}