{"id":1413,"date":"2025-04-18T09:19:13","date_gmt":"2025-04-18T07:19:13","guid":{"rendered":"https:\/\/www.regionalis.shop\/ricardart\/product\/doppelarmband-mandalablume-aquamarin\/"},"modified":"2025-04-18T09:19:13","modified_gmt":"2025-04-18T07:19:13","slug":"doppelarmband-mandalablume-aquamarin","status":"publish","type":"product","link":"https:\/\/www.regionalis.shop\/ricardart\/shop\/doppelarmband-mandalablume-aquamarin\/","title":{"rendered":"Doppelarmband *MANDALABLUME AQUAMARIN*"},"content":{"rendered":"<p>Doppelreihiges Armband aus gewachstem Makrameegarn (wasserfest &#038; strapazierf\u00e4hig) mit facettiertem Aquamarin (4mm), nickelfreiem, vergoldetem Messingverbinder &#038; l\u00e4ngenverstellbarem Schiebeverschluss zum individuellen Anpassen.<\/p>\n<p>*du bekommst dein Armband h\u00fcbsch verpackt &#038; mit pers\u00f6nlichem Steckbrief beigelegt, auf dem du die wichtigsten Infos zu deinem neuen Begleiter nachlesen kannst<\/p>\n<p>AQUAMARIN (Halschakra\/Vi\u015buddha)<br \/>\nEmpathie &#8211; Harmonie &#8211; Leichtigkeit &#8211; Heiterkeit- innere Ruhe<br \/>\nAquamarin bedeutet \u00fcbersetzt soviel wie &#8222;Meereswasser&#8220;.  (Seefahrer trugen ihn fr\u00fcher als Schutzstein &#8211; zB gegen Seekrankheit) Der Aquamarin symbolisiert Leichtigkeit, Heiterkeit &#038; Frieden und wird auch gerne als Meditationsstein verwendet (mit direktem Hautkontakt)<br \/>\nAuch auf unsere Augen &#038; unsere Seekraft soll er eine positive Wirkung haben<br \/>\nGeburtsstein: M\u00e4rz<\/p>\n","protected":false},"excerpt":{"rendered":"<p>Doppelreihiges Armband aus gewachstem Makrameegarn (wasserfest &#038; strapazierf\u00e4hig) mit facettiertem Aquamarin (4mm), nickelfreiem, vergoldetem Messingverbinder &#038; l\u00e4ngenverstellbarem Schiebeverschluss zum individuellen Anpassen. *du bekommst dein Armband h\u00fcbsch verpackt &#038; mit pers\u00f6nlichem Steckbrief beigelegt, auf dem du die wichtigsten Infos zu deinem neuen Begleiter nachlesen kannst AQUAMARIN (Halschakra\/Vi\u015buddha) Empathie &#8211; Harmonie &#8211; Leichtigkeit &#8211; Heiterkeit- innere Ruhe &hellip; <a href=\"https:\/\/www.regionalis.shop\/ricardart\/shop\/doppelarmband-mandalablume-aquamarin\/\">Continued<\/a><\/p>\n","protected":false},"featured_media":1414,"template":"","meta":{"_acf_changed":false},"product_brand":[],"product_cat":[110,70],"product_tag":[],"class_list":{"0":"post-1413","1":"product","2":"type-product","3":"status-publish","4":"has-post-thumbnail","6":"product_cat-armbaender","7":"product_cat-schmuck","9":"first","10":"instock","11":"purchasable","12":"product-type-simple"},"acf":[],"_links":{"self":[{"href":"https:\/\/www.regionalis.shop\/ricardart\/wp-json\/wp\/v2\/product\/1413","targetHints":{"allow":["GET"]}}],"collection":[{"href":"https:\/\/www.regionalis.shop\/ricardart\/wp-json\/wp\/v2\/product"}],"about":[{"href":"https:\/\/www.regionalis.shop\/ricardart\/wp-json\/wp\/v2\/types\/product"}],"wp:featuredmedia":[{"embeddable":true,"href":"https:\/\/www.regionalis.shop\/ricardart\/wp-json\/wp\/v2\/media\/1414"}],"wp:attachment":[{"href":"https:\/\/www.regionalis.shop\/ricardart\/wp-json\/wp\/v2\/media?parent=1413"}],"wp:term":[{"taxonomy":"product_brand","embeddable":true,"href":"https:\/\/www.regionalis.shop\/ricardart\/wp-json\/wp\/v2\/product_brand?post=1413"},{"taxonomy":"product_cat","embeddable":true,"href":"https:\/\/www.regionalis.shop\/ricardart\/wp-json\/wp\/v2\/product_cat?post=1413"},{"taxonomy":"product_tag","embeddable":true,"href":"https:\/\/www.regionalis.shop\/ricardart\/wp-json\/wp\/v2\/product_tag?post=1413"}],"curies":[{"name":"wp","href":"https:\/\/api.w.org\/{rel}","templated":true}]}}