{"id":1440,"date":"2025-04-18T09:14:26","date_gmt":"2025-04-18T07:14:26","guid":{"rendered":"https:\/\/www.regionalis.shop\/ricardart\/product\/ohrringe-amethyst-circles-40mm-silber\/"},"modified":"2025-04-18T09:14:26","modified_gmt":"2025-04-18T07:14:26","slug":"ohrringe-amethyst-circles-40mm-silber","status":"publish","type":"product","link":"https:\/\/www.regionalis.shop\/ricardart\/shop\/ohrringe-amethyst-circles-40mm-silber\/","title":{"rendered":"Ohrringe AMETHYST CIRCLES* 40mm silber"},"content":{"rendered":"<p>Kraftvolle Ohrsch\u00e4tze mit versilberten Messinghoops (40mm \u00e4u\u00dferer Durchmesser) kombiniert mit nat\u00fcrlichen Amethystperlen &#038; Silberdraht mit Kupferkern. Die nickelfreien Ohrstecker sind aus hochwertigem Edelstahl &#038; auch f\u00fcr sensible Ohren geeignet<\/p>\n<p>*du bekommst deine Ohrringe h\u00fcbsch verpackt in einer handbedruckten Box aus recyceltem Altpapier, mit pers\u00f6nlichem Steckbrief beigelegt auf dem du die wichtigsten Infos zu deinem neuen Begleiter nachlesen kannst<\/p>\n<p>AMETHYST \u00a0(Kronenchakra\/Sahasr\u00e2ra)<br \/>\nKonzentration ~ Klarheit ~ Wahrnehmung\u00a0 ~ Ruhe<br \/>\nDer Amethyst, mit seiner wundersch\u00f6nen &#038; unverkennbar violetten Farbe ist ein wunderbarer &#8222;Lern-Stein&#8220; , f\u00fcr bessere Konzentration &#038; ideal auch zum Einschlafen<br \/>\nAnwendungsgebiete: bei Kopfschmerzen, Schlafproblemen oder Konzentrationsschwierigkeiten. Zur Unterst\u00fctzung in Lern-&#038;, Pr\u00fcfungssituationen<br \/>\nSternzeichen: Fische<br \/>\nGeburtsstein: Februar<\/p>\n","protected":false},"excerpt":{"rendered":"<p>Kraftvolle Ohrsch\u00e4tze mit versilberten Messinghoops (40mm \u00e4u\u00dferer Durchmesser) kombiniert mit nat\u00fcrlichen Amethystperlen &#038; Silberdraht mit Kupferkern. Die nickelfreien Ohrstecker sind aus hochwertigem Edelstahl &#038; auch f\u00fcr sensible Ohren geeignet *du bekommst deine Ohrringe h\u00fcbsch verpackt in einer handbedruckten Box aus recyceltem Altpapier, mit pers\u00f6nlichem Steckbrief beigelegt auf dem du die wichtigsten Infos zu deinem neuen &hellip; <a href=\"https:\/\/www.regionalis.shop\/ricardart\/shop\/ohrringe-amethyst-circles-40mm-silber\/\">Continued<\/a><\/p>\n","protected":false},"featured_media":1441,"template":"","meta":{"_acf_changed":false},"product_brand":[],"product_cat":[163,70],"product_tag":[],"class_list":{"0":"post-1440","1":"product","2":"type-product","3":"status-publish","4":"has-post-thumbnail","6":"product_cat-ohrringe","7":"product_cat-schmuck","9":"first","10":"instock","11":"purchasable","12":"product-type-simple"},"acf":[],"_links":{"self":[{"href":"https:\/\/www.regionalis.shop\/ricardart\/wp-json\/wp\/v2\/product\/1440","targetHints":{"allow":["GET"]}}],"collection":[{"href":"https:\/\/www.regionalis.shop\/ricardart\/wp-json\/wp\/v2\/product"}],"about":[{"href":"https:\/\/www.regionalis.shop\/ricardart\/wp-json\/wp\/v2\/types\/product"}],"wp:featuredmedia":[{"embeddable":true,"href":"https:\/\/www.regionalis.shop\/ricardart\/wp-json\/wp\/v2\/media\/1441"}],"wp:attachment":[{"href":"https:\/\/www.regionalis.shop\/ricardart\/wp-json\/wp\/v2\/media?parent=1440"}],"wp:term":[{"taxonomy":"product_brand","embeddable":true,"href":"https:\/\/www.regionalis.shop\/ricardart\/wp-json\/wp\/v2\/product_brand?post=1440"},{"taxonomy":"product_cat","embeddable":true,"href":"https:\/\/www.regionalis.shop\/ricardart\/wp-json\/wp\/v2\/product_cat?post=1440"},{"taxonomy":"product_tag","embeddable":true,"href":"https:\/\/www.regionalis.shop\/ricardart\/wp-json\/wp\/v2\/product_tag?post=1440"}],"curies":[{"name":"wp","href":"https:\/\/api.w.org\/{rel}","templated":true}]}}