{"id":1445,"date":"2025-04-18T09:14:26","date_gmt":"2025-04-18T07:14:26","guid":{"rendered":"https:\/\/www.regionalis.shop\/ricardart\/product\/perlmutt-ohrringe-golden-seashell-circles-40mm\/"},"modified":"2025-04-18T09:14:26","modified_gmt":"2025-04-18T07:14:26","slug":"perlmutt-ohrringe-golden-seashell-circles-40mm","status":"publish","type":"product","link":"https:\/\/www.regionalis.shop\/ricardart\/shop\/perlmutt-ohrringe-golden-seashell-circles-40mm\/","title":{"rendered":"Perlmutt Ohrringe *GOLDEN SEASHELL CIRCLES* 40mm"},"content":{"rendered":"<p>Messinghoops mit 40mm \u00e4u\u00dferem Durchmesser kombiniert mit gef\u00e4rbten Muschelpl\u00e4ttchen mit einzigartigen Farbstrukturen. Die Ohrhaken aus Messing sind nickelfrei &#038; somit auch f\u00fcr sensible Ohren geeignet.<\/p>\n<p>*du bekommst deine Ohrringe h\u00fcbsch verpackt in einer handbedruckten Box aus recyceltem Altpapier<\/p>\n","protected":false},"excerpt":{"rendered":"<p>Messinghoops mit 40mm \u00e4u\u00dferem Durchmesser kombiniert mit gef\u00e4rbten Muschelpl\u00e4ttchen mit einzigartigen Farbstrukturen. Die Ohrhaken aus Messing sind nickelfrei &#038; somit auch f\u00fcr sensible Ohren geeignet. *du bekommst deine Ohrringe h\u00fcbsch verpackt in einer handbedruckten Box aus recyceltem Altpapier<\/p>\n","protected":false},"featured_media":1446,"template":"","meta":{"_acf_changed":false},"product_brand":[],"product_cat":[163,70],"product_tag":[],"class_list":{"0":"post-1445","1":"product","2":"type-product","3":"status-publish","4":"has-post-thumbnail","6":"product_cat-ohrringe","7":"product_cat-schmuck","9":"first","10":"instock","11":"purchasable","12":"product-type-simple"},"acf":[],"_links":{"self":[{"href":"https:\/\/www.regionalis.shop\/ricardart\/wp-json\/wp\/v2\/product\/1445","targetHints":{"allow":["GET"]}}],"collection":[{"href":"https:\/\/www.regionalis.shop\/ricardart\/wp-json\/wp\/v2\/product"}],"about":[{"href":"https:\/\/www.regionalis.shop\/ricardart\/wp-json\/wp\/v2\/types\/product"}],"wp:featuredmedia":[{"embeddable":true,"href":"https:\/\/www.regionalis.shop\/ricardart\/wp-json\/wp\/v2\/media\/1446"}],"wp:attachment":[{"href":"https:\/\/www.regionalis.shop\/ricardart\/wp-json\/wp\/v2\/media?parent=1445"}],"wp:term":[{"taxonomy":"product_brand","embeddable":true,"href":"https:\/\/www.regionalis.shop\/ricardart\/wp-json\/wp\/v2\/product_brand?post=1445"},{"taxonomy":"product_cat","embeddable":true,"href":"https:\/\/www.regionalis.shop\/ricardart\/wp-json\/wp\/v2\/product_cat?post=1445"},{"taxonomy":"product_tag","embeddable":true,"href":"https:\/\/www.regionalis.shop\/ricardart\/wp-json\/wp\/v2\/product_tag?post=1445"}],"curies":[{"name":"wp","href":"https:\/\/api.w.org\/{rel}","templated":true}]}}