{"id":1453,"date":"2025-04-18T09:10:57","date_gmt":"2025-04-18T07:10:57","guid":{"rendered":"https:\/\/www.regionalis.shop\/ricardart\/product\/labradorit-kristallarmband-suesswasserperle\/"},"modified":"2025-04-18T09:10:57","modified_gmt":"2025-04-18T07:10:57","slug":"labradorit-kristallarmband-suesswasserperle","status":"publish","type":"product","link":"https:\/\/www.regionalis.shop\/ricardart\/shop\/labradorit-kristallarmband-suesswasserperle\/","title":{"rendered":"Labradorit Kristallarmband *S\u00fc\u00dfwasserperle"},"content":{"rendered":"<p>Zarte Armb\u00e4ndchen mit facettierten Labradoritperlen (~3mm) &#038; nat\u00fcrlicher S\u00fc\u00dfwasserperle<br \/>\nVon Hand gefertigt aus gewachstem, sehr strapazierf\u00e4higem Makrameegarn (wasserfest), mit Ziwschenperlen aus 18k vergoldetem Kupfer &#038; \u00e4ngenverstellbarem Schiebeverschluss zum individuellen Anpassen<\/p>\n<p>Du bekommst dein Armband h\u00fcbsch verpackt in einer handbedruckten Box aus recyceltem Altpapier, mit pers\u00f6nlichem Steckbrief beigelegt auf dem du die wichtigsten Infos zu deinem neuen Begleiter nachlesen kannst<\/p>\n<p>LABRADORIT \u00a0(alle Chakren)<br \/>\nFantasie &#8211; Kreativit\u00e4t- Intuition &#8211; Balance<br \/>\nDer schimmernde Labradorit befl\u00fcgelt den Geist &#038; die kreative Vorstellungskraft. Er unterst\u00fctzt dich dabei im Leben voranzukommen &#038; ist dir ein wunderbarer, unterst\u00fctzender Begleiter in jeder Lebenslage<\/p>\n","protected":false},"excerpt":{"rendered":"<p>Zarte Armb\u00e4ndchen mit facettierten Labradoritperlen (~3mm) &#038; nat\u00fcrlicher S\u00fc\u00dfwasserperle Von Hand gefertigt aus gewachstem, sehr strapazierf\u00e4higem Makrameegarn (wasserfest), mit Ziwschenperlen aus 18k vergoldetem Kupfer &#038; \u00e4ngenverstellbarem Schiebeverschluss zum individuellen Anpassen Du bekommst dein Armband h\u00fcbsch verpackt in einer handbedruckten Box aus recyceltem Altpapier, mit pers\u00f6nlichem Steckbrief beigelegt auf dem du die wichtigsten Infos zu deinem &hellip; <a href=\"https:\/\/www.regionalis.shop\/ricardart\/shop\/labradorit-kristallarmband-suesswasserperle\/\">Continued<\/a><\/p>\n","protected":false},"featured_media":1454,"template":"","meta":{"_acf_changed":false},"product_brand":[],"product_cat":[110,70],"product_tag":[],"class_list":{"0":"post-1453","1":"product","2":"type-product","3":"status-publish","4":"has-post-thumbnail","6":"product_cat-armbaender","7":"product_cat-schmuck","9":"first","10":"instock","11":"purchasable","12":"product-type-simple"},"acf":[],"_links":{"self":[{"href":"https:\/\/www.regionalis.shop\/ricardart\/wp-json\/wp\/v2\/product\/1453","targetHints":{"allow":["GET"]}}],"collection":[{"href":"https:\/\/www.regionalis.shop\/ricardart\/wp-json\/wp\/v2\/product"}],"about":[{"href":"https:\/\/www.regionalis.shop\/ricardart\/wp-json\/wp\/v2\/types\/product"}],"wp:featuredmedia":[{"embeddable":true,"href":"https:\/\/www.regionalis.shop\/ricardart\/wp-json\/wp\/v2\/media\/1454"}],"wp:attachment":[{"href":"https:\/\/www.regionalis.shop\/ricardart\/wp-json\/wp\/v2\/media?parent=1453"}],"wp:term":[{"taxonomy":"product_brand","embeddable":true,"href":"https:\/\/www.regionalis.shop\/ricardart\/wp-json\/wp\/v2\/product_brand?post=1453"},{"taxonomy":"product_cat","embeddable":true,"href":"https:\/\/www.regionalis.shop\/ricardart\/wp-json\/wp\/v2\/product_cat?post=1453"},{"taxonomy":"product_tag","embeddable":true,"href":"https:\/\/www.regionalis.shop\/ricardart\/wp-json\/wp\/v2\/product_tag?post=1453"}],"curies":[{"name":"wp","href":"https:\/\/api.w.org\/{rel}","templated":true}]}}