{"id":1458,"date":"2025-04-18T09:10:57","date_gmt":"2025-04-18T07:10:57","guid":{"rendered":"https:\/\/www.regionalis.shop\/ricardart\/product\/suesswasserperle-ohrringe-rhodochrosit-silber\/"},"modified":"2025-04-18T09:10:57","modified_gmt":"2025-04-18T07:10:57","slug":"suesswasserperle-ohrringe-rhodochrosit-silber","status":"publish","type":"product","link":"https:\/\/www.regionalis.shop\/ricardart\/shop\/suesswasserperle-ohrringe-rhodochrosit-silber\/","title":{"rendered":"S\u00fc\u00dfwasserperle Ohrringe *RHODOCHROSIT* silber"},"content":{"rendered":"<p>Dezenter Ohrschmuck mit nat\u00fcrlichen S\u00fc\u00dfwasserperlen, 6mm Rhodochrositperle &#038; nickelfreien Ohrsteckern aus hochwertigem Edelstahl. Gesamtl\u00e4nge: ca. 25mm<\/p>\n<p>Du bekommst dein Schmuckst\u00fcck h\u00fcbsch verpackt in einer handbedruckten Box aus recyceltem Altpapier, mit pers\u00f6nlichem Steckbrief beigelegt auf dem du die wichtigsten Infos zu deinem neuen Begleiter nachlesen kannst<\/p>\n","protected":false},"excerpt":{"rendered":"<p>Dezenter Ohrschmuck mit nat\u00fcrlichen S\u00fc\u00dfwasserperlen, 6mm Rhodochrositperle &#038; nickelfreien Ohrsteckern aus hochwertigem Edelstahl. Gesamtl\u00e4nge: ca. 25mm Du bekommst dein Schmuckst\u00fcck h\u00fcbsch verpackt in einer handbedruckten Box aus recyceltem Altpapier, mit pers\u00f6nlichem Steckbrief beigelegt auf dem du die wichtigsten Infos zu deinem neuen Begleiter nachlesen kannst<\/p>\n","protected":false},"featured_media":1459,"template":"","meta":{"_acf_changed":false},"product_brand":[],"product_cat":[163,70],"product_tag":[],"class_list":{"0":"post-1458","1":"product","2":"type-product","3":"status-publish","4":"has-post-thumbnail","6":"product_cat-ohrringe","7":"product_cat-schmuck","9":"first","10":"instock","11":"purchasable","12":"product-type-simple"},"acf":[],"_links":{"self":[{"href":"https:\/\/www.regionalis.shop\/ricardart\/wp-json\/wp\/v2\/product\/1458","targetHints":{"allow":["GET"]}}],"collection":[{"href":"https:\/\/www.regionalis.shop\/ricardart\/wp-json\/wp\/v2\/product"}],"about":[{"href":"https:\/\/www.regionalis.shop\/ricardart\/wp-json\/wp\/v2\/types\/product"}],"wp:featuredmedia":[{"embeddable":true,"href":"https:\/\/www.regionalis.shop\/ricardart\/wp-json\/wp\/v2\/media\/1459"}],"wp:attachment":[{"href":"https:\/\/www.regionalis.shop\/ricardart\/wp-json\/wp\/v2\/media?parent=1458"}],"wp:term":[{"taxonomy":"product_brand","embeddable":true,"href":"https:\/\/www.regionalis.shop\/ricardart\/wp-json\/wp\/v2\/product_brand?post=1458"},{"taxonomy":"product_cat","embeddable":true,"href":"https:\/\/www.regionalis.shop\/ricardart\/wp-json\/wp\/v2\/product_cat?post=1458"},{"taxonomy":"product_tag","embeddable":true,"href":"https:\/\/www.regionalis.shop\/ricardart\/wp-json\/wp\/v2\/product_tag?post=1458"}],"curies":[{"name":"wp","href":"https:\/\/api.w.org\/{rel}","templated":true}]}}