{"id":1461,"date":"2025-04-18T09:10:02","date_gmt":"2025-04-18T07:10:02","guid":{"rendered":"https:\/\/www.regionalis.shop\/ricardart\/product\/aquamarin-schmuckset-crystal-healing-gold\/"},"modified":"2025-04-18T09:10:02","modified_gmt":"2025-04-18T07:10:02","slug":"aquamarin-schmuckset-crystal-healing-gold","status":"publish","type":"product","link":"https:\/\/www.regionalis.shop\/ricardart\/shop\/aquamarin-schmuckset-crystal-healing-gold\/","title":{"rendered":"Aquamarin Schmuckset *CRYSTAL HEALING* gold"},"content":{"rendered":"<p>Elegantes Schmuckset bestehend aus zarten Ohrringen mit Strassohrstecker (nickelfrei\/Edelstahl vergoldet) &#038; 4 &#8211; 6mm Aquamarin\/facettiert (L\u00e4nge: ca. 3cm) &#038;<br \/>\nKristallarmband aus wasserfestem Makrameegarn, mit 2- 4mm facettierten Aquamarinperlen,  18k vergoldeten Kupferperlen &#038; l\u00e4ngenverstellbarem Schiebeverschluss zum individuellen Anpassen<\/p>\n<p>Du bekommst dein Set h\u00fcbsch verpackt in einer handbedruckten Box aus recyceltem Altpapier, mit pers\u00f6nlichem Steckbrief beigelegt auf dem du die wichtigsten Infos zu deinem neuen Begleiter nachlesen kannst<\/p>\n","protected":false},"excerpt":{"rendered":"<p>Elegantes Schmuckset bestehend aus zarten Ohrringen mit Strassohrstecker (nickelfrei\/Edelstahl vergoldet) &#038; 4 &#8211; 6mm Aquamarin\/facettiert (L\u00e4nge: ca. 3cm) &#038; Kristallarmband aus wasserfestem Makrameegarn, mit 2- 4mm facettierten Aquamarinperlen, 18k vergoldeten Kupferperlen &#038; l\u00e4ngenverstellbarem Schiebeverschluss zum individuellen Anpassen Du bekommst dein Set h\u00fcbsch verpackt in einer handbedruckten Box aus recyceltem Altpapier, mit pers\u00f6nlichem Steckbrief beigelegt auf &hellip; <a href=\"https:\/\/www.regionalis.shop\/ricardart\/shop\/aquamarin-schmuckset-crystal-healing-gold\/\">Continued<\/a><\/p>\n","protected":false},"featured_media":1462,"template":"","meta":{"_acf_changed":false},"product_brand":[],"product_cat":[70,71],"product_tag":[],"class_list":{"0":"post-1461","1":"product","2":"type-product","3":"status-publish","4":"has-post-thumbnail","6":"product_cat-schmuck","7":"product_cat-schmucksets","9":"first","10":"instock","11":"purchasable","12":"product-type-simple"},"acf":[],"_links":{"self":[{"href":"https:\/\/www.regionalis.shop\/ricardart\/wp-json\/wp\/v2\/product\/1461","targetHints":{"allow":["GET"]}}],"collection":[{"href":"https:\/\/www.regionalis.shop\/ricardart\/wp-json\/wp\/v2\/product"}],"about":[{"href":"https:\/\/www.regionalis.shop\/ricardart\/wp-json\/wp\/v2\/types\/product"}],"wp:featuredmedia":[{"embeddable":true,"href":"https:\/\/www.regionalis.shop\/ricardart\/wp-json\/wp\/v2\/media\/1462"}],"wp:attachment":[{"href":"https:\/\/www.regionalis.shop\/ricardart\/wp-json\/wp\/v2\/media?parent=1461"}],"wp:term":[{"taxonomy":"product_brand","embeddable":true,"href":"https:\/\/www.regionalis.shop\/ricardart\/wp-json\/wp\/v2\/product_brand?post=1461"},{"taxonomy":"product_cat","embeddable":true,"href":"https:\/\/www.regionalis.shop\/ricardart\/wp-json\/wp\/v2\/product_cat?post=1461"},{"taxonomy":"product_tag","embeddable":true,"href":"https:\/\/www.regionalis.shop\/ricardart\/wp-json\/wp\/v2\/product_tag?post=1461"}],"curies":[{"name":"wp","href":"https:\/\/api.w.org\/{rel}","templated":true}]}}