{"id":1478,"date":"2025-04-18T09:10:02","date_gmt":"2025-04-18T07:10:02","guid":{"rendered":"https:\/\/www.regionalis.shop\/ricardart\/product\/mondstein-labradorit-kristallarmband-18k-vergoldet\/"},"modified":"2025-04-18T09:10:02","modified_gmt":"2025-04-18T07:10:02","slug":"mondstein-labradorit-kristallarmband-18k-vergoldet","status":"publish","type":"product","link":"https:\/\/www.regionalis.shop\/ricardart\/shop\/mondstein-labradorit-kristallarmband-18k-vergoldet\/","title":{"rendered":"Mondstein- Labradorit Kristallarmband *18k vergoldet"},"content":{"rendered":"<p>Zarte Edelsteinarmb\u00e4nder aus gewachstem, wasserfestem Makrameegarn, mit facettierten Edelsteinen (4mm Mondstein &#038; 2-3mm Labradorit), 18k vergoldeten Kupferperlen &#038; l\u00e4ngenverstellbarem Schiebeverschluss zum individuellen Anpassen<\/p>\n<p>Du bekommst dein Armband h\u00fcbsch verpackt in einer handbedruckten Box aus recyceltem Altpapier, mit pers\u00f6nlichem Steckbrief beigelegt auf dem du die wichtigsten Infos zu deinem neuen Begleiter nachlesen kannst<\/p>\n<p>MONDSTEIN\u00a0(Sakralchakra\/Sv\u00e3dhisth\u00e3na)<br \/>\nIntuition ~ Sch\u00f6pferkraft &#8211; Weiblichkeit &#8211; Fruchtbarkeit\u00a0<br \/>\nDer Mondstein f\u00f6rdert die Empathie dir selbst gegen\u00fcber. Ganz besonders unterst\u00fctzt dich der Mondstein in allen Aspekten deiner wunderbaren Weiblichkeit und hilft dir, deine Yin-Energie zu entdecken und in Balance zu bringen. Er ist dir auch bei Kinderwunsch, in der Schwangerschaft und als Mama ein wunderbarer &#038; unterst\u00fctzenden Begleiter\u00a0<\/p>\n<p>LABRADORIT \u00a0(alle Chakren)<br \/>\nFantasie &#8211; Kreativit\u00e4t- Intuition &#8211; Balance<br \/>\nDer schimmernde Labradorit befl\u00fcgelt den Geist &#038; die kreative Vorstellungskraft. Er unterst\u00fctzt dich dabei im Leben voranzukommen &#038; ist dir ein wunderbarer, unterst\u00fctzender Begleiter in jeder Lebenslage<br \/>\nName: Fundort\/Halbinsel &#8218;Labrador&#8216;<br \/>\nSternzeichen: Wassermann<\/p>\n","protected":false},"excerpt":{"rendered":"<p>Zarte Edelsteinarmb\u00e4nder aus gewachstem, wasserfestem Makrameegarn, mit facettierten Edelsteinen (4mm Mondstein &#038; 2-3mm Labradorit), 18k vergoldeten Kupferperlen &#038; l\u00e4ngenverstellbarem Schiebeverschluss zum individuellen Anpassen Du bekommst dein Armband h\u00fcbsch verpackt in einer handbedruckten Box aus recyceltem Altpapier, mit pers\u00f6nlichem Steckbrief beigelegt auf dem du die wichtigsten Infos zu deinem neuen Begleiter nachlesen kannst MONDSTEIN\u00a0(Sakralchakra\/Sv\u00e3dhisth\u00e3na) Intuition ~ &hellip; <a href=\"https:\/\/www.regionalis.shop\/ricardart\/shop\/mondstein-labradorit-kristallarmband-18k-vergoldet\/\">Continued<\/a><\/p>\n","protected":false},"featured_media":1479,"template":"","meta":{"_acf_changed":false},"product_brand":[],"product_cat":[110,70],"product_tag":[],"class_list":{"0":"post-1478","1":"product","2":"type-product","3":"status-publish","4":"has-post-thumbnail","6":"product_cat-armbaender","7":"product_cat-schmuck","9":"first","10":"instock","11":"purchasable","12":"product-type-simple"},"acf":[],"_links":{"self":[{"href":"https:\/\/www.regionalis.shop\/ricardart\/wp-json\/wp\/v2\/product\/1478","targetHints":{"allow":["GET"]}}],"collection":[{"href":"https:\/\/www.regionalis.shop\/ricardart\/wp-json\/wp\/v2\/product"}],"about":[{"href":"https:\/\/www.regionalis.shop\/ricardart\/wp-json\/wp\/v2\/types\/product"}],"wp:featuredmedia":[{"embeddable":true,"href":"https:\/\/www.regionalis.shop\/ricardart\/wp-json\/wp\/v2\/media\/1479"}],"wp:attachment":[{"href":"https:\/\/www.regionalis.shop\/ricardart\/wp-json\/wp\/v2\/media?parent=1478"}],"wp:term":[{"taxonomy":"product_brand","embeddable":true,"href":"https:\/\/www.regionalis.shop\/ricardart\/wp-json\/wp\/v2\/product_brand?post=1478"},{"taxonomy":"product_cat","embeddable":true,"href":"https:\/\/www.regionalis.shop\/ricardart\/wp-json\/wp\/v2\/product_cat?post=1478"},{"taxonomy":"product_tag","embeddable":true,"href":"https:\/\/www.regionalis.shop\/ricardart\/wp-json\/wp\/v2\/product_tag?post=1478"}],"curies":[{"name":"wp","href":"https:\/\/api.w.org\/{rel}","templated":true}]}}