{"id":1486,"date":"2025-04-18T08:50:11","date_gmt":"2025-04-18T06:50:11","guid":{"rendered":"https:\/\/www.regionalis.shop\/ricardart\/product\/lavastein-aromadiffuser-ohrschmuck-silver-wire-falls\/"},"modified":"2025-04-18T08:50:11","modified_gmt":"2025-04-18T06:50:11","slug":"lavastein-aromadiffuser-ohrschmuck-silver-wire-falls","status":"publish","type":"product","link":"https:\/\/www.regionalis.shop\/ricardart\/shop\/lavastein-aromadiffuser-ohrschmuck-silver-wire-falls\/","title":{"rendered":"LAVASTEIN *AROMADIFFUSER* Ohrschmuck *SILVER WIRE FALLS*"},"content":{"rendered":"<p>Kraftvoller Lava Ohrschmuck mit Aromadiffuser Funktion<br \/>\nAromadiffuser-Funktion: die rauhe Struktur der schwarzen Lava nimmt \u00e4therische \u00d6le besonders gut auf und gibt ihr Aroma langsam &#038; angenehm duftend wieder ab &#8211; so hast du deinen Lieblingsduft immer mit dabei<br \/>\nMaterialien: Lavaperle mit 10mm Durchmesser, handgebogener Silberdraht mit Kupferkern &#038; Ohrhaken aus hochwertigem Edelstahl (nickelfrei\/ wasserfest)<br \/>\nGesamtl\u00e4nge: ~ 30mm<\/p>\n<p>*du bekommst deine Ohrringe h\u00fcbsch verpackt in einer handbedruckten Box aus recyceltem Altpapier, mit pers\u00f6nlichem Steckbrief beigelegt auf dem du die wichtigsten Infos zu deinem neuen Begleiter nachlesen kannst<\/p>\n<p>LAVA SCHWARZ (Wurzelchakra\/M\u016bl\u00e3dh\u00e3ra)<br \/>\nTatendrang- Lebenskraft &#8211; Entschlossenheit<br \/>\nDas aus den Elementen Feuer &#038; Erde entstandene Lavagestein entfacht durch seine Energie dein inneres Feuer &#038; gibt dir die Power deinen inneren Schweinehund zu \u00fcberwinden &#038; mit Entschlossenheit nach vorne zu blicken<\/p>\n","protected":false},"excerpt":{"rendered":"<p>Kraftvoller Lava Ohrschmuck mit Aromadiffuser Funktion Aromadiffuser-Funktion: die rauhe Struktur der schwarzen Lava nimmt \u00e4therische \u00d6le besonders gut auf und gibt ihr Aroma langsam &#038; angenehm duftend wieder ab &#8211; so hast du deinen Lieblingsduft immer mit dabei Materialien: Lavaperle mit 10mm Durchmesser, handgebogener Silberdraht mit Kupferkern &#038; Ohrhaken aus hochwertigem Edelstahl (nickelfrei\/ wasserfest) Gesamtl\u00e4nge: &hellip; <a href=\"https:\/\/www.regionalis.shop\/ricardart\/shop\/lavastein-aromadiffuser-ohrschmuck-silver-wire-falls\/\">Continued<\/a><\/p>\n","protected":false},"featured_media":1487,"template":"","meta":{"_acf_changed":false},"product_brand":[],"product_cat":[163,70],"product_tag":[],"class_list":{"0":"post-1486","1":"product","2":"type-product","3":"status-publish","4":"has-post-thumbnail","6":"product_cat-ohrringe","7":"product_cat-schmuck","9":"first","10":"instock","11":"purchasable","12":"product-type-simple"},"acf":[],"_links":{"self":[{"href":"https:\/\/www.regionalis.shop\/ricardart\/wp-json\/wp\/v2\/product\/1486","targetHints":{"allow":["GET"]}}],"collection":[{"href":"https:\/\/www.regionalis.shop\/ricardart\/wp-json\/wp\/v2\/product"}],"about":[{"href":"https:\/\/www.regionalis.shop\/ricardart\/wp-json\/wp\/v2\/types\/product"}],"wp:featuredmedia":[{"embeddable":true,"href":"https:\/\/www.regionalis.shop\/ricardart\/wp-json\/wp\/v2\/media\/1487"}],"wp:attachment":[{"href":"https:\/\/www.regionalis.shop\/ricardart\/wp-json\/wp\/v2\/media?parent=1486"}],"wp:term":[{"taxonomy":"product_brand","embeddable":true,"href":"https:\/\/www.regionalis.shop\/ricardart\/wp-json\/wp\/v2\/product_brand?post=1486"},{"taxonomy":"product_cat","embeddable":true,"href":"https:\/\/www.regionalis.shop\/ricardart\/wp-json\/wp\/v2\/product_cat?post=1486"},{"taxonomy":"product_tag","embeddable":true,"href":"https:\/\/www.regionalis.shop\/ricardart\/wp-json\/wp\/v2\/product_tag?post=1486"}],"curies":[{"name":"wp","href":"https:\/\/api.w.org\/{rel}","templated":true}]}}