{"id":1490,"date":"2025-04-18T08:50:11","date_gmt":"2025-04-18T06:50:11","guid":{"rendered":"https:\/\/www.regionalis.shop\/ricardart\/product\/rosenquarz-ohrringe-silver-globe\/"},"modified":"2025-04-18T08:50:11","modified_gmt":"2025-04-18T06:50:11","slug":"rosenquarz-ohrringe-silver-globe","status":"publish","type":"product","link":"https:\/\/www.regionalis.shop\/ricardart\/shop\/rosenquarz-ohrringe-silver-globe\/","title":{"rendered":"ROSENQUARZ Ohrringe *SILVER GLOBE*"},"content":{"rendered":"<p>Kraftvolle Ohrsch\u00e4tze mit 10mm Rosenquarzperle f\u00fcr K\u00f6rper, Geist &#038; Seele<br \/>\nWeitere Materialien: handgebogener Edelstahldraht &#038; Ohrhaken aus hochwertigem Edelstahl (nickelfrei\/ wasserfest)<br \/>\nGesamtl\u00e4nge (ohne Ohrhaken): ~ 35mm<\/p>\n<p>*du bekommst deine Ohrringe h\u00fcbsch verpackt in einer handbedruckten Box aus recyceltem Altpapier, mit pers\u00f6nlichem Steckbrief beigelegt auf dem du die wichtigsten Infos zu deinem neuen Begleiter nachlesen kannst<\/p>\n","protected":false},"excerpt":{"rendered":"<p>Kraftvolle Ohrsch\u00e4tze mit 10mm Rosenquarzperle f\u00fcr K\u00f6rper, Geist &#038; Seele Weitere Materialien: handgebogener Edelstahldraht &#038; Ohrhaken aus hochwertigem Edelstahl (nickelfrei\/ wasserfest) Gesamtl\u00e4nge (ohne Ohrhaken): ~ 35mm *du bekommst deine Ohrringe h\u00fcbsch verpackt in einer handbedruckten Box aus recyceltem Altpapier, mit pers\u00f6nlichem Steckbrief beigelegt auf dem du die wichtigsten Infos zu deinem neuen Begleiter nachlesen kannst<\/p>\n","protected":false},"featured_media":1491,"template":"","meta":{"_acf_changed":false},"product_brand":[],"product_cat":[163,70],"product_tag":[],"class_list":{"0":"post-1490","1":"product","2":"type-product","3":"status-publish","4":"has-post-thumbnail","6":"product_cat-ohrringe","7":"product_cat-schmuck","9":"first","10":"instock","11":"purchasable","12":"product-type-simple"},"acf":[],"_links":{"self":[{"href":"https:\/\/www.regionalis.shop\/ricardart\/wp-json\/wp\/v2\/product\/1490","targetHints":{"allow":["GET"]}}],"collection":[{"href":"https:\/\/www.regionalis.shop\/ricardart\/wp-json\/wp\/v2\/product"}],"about":[{"href":"https:\/\/www.regionalis.shop\/ricardart\/wp-json\/wp\/v2\/types\/product"}],"wp:featuredmedia":[{"embeddable":true,"href":"https:\/\/www.regionalis.shop\/ricardart\/wp-json\/wp\/v2\/media\/1491"}],"wp:attachment":[{"href":"https:\/\/www.regionalis.shop\/ricardart\/wp-json\/wp\/v2\/media?parent=1490"}],"wp:term":[{"taxonomy":"product_brand","embeddable":true,"href":"https:\/\/www.regionalis.shop\/ricardart\/wp-json\/wp\/v2\/product_brand?post=1490"},{"taxonomy":"product_cat","embeddable":true,"href":"https:\/\/www.regionalis.shop\/ricardart\/wp-json\/wp\/v2\/product_cat?post=1490"},{"taxonomy":"product_tag","embeddable":true,"href":"https:\/\/www.regionalis.shop\/ricardart\/wp-json\/wp\/v2\/product_tag?post=1490"}],"curies":[{"name":"wp","href":"https:\/\/api.w.org\/{rel}","templated":true}]}}