{"id":1493,"date":"2025-04-18T08:40:43","date_gmt":"2025-04-18T06:40:43","guid":{"rendered":"https:\/\/www.regionalis.shop\/ricardart\/product\/tassel-ohrringe-silver-snowflake\/"},"modified":"2025-04-18T08:40:43","modified_gmt":"2025-04-18T06:40:43","slug":"tassel-ohrringe-silver-snowflake","status":"publish","type":"product","link":"https:\/\/www.regionalis.shop\/ricardart\/shop\/tassel-ohrringe-silver-snowflake\/","title":{"rendered":"Tassel Ohrringe *SILVER SNOWFLAKE*"},"content":{"rendered":"<p>Tassel Ohrringe im Weihnachtsdesign mit versilberten Messing Schneeflocken, Edelstahlhoops mit 25mm Durchmesser &#038; tannengr\u00fcnen Baumwolltasseln. Die Ohrhaken aus Edelstahl sind nickelfrei &#038; auch f\u00fcr sensible Ohren geeignet<br \/>\nGesamtl\u00e4nge (ohne Ohrhaken) ~ ~50mm<\/p>\n","protected":false},"excerpt":{"rendered":"<p>Tassel Ohrringe im Weihnachtsdesign mit versilberten Messing Schneeflocken, Edelstahlhoops mit 25mm Durchmesser &#038; tannengr\u00fcnen Baumwolltasseln. Die Ohrhaken aus Edelstahl sind nickelfrei &#038; auch f\u00fcr sensible Ohren geeignet Gesamtl\u00e4nge (ohne Ohrhaken) ~ ~50mm<\/p>\n","protected":false},"featured_media":1494,"template":"","meta":{"_acf_changed":false},"product_brand":[],"product_cat":[163,70],"product_tag":[],"class_list":{"0":"post-1493","1":"product","2":"type-product","3":"status-publish","4":"has-post-thumbnail","6":"product_cat-ohrringe","7":"product_cat-schmuck","9":"first","10":"instock","11":"purchasable","12":"product-type-simple"},"acf":[],"_links":{"self":[{"href":"https:\/\/www.regionalis.shop\/ricardart\/wp-json\/wp\/v2\/product\/1493","targetHints":{"allow":["GET"]}}],"collection":[{"href":"https:\/\/www.regionalis.shop\/ricardart\/wp-json\/wp\/v2\/product"}],"about":[{"href":"https:\/\/www.regionalis.shop\/ricardart\/wp-json\/wp\/v2\/types\/product"}],"wp:featuredmedia":[{"embeddable":true,"href":"https:\/\/www.regionalis.shop\/ricardart\/wp-json\/wp\/v2\/media\/1494"}],"wp:attachment":[{"href":"https:\/\/www.regionalis.shop\/ricardart\/wp-json\/wp\/v2\/media?parent=1493"}],"wp:term":[{"taxonomy":"product_brand","embeddable":true,"href":"https:\/\/www.regionalis.shop\/ricardart\/wp-json\/wp\/v2\/product_brand?post=1493"},{"taxonomy":"product_cat","embeddable":true,"href":"https:\/\/www.regionalis.shop\/ricardart\/wp-json\/wp\/v2\/product_cat?post=1493"},{"taxonomy":"product_tag","embeddable":true,"href":"https:\/\/www.regionalis.shop\/ricardart\/wp-json\/wp\/v2\/product_tag?post=1493"}],"curies":[{"name":"wp","href":"https:\/\/api.w.org\/{rel}","templated":true}]}}