{"id":1502,"date":"2025-04-18T08:39:31","date_gmt":"2025-04-18T06:39:31","guid":{"rendered":"https:\/\/www.regionalis.shop\/ricardart\/product\/amethyst-mondstein-kristallarmband-18k-vergoldet\/"},"modified":"2025-04-18T08:39:31","modified_gmt":"2025-04-18T06:39:31","slug":"amethyst-mondstein-kristallarmband-18k-vergoldet","status":"publish","type":"product","link":"https:\/\/www.regionalis.shop\/ricardart\/shop\/amethyst-mondstein-kristallarmband-18k-vergoldet\/","title":{"rendered":"Amethyst\/Mondstein Kristallarmband *18k vergoldet"},"content":{"rendered":"<p>Hochwertige Armb\u00e4nder aus wasserfestem Makrameegarn, mit 4mm facettierten Edelsteinen (Amethyst oder Mondstein), 18k vergoldeten Kupferperlen &#038; l\u00e4ngenverstellbarem Schiebeverschluss zum individuellen Anpassen<\/p>\n<p>Du bekommst dein Armband h\u00fcbsch verpackt in einer handbedruckten Box aus recyceltem Altpapier, mit pers\u00f6nlichem Steckbrief beigelegt auf dem du die wichtigsten Infos zu deinem neuen Begleiter nachlesen kannst<\/p>\n","protected":false},"excerpt":{"rendered":"<p>Hochwertige Armb\u00e4nder aus wasserfestem Makrameegarn, mit 4mm facettierten Edelsteinen (Amethyst oder Mondstein), 18k vergoldeten Kupferperlen &#038; l\u00e4ngenverstellbarem Schiebeverschluss zum individuellen Anpassen Du bekommst dein Armband h\u00fcbsch verpackt in einer handbedruckten Box aus recyceltem Altpapier, mit pers\u00f6nlichem Steckbrief beigelegt auf dem du die wichtigsten Infos zu deinem neuen Begleiter nachlesen kannst<\/p>\n","protected":false},"featured_media":1503,"template":"","meta":{"_acf_changed":false},"product_brand":[],"product_cat":[110,70],"product_tag":[],"class_list":{"0":"post-1502","1":"product","2":"type-product","3":"status-publish","4":"has-post-thumbnail","6":"product_cat-armbaender","7":"product_cat-schmuck","9":"first","10":"instock","11":"purchasable","12":"product-type-simple"},"acf":[],"_links":{"self":[{"href":"https:\/\/www.regionalis.shop\/ricardart\/wp-json\/wp\/v2\/product\/1502","targetHints":{"allow":["GET"]}}],"collection":[{"href":"https:\/\/www.regionalis.shop\/ricardart\/wp-json\/wp\/v2\/product"}],"about":[{"href":"https:\/\/www.regionalis.shop\/ricardart\/wp-json\/wp\/v2\/types\/product"}],"wp:featuredmedia":[{"embeddable":true,"href":"https:\/\/www.regionalis.shop\/ricardart\/wp-json\/wp\/v2\/media\/1503"}],"wp:attachment":[{"href":"https:\/\/www.regionalis.shop\/ricardart\/wp-json\/wp\/v2\/media?parent=1502"}],"wp:term":[{"taxonomy":"product_brand","embeddable":true,"href":"https:\/\/www.regionalis.shop\/ricardart\/wp-json\/wp\/v2\/product_brand?post=1502"},{"taxonomy":"product_cat","embeddable":true,"href":"https:\/\/www.regionalis.shop\/ricardart\/wp-json\/wp\/v2\/product_cat?post=1502"},{"taxonomy":"product_tag","embeddable":true,"href":"https:\/\/www.regionalis.shop\/ricardart\/wp-json\/wp\/v2\/product_tag?post=1502"}],"curies":[{"name":"wp","href":"https:\/\/api.w.org\/{rel}","templated":true}]}}