{"id":1506,"date":"2025-04-18T08:39:31","date_gmt":"2025-04-18T06:39:31","guid":{"rendered":"https:\/\/www.regionalis.shop\/ricardart\/product\/citrin-ohrringe-golden-sun\/"},"modified":"2025-04-18T08:39:31","modified_gmt":"2025-04-18T06:39:31","slug":"citrin-ohrringe-golden-sun","status":"publish","type":"product","link":"https:\/\/www.regionalis.shop\/ricardart\/shop\/citrin-ohrringe-golden-sun\/","title":{"rendered":"CITRIN Ohrringe *GOLDEN SUN*"},"content":{"rendered":"<p>Kraftvoller Ohrschmuck mit nat\u00fcrlichem Citrin in unregelm\u00e4\u00dfiger &#038; einzigartiger Form.  Mit Ohrhaken aus hochwertig vergoldetem Edelstahl (nickelfrei), hangebogener, vergoldeter Edelstahldraht &#038;<br \/>\n18k vergoldete Kupferperlen (~3mm)<br \/>\nGesamtl\u00e4nge: ~45mm<\/p>\n<p>Du bekommst deine Sch\u00e4tze h\u00fcbsch verpackt in einer handbedruckten Box aus recyceltem Altpapier, mit pers\u00f6nlichem Steckbrief beigelegt auf dem du die wichtigsten Infos zu deinem neuen Begleiter nachlesen kannst<\/p>\n<p>CITRIN (Solarplexuschakra\/ Manip\u016bra)<br \/>\n Lebensfreude ~ Energie ~ Lebensmut<br \/>\n Ein Powerstein &#038; Energiespender<br \/>\n Der Citrin bringt deine inneres Licht zum Strahlen  Er spendet Lebensfreude &#038; Energie und ist dir, insbesonders auch an betr\u00fcbten Tagen, ein wahrer Sonnenspender &#038; Seelentr\u00f6ster. Ein idealer Begleiter bei psychischen Krisen, in belastenden Lebensphasen &#038; zum Finden deiner inneren Balance<br \/>\n Sternzeichen: L\u00f6we<\/p>\n","protected":false},"excerpt":{"rendered":"<p>Kraftvoller Ohrschmuck mit nat\u00fcrlichem Citrin in unregelm\u00e4\u00dfiger &#038; einzigartiger Form. Mit Ohrhaken aus hochwertig vergoldetem Edelstahl (nickelfrei), hangebogener, vergoldeter Edelstahldraht &#038; 18k vergoldete Kupferperlen (~3mm) Gesamtl\u00e4nge: ~45mm Du bekommst deine Sch\u00e4tze h\u00fcbsch verpackt in einer handbedruckten Box aus recyceltem Altpapier, mit pers\u00f6nlichem Steckbrief beigelegt auf dem du die wichtigsten Infos zu deinem neuen Begleiter nachlesen &hellip; <a href=\"https:\/\/www.regionalis.shop\/ricardart\/shop\/citrin-ohrringe-golden-sun\/\">Continued<\/a><\/p>\n","protected":false},"featured_media":1507,"template":"","meta":{"_acf_changed":false},"product_brand":[],"product_cat":[163,70],"product_tag":[],"class_list":{"0":"post-1506","1":"product","2":"type-product","3":"status-publish","4":"has-post-thumbnail","6":"product_cat-ohrringe","7":"product_cat-schmuck","9":"first","10":"instock","11":"purchasable","12":"product-type-simple"},"acf":[],"_links":{"self":[{"href":"https:\/\/www.regionalis.shop\/ricardart\/wp-json\/wp\/v2\/product\/1506","targetHints":{"allow":["GET"]}}],"collection":[{"href":"https:\/\/www.regionalis.shop\/ricardart\/wp-json\/wp\/v2\/product"}],"about":[{"href":"https:\/\/www.regionalis.shop\/ricardart\/wp-json\/wp\/v2\/types\/product"}],"wp:featuredmedia":[{"embeddable":true,"href":"https:\/\/www.regionalis.shop\/ricardart\/wp-json\/wp\/v2\/media\/1507"}],"wp:attachment":[{"href":"https:\/\/www.regionalis.shop\/ricardart\/wp-json\/wp\/v2\/media?parent=1506"}],"wp:term":[{"taxonomy":"product_brand","embeddable":true,"href":"https:\/\/www.regionalis.shop\/ricardart\/wp-json\/wp\/v2\/product_brand?post=1506"},{"taxonomy":"product_cat","embeddable":true,"href":"https:\/\/www.regionalis.shop\/ricardart\/wp-json\/wp\/v2\/product_cat?post=1506"},{"taxonomy":"product_tag","embeddable":true,"href":"https:\/\/www.regionalis.shop\/ricardart\/wp-json\/wp\/v2\/product_tag?post=1506"}],"curies":[{"name":"wp","href":"https:\/\/api.w.org\/{rel}","templated":true}]}}