{"id":1520,"date":"2025-04-18T08:25:07","date_gmt":"2025-04-18T06:25:07","guid":{"rendered":"https:\/\/www.regionalis.shop\/ricardart\/product\/bergkristall-doppelarmband-mandala-silber\/"},"modified":"2025-04-18T08:25:07","modified_gmt":"2025-04-18T06:25:07","slug":"bergkristall-doppelarmband-mandala-silber","status":"publish","type":"product","link":"https:\/\/www.regionalis.shop\/ricardart\/shop\/bergkristall-doppelarmband-mandala-silber\/","title":{"rendered":"Bergkristall Doppelarmband *MANDALA* silber"},"content":{"rendered":"<p>Kraftvolles Doppelarmband, von Hand gefertigt aus wasserfestem Makrameegarn (gewachst &#038; strapazierf\u00e4hig), 4mm Bergkristallperlen &#038; Zwischenperlen aus 304Edelstahl. Mit nickelfreiem Metallverbinder &#038; l\u00e4ngenverstellbarem Schiebeverschluss zum individuellen Anpassen <\/p>\n<p>* du bekommst dein Armband liebevoll verpackt &#038; mit pers\u00f6nlichem Steckbrief beigelegt auf dem du die wichtigsten Infos zu deinem neuen Begleiter nachlesen kannst <\/p>\n<p>BERGKRISTALL \u00a0(Kronenchakra\/Sahasr\u00e3ra)<br \/>\nKlarheit ~ Intuition ~ Geisteskraft ~ Erkenntnis\u00a0 ~ Konzentration<br \/>\nDer Bergkristall geh\u00f6rt zu den Quarzen &#038; ist einer der wichtigsten &#038; st\u00e4rksten Heilsteine \u00fcberhaupt. Er verhilft uns zu innerer Klarheit &#038; geistiger Reife und ist uns ein wertvoller Begleiter am Weg zu sich Selbst. Er wird au\u00dferdem zur Aufladung anderer Edelsteine verwendet &#038; sollte auch selbst regelm\u00e4\u00dfig gereinigt\/ ge-\/entladen werden.<br \/>\n(Sternzeichen: Steinbock)<\/p>\n","protected":false},"excerpt":{"rendered":"<p>Kraftvolles Doppelarmband, von Hand gefertigt aus wasserfestem Makrameegarn (gewachst &#038; strapazierf\u00e4hig), 4mm Bergkristallperlen &#038; Zwischenperlen aus 304Edelstahl. Mit nickelfreiem Metallverbinder &#038; l\u00e4ngenverstellbarem Schiebeverschluss zum individuellen Anpassen * du bekommst dein Armband liebevoll verpackt &#038; mit pers\u00f6nlichem Steckbrief beigelegt auf dem du die wichtigsten Infos zu deinem neuen Begleiter nachlesen kannst BERGKRISTALL \u00a0(Kronenchakra\/Sahasr\u00e3ra) Klarheit ~ Intuition &hellip; <a href=\"https:\/\/www.regionalis.shop\/ricardart\/shop\/bergkristall-doppelarmband-mandala-silber\/\">Continued<\/a><\/p>\n","protected":false},"featured_media":1521,"template":"","meta":{"_acf_changed":false},"product_brand":[],"product_cat":[110,70],"product_tag":[],"class_list":{"0":"post-1520","1":"product","2":"type-product","3":"status-publish","4":"has-post-thumbnail","6":"product_cat-armbaender","7":"product_cat-schmuck","9":"first","10":"instock","11":"purchasable","12":"product-type-simple"},"acf":[],"_links":{"self":[{"href":"https:\/\/www.regionalis.shop\/ricardart\/wp-json\/wp\/v2\/product\/1520","targetHints":{"allow":["GET"]}}],"collection":[{"href":"https:\/\/www.regionalis.shop\/ricardart\/wp-json\/wp\/v2\/product"}],"about":[{"href":"https:\/\/www.regionalis.shop\/ricardart\/wp-json\/wp\/v2\/types\/product"}],"wp:featuredmedia":[{"embeddable":true,"href":"https:\/\/www.regionalis.shop\/ricardart\/wp-json\/wp\/v2\/media\/1521"}],"wp:attachment":[{"href":"https:\/\/www.regionalis.shop\/ricardart\/wp-json\/wp\/v2\/media?parent=1520"}],"wp:term":[{"taxonomy":"product_brand","embeddable":true,"href":"https:\/\/www.regionalis.shop\/ricardart\/wp-json\/wp\/v2\/product_brand?post=1520"},{"taxonomy":"product_cat","embeddable":true,"href":"https:\/\/www.regionalis.shop\/ricardart\/wp-json\/wp\/v2\/product_cat?post=1520"},{"taxonomy":"product_tag","embeddable":true,"href":"https:\/\/www.regionalis.shop\/ricardart\/wp-json\/wp\/v2\/product_tag?post=1520"}],"curies":[{"name":"wp","href":"https:\/\/api.w.org\/{rel}","templated":true}]}}