{"id":1525,"date":"2025-04-18T08:25:07","date_gmt":"2025-04-18T06:25:07","guid":{"rendered":"https:\/\/www.regionalis.shop\/ricardart\/product\/amazonit-ohrringe-india\/"},"modified":"2025-04-18T08:25:07","modified_gmt":"2025-04-18T06:25:07","slug":"amazonit-ohrringe-india","status":"publish","type":"product","link":"https:\/\/www.regionalis.shop\/ricardart\/shop\/amazonit-ohrringe-india\/","title":{"rendered":"AMAZONIT Ohrringe *INDIA*"},"content":{"rendered":"<p>Kraftvolle Ohrsch\u00e4tze f\u00fcr K\u00f6rper, Geist &#038; Seele<br \/>\nHandgebogener Edelstahldraht mit nat\u00fcrlichen Amazonitperlen (~10mm), mit Ohrhaken aus hochwertigem Edelstahl (nickelfrei\/ wasserfest)<br \/>\nGesamtl\u00e4nge: ~ 35mm<\/p>\n<p>*du bekommst dein Schmuckset h\u00fcbsch verpackt in einer handbedruckten Box aus recyceltem Altpapier, mit pers\u00f6nlichem Steckbrief beigelegt auf dem du die wichtigsten Infos zu deinem neuen Begleiter nachlesen kannst<\/p>\n<p>AMAZONIT \u00a0(Halschakra\/Vi\u015buddha)<br \/>\nGelassenheit ~ innere Ruhe &#038; Balance ~ Frieden<br \/>\nDer ANTI-STRESS-STEIN oder auch &#8218;\u00c4rger dich nicht Stein&#8216; genannt\u00a0<br \/>\n\u00a0Im hektischen Berufsalltag der ideale Begleiter &#038; Ruhepol. Auch bei Wut, \u00c4rger &#038; Frust unterst\u00fctzt er dich dabei deinen Weg in die Gelassenheit zur\u00fcckzufinden -> mit K\u00f6rperkontakt tragen! Sternzeichen: Skorpion<\/p>\n","protected":false},"excerpt":{"rendered":"<p>Kraftvolle Ohrsch\u00e4tze f\u00fcr K\u00f6rper, Geist &#038; Seele Handgebogener Edelstahldraht mit nat\u00fcrlichen Amazonitperlen (~10mm), mit Ohrhaken aus hochwertigem Edelstahl (nickelfrei\/ wasserfest) Gesamtl\u00e4nge: ~ 35mm *du bekommst dein Schmuckset h\u00fcbsch verpackt in einer handbedruckten Box aus recyceltem Altpapier, mit pers\u00f6nlichem Steckbrief beigelegt auf dem du die wichtigsten Infos zu deinem neuen Begleiter nachlesen kannst AMAZONIT \u00a0(Halschakra\/Vi\u015buddha) Gelassenheit &hellip; <a href=\"https:\/\/www.regionalis.shop\/ricardart\/shop\/amazonit-ohrringe-india\/\">Continued<\/a><\/p>\n","protected":false},"featured_media":1526,"template":"","meta":{"_acf_changed":false},"product_brand":[],"product_cat":[163,70],"product_tag":[],"class_list":{"0":"post-1525","1":"product","2":"type-product","3":"status-publish","4":"has-post-thumbnail","6":"product_cat-ohrringe","7":"product_cat-schmuck","9":"first","10":"instock","11":"purchasable","12":"product-type-simple"},"acf":[],"_links":{"self":[{"href":"https:\/\/www.regionalis.shop\/ricardart\/wp-json\/wp\/v2\/product\/1525","targetHints":{"allow":["GET"]}}],"collection":[{"href":"https:\/\/www.regionalis.shop\/ricardart\/wp-json\/wp\/v2\/product"}],"about":[{"href":"https:\/\/www.regionalis.shop\/ricardart\/wp-json\/wp\/v2\/types\/product"}],"wp:featuredmedia":[{"embeddable":true,"href":"https:\/\/www.regionalis.shop\/ricardart\/wp-json\/wp\/v2\/media\/1526"}],"wp:attachment":[{"href":"https:\/\/www.regionalis.shop\/ricardart\/wp-json\/wp\/v2\/media?parent=1525"}],"wp:term":[{"taxonomy":"product_brand","embeddable":true,"href":"https:\/\/www.regionalis.shop\/ricardart\/wp-json\/wp\/v2\/product_brand?post=1525"},{"taxonomy":"product_cat","embeddable":true,"href":"https:\/\/www.regionalis.shop\/ricardart\/wp-json\/wp\/v2\/product_cat?post=1525"},{"taxonomy":"product_tag","embeddable":true,"href":"https:\/\/www.regionalis.shop\/ricardart\/wp-json\/wp\/v2\/product_tag?post=1525"}],"curies":[{"name":"wp","href":"https:\/\/api.w.org\/{rel}","templated":true}]}}