{"id":1530,"date":"2025-04-18T08:25:07","date_gmt":"2025-04-18T06:25:07","guid":{"rendered":"https:\/\/www.regionalis.shop\/ricardart\/product\/traumfaenger-indian-dream\/"},"modified":"2025-04-18T08:25:07","modified_gmt":"2025-04-18T06:25:07","slug":"traumfaenger-indian-dream","status":"publish","type":"product","link":"https:\/\/www.regionalis.shop\/ricardart\/shop\/traumfaenger-indian-dream\/","title":{"rendered":"Traumf\u00e4nger *INDIAN DREAM*"},"content":{"rendered":"<p>Ein einzigartiges Herzst\u00fcck, von Hand gefertigt  Durchmesser Reifen: 17cm, umkn\u00fcpft mit Makrameegarn aus recycelter Baumwolle. Best\u00fcckt mit Holzperlen &#038; nat\u00fcrlichen Hahnfedern Gesamtl\u00e4nge: ca. 45cm<\/p>\n<p>*du bekommst dein Herzst\u00fcck liebevoll verpackt in handbedrucktem, recyceltem Altpapier- individuell &#038; umweltfreundlich<\/p>\n","protected":false},"excerpt":{"rendered":"<p>Ein einzigartiges Herzst\u00fcck, von Hand gefertigt Durchmesser Reifen: 17cm, umkn\u00fcpft mit Makrameegarn aus recycelter Baumwolle. Best\u00fcckt mit Holzperlen &#038; nat\u00fcrlichen Hahnfedern Gesamtl\u00e4nge: ca. 45cm *du bekommst dein Herzst\u00fcck liebevoll verpackt in handbedrucktem, recyceltem Altpapier- individuell &#038; umweltfreundlich<\/p>\n","protected":false},"featured_media":1531,"template":"","meta":{"_acf_changed":false},"product_brand":[],"product_cat":[174,103],"product_tag":[],"class_list":{"0":"post-1530","1":"product","2":"type-product","3":"status-publish","4":"has-post-thumbnail","6":"product_cat-wohndekoration","7":"product_cat-wohnen-deko","9":"first","10":"instock","11":"purchasable","12":"product-type-simple"},"acf":[],"_links":{"self":[{"href":"https:\/\/www.regionalis.shop\/ricardart\/wp-json\/wp\/v2\/product\/1530","targetHints":{"allow":["GET"]}}],"collection":[{"href":"https:\/\/www.regionalis.shop\/ricardart\/wp-json\/wp\/v2\/product"}],"about":[{"href":"https:\/\/www.regionalis.shop\/ricardart\/wp-json\/wp\/v2\/types\/product"}],"wp:featuredmedia":[{"embeddable":true,"href":"https:\/\/www.regionalis.shop\/ricardart\/wp-json\/wp\/v2\/media\/1531"}],"wp:attachment":[{"href":"https:\/\/www.regionalis.shop\/ricardart\/wp-json\/wp\/v2\/media?parent=1530"}],"wp:term":[{"taxonomy":"product_brand","embeddable":true,"href":"https:\/\/www.regionalis.shop\/ricardart\/wp-json\/wp\/v2\/product_brand?post=1530"},{"taxonomy":"product_cat","embeddable":true,"href":"https:\/\/www.regionalis.shop\/ricardart\/wp-json\/wp\/v2\/product_cat?post=1530"},{"taxonomy":"product_tag","embeddable":true,"href":"https:\/\/www.regionalis.shop\/ricardart\/wp-json\/wp\/v2\/product_tag?post=1530"}],"curies":[{"name":"wp","href":"https:\/\/api.w.org\/{rel}","templated":true}]}}