{"id":1534,"date":"2025-04-18T08:23:16","date_gmt":"2025-04-18T06:23:16","guid":{"rendered":"https:\/\/www.regionalis.shop\/ricardart\/product\/lotus-925-sterlingsilber-schmuckset-bergkristall\/"},"modified":"2025-04-18T08:23:16","modified_gmt":"2025-04-18T06:23:16","slug":"lotus-925-sterlingsilber-schmuckset-bergkristall","status":"publish","type":"product","link":"https:\/\/www.regionalis.shop\/ricardart\/shop\/lotus-925-sterlingsilber-schmuckset-bergkristall\/","title":{"rendered":"LOTUS 925 Sterlingsilber Schmuckset *Bergkristall"},"content":{"rendered":"<p>Zartes Schmuckset aus 925 Sterlingsilber (Halskette &#038; Lotusanh\u00e4nger) bestehend aus Ohrringen mit 4mm Bergkristallperlen &#038; einer Halskette mit Karabinerverschluss &#038; Verl\u00e4ngerungskettchen.<\/p>\n<p>*du bekommst dein Schmuckset h\u00fcbsch verpackt in einer handbedruckten Box aus recyceltem Altpapier &#038; mit pers\u00f6nlichem Steckbrief beigelegt, auf dem du die wichtigsten Infos zu deinem neuen Begleiter nachlesen kannst<\/p>\n<p>BERGKRISTALL \u00a0(Kronenchakra\/Sahasr\u00e3ra)<br \/>\nKlarheit ~ Intuition ~ Geisteskraft ~ Erkenntnis\u00a0 ~ Konzentration<br \/>\nDer Bergkristall geh\u00f6rt zu den Quarzen &#038; ist einer der wichtigsten &#038; st\u00e4rksten Heilsteine \u00fcberhaupt. Er verhilft uns zu innerer Klarheit &#038; geistiger Reife und ist uns ein wertvoller Begleiter am Weg zu sich Selbst. Er wird au\u00dferdem zur Aufladung anderer Edelsteine verwendet &#038; sollte auch selbst regelm\u00e4\u00dfig gereinigt\/ ge-\/entladen werden.<br \/>\n(Sternzeichen: Steinbock)<\/p>\n","protected":false},"excerpt":{"rendered":"<p>Zartes Schmuckset aus 925 Sterlingsilber (Halskette &#038; Lotusanh\u00e4nger) bestehend aus Ohrringen mit 4mm Bergkristallperlen &#038; einer Halskette mit Karabinerverschluss &#038; Verl\u00e4ngerungskettchen. *du bekommst dein Schmuckset h\u00fcbsch verpackt in einer handbedruckten Box aus recyceltem Altpapier &#038; mit pers\u00f6nlichem Steckbrief beigelegt, auf dem du die wichtigsten Infos zu deinem neuen Begleiter nachlesen kannst BERGKRISTALL \u00a0(Kronenchakra\/Sahasr\u00e3ra) Klarheit ~ &hellip; <a href=\"https:\/\/www.regionalis.shop\/ricardart\/shop\/lotus-925-sterlingsilber-schmuckset-bergkristall\/\">Continued<\/a><\/p>\n","protected":false},"featured_media":1535,"template":"","meta":{"_acf_changed":false},"product_brand":[],"product_cat":[70,71],"product_tag":[],"class_list":{"0":"post-1534","1":"product","2":"type-product","3":"status-publish","4":"has-post-thumbnail","6":"product_cat-schmuck","7":"product_cat-schmucksets","9":"first","10":"instock","11":"purchasable","12":"product-type-simple"},"acf":[],"_links":{"self":[{"href":"https:\/\/www.regionalis.shop\/ricardart\/wp-json\/wp\/v2\/product\/1534","targetHints":{"allow":["GET"]}}],"collection":[{"href":"https:\/\/www.regionalis.shop\/ricardart\/wp-json\/wp\/v2\/product"}],"about":[{"href":"https:\/\/www.regionalis.shop\/ricardart\/wp-json\/wp\/v2\/types\/product"}],"wp:featuredmedia":[{"embeddable":true,"href":"https:\/\/www.regionalis.shop\/ricardart\/wp-json\/wp\/v2\/media\/1535"}],"wp:attachment":[{"href":"https:\/\/www.regionalis.shop\/ricardart\/wp-json\/wp\/v2\/media?parent=1534"}],"wp:term":[{"taxonomy":"product_brand","embeddable":true,"href":"https:\/\/www.regionalis.shop\/ricardart\/wp-json\/wp\/v2\/product_brand?post=1534"},{"taxonomy":"product_cat","embeddable":true,"href":"https:\/\/www.regionalis.shop\/ricardart\/wp-json\/wp\/v2\/product_cat?post=1534"},{"taxonomy":"product_tag","embeddable":true,"href":"https:\/\/www.regionalis.shop\/ricardart\/wp-json\/wp\/v2\/product_tag?post=1534"}],"curies":[{"name":"wp","href":"https:\/\/api.w.org\/{rel}","templated":true}]}}