{"id":1539,"date":"2025-04-18T08:20:11","date_gmt":"2025-04-18T06:20:11","guid":{"rendered":"https:\/\/www.regionalis.shop\/ricardart\/product\/tuerkis-armkettchen-edelstahl\/"},"modified":"2025-04-18T08:20:11","modified_gmt":"2025-04-18T06:20:11","slug":"tuerkis-armkettchen-edelstahl","status":"publish","type":"product","link":"https:\/\/www.regionalis.shop\/ricardart\/shop\/tuerkis-armkettchen-edelstahl\/","title":{"rendered":"T\u00fcrkis Armkettchen *Edelstahl"},"content":{"rendered":"<p>Kraftvolles T\u00fcrkisarmkettchen aus hochwertigem Edelstahl (nickelfrei, wasserfest) mit Karabinerverschluss &#038; nat\u00fcrlichen T\u00fcrkisperlen<\/p>\n<p>*du bekommst dein Armband h\u00fcbsch verpackt in einer handbedruckten Box aus recyceltem Altpapier, mit pers\u00f6nlichem Steckbrief beigelegt auf dem du die wichtigsten Infos zu deinem neuen Begleiter nachlesen kannst <\/p>\n<p>T\u00dcRKIS (Halschakra\/ Vi\u015buddha)<br \/>\nKreativit\u00e4t ~ Lebensfreude\/ Lebenskraft ~ Selbstbewusstsein ~ Kommunikation ~<br \/>\nDer wundersch\u00f6ne T\u00fcrkis ist ein Multitalent &#038; einer meiner pers\u00f6nlichen Lieblinge  Er unterstreicht deine individuellen Z\u00fcge &#038; deine Kreativit\u00e4t, f\u00f6rdert Selbstbewusstsein &#038; Kommunikation und ist auch im beruflichen Alltag &#038; beim Streben nach Erfolg ein positiver &#038; unterst\u00fctzender Begleiter.\u00a0 Besonders in schweren Krisenzeiten, bei Kummer &#038; Depression ist der T\u00fcrkis ein wunderbarer Krisenhelfer. Sternzeichen: Skorpion\u00a0<\/p>\n","protected":false},"excerpt":{"rendered":"<p>Kraftvolles T\u00fcrkisarmkettchen aus hochwertigem Edelstahl (nickelfrei, wasserfest) mit Karabinerverschluss &#038; nat\u00fcrlichen T\u00fcrkisperlen *du bekommst dein Armband h\u00fcbsch verpackt in einer handbedruckten Box aus recyceltem Altpapier, mit pers\u00f6nlichem Steckbrief beigelegt auf dem du die wichtigsten Infos zu deinem neuen Begleiter nachlesen kannst T\u00dcRKIS (Halschakra\/ Vi\u015buddha) Kreativit\u00e4t ~ Lebensfreude\/ Lebenskraft ~ Selbstbewusstsein ~ Kommunikation ~ Der wundersch\u00f6ne &hellip; <a href=\"https:\/\/www.regionalis.shop\/ricardart\/shop\/tuerkis-armkettchen-edelstahl\/\">Continued<\/a><\/p>\n","protected":false},"featured_media":1540,"template":"","meta":{"_acf_changed":false},"product_brand":[],"product_cat":[110,70],"product_tag":[],"class_list":{"0":"post-1539","1":"product","2":"type-product","3":"status-publish","4":"has-post-thumbnail","6":"product_cat-armbaender","7":"product_cat-schmuck","9":"first","10":"instock","11":"purchasable","12":"product-type-simple"},"acf":[],"_links":{"self":[{"href":"https:\/\/www.regionalis.shop\/ricardart\/wp-json\/wp\/v2\/product\/1539","targetHints":{"allow":["GET"]}}],"collection":[{"href":"https:\/\/www.regionalis.shop\/ricardart\/wp-json\/wp\/v2\/product"}],"about":[{"href":"https:\/\/www.regionalis.shop\/ricardart\/wp-json\/wp\/v2\/types\/product"}],"wp:featuredmedia":[{"embeddable":true,"href":"https:\/\/www.regionalis.shop\/ricardart\/wp-json\/wp\/v2\/media\/1540"}],"wp:attachment":[{"href":"https:\/\/www.regionalis.shop\/ricardart\/wp-json\/wp\/v2\/media?parent=1539"}],"wp:term":[{"taxonomy":"product_brand","embeddable":true,"href":"https:\/\/www.regionalis.shop\/ricardart\/wp-json\/wp\/v2\/product_brand?post=1539"},{"taxonomy":"product_cat","embeddable":true,"href":"https:\/\/www.regionalis.shop\/ricardart\/wp-json\/wp\/v2\/product_cat?post=1539"},{"taxonomy":"product_tag","embeddable":true,"href":"https:\/\/www.regionalis.shop\/ricardart\/wp-json\/wp\/v2\/product_tag?post=1539"}],"curies":[{"name":"wp","href":"https:\/\/api.w.org\/{rel}","templated":true}]}}