{"id":1543,"date":"2025-04-18T08:15:47","date_gmt":"2025-04-18T06:15:47","guid":{"rendered":"https:\/\/www.regionalis.shop\/ricardart\/product\/lavastein-schmuckset-ethnic-tears\/"},"modified":"2025-04-18T08:15:47","modified_gmt":"2025-04-18T06:15:47","slug":"lavastein-schmuckset-ethnic-tears","status":"publish","type":"product","link":"https:\/\/www.regionalis.shop\/ricardart\/shop\/lavastein-schmuckset-ethnic-tears\/","title":{"rendered":"Lavastein Schmuckset *ETHNIC TEARS*"},"content":{"rendered":"<p>Einzigartiges Schmuckset im Ethnodesign, mit nat\u00fcrlichen, schwarzen Lavaperlen &#038; tropfenf\u00f6rmigen Pendants aus hochwertig vergoldetem Kupfer (ca. 6 * 3,5cm) Die Ohrhaken aus 314Edelstahl sind nickelfrei und auch f\u00fcr sensible Ohren geeignet.<br \/>\nDie Halskette ist mit einem l\u00e4ngenverstellbaren Schiebeverschluss ausgestattet, welcher sich individuell an jedes Oberteil anpassen l\u00e4sst.<\/p>\n<p>*du bekommst dein Schmuckset h\u00fcbsch verpackt in einer handbedruckten Box aus recyceltem Altpapier, mit pers\u00f6nlichem Steckbrief beigelegt auf dem du die wichtigsten Infos zu deinem neuen Begleiter nachlesen kannst<\/p>\n","protected":false},"excerpt":{"rendered":"<p>Einzigartiges Schmuckset im Ethnodesign, mit nat\u00fcrlichen, schwarzen Lavaperlen &#038; tropfenf\u00f6rmigen Pendants aus hochwertig vergoldetem Kupfer (ca. 6 * 3,5cm) Die Ohrhaken aus 314Edelstahl sind nickelfrei und auch f\u00fcr sensible Ohren geeignet. Die Halskette ist mit einem l\u00e4ngenverstellbaren Schiebeverschluss ausgestattet, welcher sich individuell an jedes Oberteil anpassen l\u00e4sst. *du bekommst dein Schmuckset h\u00fcbsch verpackt in einer &hellip; <a href=\"https:\/\/www.regionalis.shop\/ricardart\/shop\/lavastein-schmuckset-ethnic-tears\/\">Continued<\/a><\/p>\n","protected":false},"featured_media":1544,"template":"","meta":{"_acf_changed":false},"product_brand":[],"product_cat":[70,71],"product_tag":[],"class_list":{"0":"post-1543","1":"product","2":"type-product","3":"status-publish","4":"has-post-thumbnail","6":"product_cat-schmuck","7":"product_cat-schmucksets","9":"first","10":"instock","11":"purchasable","12":"product-type-simple"},"acf":[],"_links":{"self":[{"href":"https:\/\/www.regionalis.shop\/ricardart\/wp-json\/wp\/v2\/product\/1543","targetHints":{"allow":["GET"]}}],"collection":[{"href":"https:\/\/www.regionalis.shop\/ricardart\/wp-json\/wp\/v2\/product"}],"about":[{"href":"https:\/\/www.regionalis.shop\/ricardart\/wp-json\/wp\/v2\/types\/product"}],"wp:featuredmedia":[{"embeddable":true,"href":"https:\/\/www.regionalis.shop\/ricardart\/wp-json\/wp\/v2\/media\/1544"}],"wp:attachment":[{"href":"https:\/\/www.regionalis.shop\/ricardart\/wp-json\/wp\/v2\/media?parent=1543"}],"wp:term":[{"taxonomy":"product_brand","embeddable":true,"href":"https:\/\/www.regionalis.shop\/ricardart\/wp-json\/wp\/v2\/product_brand?post=1543"},{"taxonomy":"product_cat","embeddable":true,"href":"https:\/\/www.regionalis.shop\/ricardart\/wp-json\/wp\/v2\/product_cat?post=1543"},{"taxonomy":"product_tag","embeddable":true,"href":"https:\/\/www.regionalis.shop\/ricardart\/wp-json\/wp\/v2\/product_tag?post=1543"}],"curies":[{"name":"wp","href":"https:\/\/api.w.org\/{rel}","templated":true}]}}