{"id":1547,"date":"2025-04-18T08:15:47","date_gmt":"2025-04-18T06:15:47","guid":{"rendered":"https:\/\/www.regionalis.shop\/ricardart\/product\/chakra-doppelarmband-squares-circle\/"},"modified":"2025-04-18T08:15:47","modified_gmt":"2025-04-18T06:15:47","slug":"chakra-doppelarmband-squares-circle","status":"publish","type":"product","link":"https:\/\/www.regionalis.shop\/ricardart\/shop\/chakra-doppelarmband-squares-circle\/","title":{"rendered":"CHAKRA Doppelarmband *SQUARES &#038; CIRCLE*"},"content":{"rendered":"<p>Individuelle Chakraarmb\u00e4nder mit 7 sorgf\u00e4ltig ausgew\u00e4hlten Edelsteinen in unregelm\u00e4\u00dfiger Splitterform zur Harmonisierung unserer Chakren &#038; f\u00fcr innere Balance  (mit Amethyst, Lapislazuli, Amazonit, Malachit, Citrin, Karneol &#038;  Granat)<br \/>\nVon Hand gefertigt aus strapazierf\u00e4higem Makrameegarn (gewachst &#038; wasserfest) mit geometrischen Verbindern aus hochwertigem Edelstahl &#038; l\u00e4ngenverstellbarem Schiebeverschluss zum individuellen Anpassen.<\/p>\n<p>*du bekommst dein Armband h\u00fcbsch verpackt in einem handbedrucktem Naturleinenbeutel &#038; mit pers\u00f6nlichem Steckbrief beigelegt<\/p>\n<p>\u300bbeim Bestellvorgang gew\u00fcnschte Variante angeben (Circle\/Squares)<\/p>\n","protected":false},"excerpt":{"rendered":"<p>Individuelle Chakraarmb\u00e4nder mit 7 sorgf\u00e4ltig ausgew\u00e4hlten Edelsteinen in unregelm\u00e4\u00dfiger Splitterform zur Harmonisierung unserer Chakren &#038; f\u00fcr innere Balance (mit Amethyst, Lapislazuli, Amazonit, Malachit, Citrin, Karneol &#038; Granat) Von Hand gefertigt aus strapazierf\u00e4higem Makrameegarn (gewachst &#038; wasserfest) mit geometrischen Verbindern aus hochwertigem Edelstahl &#038; l\u00e4ngenverstellbarem Schiebeverschluss zum individuellen Anpassen. *du bekommst dein Armband h\u00fcbsch verpackt in &hellip; <a href=\"https:\/\/www.regionalis.shop\/ricardart\/shop\/chakra-doppelarmband-squares-circle\/\">Continued<\/a><\/p>\n","protected":false},"featured_media":1548,"template":"","meta":{"_acf_changed":false},"product_brand":[],"product_cat":[110,70],"product_tag":[],"class_list":{"0":"post-1547","1":"product","2":"type-product","3":"status-publish","4":"has-post-thumbnail","6":"product_cat-armbaender","7":"product_cat-schmuck","9":"first","10":"instock","11":"purchasable","12":"product-type-simple"},"acf":[],"_links":{"self":[{"href":"https:\/\/www.regionalis.shop\/ricardart\/wp-json\/wp\/v2\/product\/1547","targetHints":{"allow":["GET"]}}],"collection":[{"href":"https:\/\/www.regionalis.shop\/ricardart\/wp-json\/wp\/v2\/product"}],"about":[{"href":"https:\/\/www.regionalis.shop\/ricardart\/wp-json\/wp\/v2\/types\/product"}],"wp:featuredmedia":[{"embeddable":true,"href":"https:\/\/www.regionalis.shop\/ricardart\/wp-json\/wp\/v2\/media\/1548"}],"wp:attachment":[{"href":"https:\/\/www.regionalis.shop\/ricardart\/wp-json\/wp\/v2\/media?parent=1547"}],"wp:term":[{"taxonomy":"product_brand","embeddable":true,"href":"https:\/\/www.regionalis.shop\/ricardart\/wp-json\/wp\/v2\/product_brand?post=1547"},{"taxonomy":"product_cat","embeddable":true,"href":"https:\/\/www.regionalis.shop\/ricardart\/wp-json\/wp\/v2\/product_cat?post=1547"},{"taxonomy":"product_tag","embeddable":true,"href":"https:\/\/www.regionalis.shop\/ricardart\/wp-json\/wp\/v2\/product_tag?post=1547"}],"curies":[{"name":"wp","href":"https:\/\/api.w.org\/{rel}","templated":true}]}}