{"id":1552,"date":"2025-04-18T08:15:47","date_gmt":"2025-04-18T06:15:47","guid":{"rendered":"https:\/\/www.regionalis.shop\/ricardart\/product\/bergkristall-labradorit-doppelarmband-lebensbaum\/"},"modified":"2025-04-18T08:15:47","modified_gmt":"2025-04-18T06:15:47","slug":"bergkristall-labradorit-doppelarmband-lebensbaum","status":"publish","type":"product","link":"https:\/\/www.regionalis.shop\/ricardart\/shop\/bergkristall-labradorit-doppelarmband-lebensbaum\/","title":{"rendered":"Bergkristall\/LABRADORIT Doppelarmband *LEBENSBAUM*"},"content":{"rendered":"<p>Zarte Armb\u00e4ndchen mit nat\u00fcrlichen Edelsteinen &#038; nickelfreien Lebensbaumverbindern aus Messing (12*15mm)<br \/>\nDie Armb\u00e4nder wurden aus wasserfestem, sehr strapazierf\u00e4higem Makrameegarn (gewachst) von Hand gefertigt. Mit l\u00e4ngenverstellbarem Schiebeverschluss zum individuellen Anpassen<\/p>\n<p>*Du bekommst dein Armband h\u00fcbsch verpackt &#038; mit pers\u00f6nlichem Steckbrief beigelegt, auf dem du die wichtigsten Infos zu deinem neuen Begleiter nachlesen kannst  <\/p>\n<p>BERGKRISTALL \u00a0(Kronenchakra\/Sahasr\u00e3ra)<br \/>\nKlarheit ~ Intuition ~ Geisteskraft ~ Erkenntnis\u00a0 ~ Konzentration<br \/>\nDer Bergkristall geh\u00f6rt zu den Quarzen &#038; ist einer der wichtigsten &#038; st\u00e4rksten Heilsteine \u00fcberhaupt. Er verhilft uns zu innerer Klarheit &#038; geistiger Reife und ist uns ein wertvoller Begleiter am Weg zu sich Selbst. Er wird au\u00dferdem zur Aufladung anderer Edelsteine verwendet &#038; sollte auch selbst regelm\u00e4\u00dfig gereinigt\/ ge-\/entladen werden.<br \/>\n(Sternzeichen: Steinbock)<\/p>\n<p>LABRADORIT \u00a0(alle Chakren)<br \/>\nFantasie &#8211; Kreativit\u00e4t- Intuition &#8211; Balance ~<br \/>\nDer schimmernde Labradorit befl\u00fcgelt den Geist &#038; die kreative Vorstellungskraft. Er unterst\u00fctzt dich dabei im Leben voranzukommen &#038; ist dir ein wunderbarer, unterst\u00fctzender Begleiter in jeder Lebenslage<br \/>\nName: Fundort\/Halbinsel &#8218;Labrador&#8216;<br \/>\nSternzeichen: Wassermann<\/p>\n","protected":false},"excerpt":{"rendered":"<p>Zarte Armb\u00e4ndchen mit nat\u00fcrlichen Edelsteinen &#038; nickelfreien Lebensbaumverbindern aus Messing (12*15mm) Die Armb\u00e4nder wurden aus wasserfestem, sehr strapazierf\u00e4higem Makrameegarn (gewachst) von Hand gefertigt. Mit l\u00e4ngenverstellbarem Schiebeverschluss zum individuellen Anpassen *Du bekommst dein Armband h\u00fcbsch verpackt &#038; mit pers\u00f6nlichem Steckbrief beigelegt, auf dem du die wichtigsten Infos zu deinem neuen Begleiter nachlesen kannst BERGKRISTALL \u00a0(Kronenchakra\/Sahasr\u00e3ra) Klarheit &hellip; <a href=\"https:\/\/www.regionalis.shop\/ricardart\/shop\/bergkristall-labradorit-doppelarmband-lebensbaum\/\">Continued<\/a><\/p>\n","protected":false},"featured_media":1553,"template":"","meta":{"_acf_changed":false},"product_brand":[],"product_cat":[110,70],"product_tag":[],"class_list":{"0":"post-1552","1":"product","2":"type-product","3":"status-publish","4":"has-post-thumbnail","6":"product_cat-armbaender","7":"product_cat-schmuck","9":"first","10":"instock","11":"purchasable","12":"product-type-simple"},"acf":[],"_links":{"self":[{"href":"https:\/\/www.regionalis.shop\/ricardart\/wp-json\/wp\/v2\/product\/1552","targetHints":{"allow":["GET"]}}],"collection":[{"href":"https:\/\/www.regionalis.shop\/ricardart\/wp-json\/wp\/v2\/product"}],"about":[{"href":"https:\/\/www.regionalis.shop\/ricardart\/wp-json\/wp\/v2\/types\/product"}],"wp:featuredmedia":[{"embeddable":true,"href":"https:\/\/www.regionalis.shop\/ricardart\/wp-json\/wp\/v2\/media\/1553"}],"wp:attachment":[{"href":"https:\/\/www.regionalis.shop\/ricardart\/wp-json\/wp\/v2\/media?parent=1552"}],"wp:term":[{"taxonomy":"product_brand","embeddable":true,"href":"https:\/\/www.regionalis.shop\/ricardart\/wp-json\/wp\/v2\/product_brand?post=1552"},{"taxonomy":"product_cat","embeddable":true,"href":"https:\/\/www.regionalis.shop\/ricardart\/wp-json\/wp\/v2\/product_cat?post=1552"},{"taxonomy":"product_tag","embeddable":true,"href":"https:\/\/www.regionalis.shop\/ricardart\/wp-json\/wp\/v2\/product_tag?post=1552"}],"curies":[{"name":"wp","href":"https:\/\/api.w.org\/{rel}","templated":true}]}}