{"id":1557,"date":"2025-04-18T08:15:47","date_gmt":"2025-04-18T06:15:47","guid":{"rendered":"https:\/\/www.regionalis.shop\/ricardart\/product\/rhodochrosit-doppelarmband-lebensbaum-rose\/"},"modified":"2025-04-18T08:15:47","modified_gmt":"2025-04-18T06:15:47","slug":"rhodochrosit-doppelarmband-lebensbaum-rose","status":"publish","type":"product","link":"https:\/\/www.regionalis.shop\/ricardart\/shop\/rhodochrosit-doppelarmband-lebensbaum-rose\/","title":{"rendered":"RHODOCHROSIT Doppelarmband *LEBENSBAUM ros\u00e9*"},"content":{"rendered":"<p>Ein feiner Begleiter in zartem ros\u00e9<br \/>\nMit 6mm Rhodochrositperle, ros\u00e9vergoldeten H\u00e4matitperlen &#038; Lebensbaum aus nickelfreiem, ros\u00e9vergoldetem Messing (14mm Durchmesser)<br \/>\nDas Armband wurde aus gewachstem, sehr strapazierf\u00e4higem Makrameegarn von Hand gefertigt. Mit Schiebeverschluss l\u00e4sst es sich individuell an jedes Handgelenk anpassen<\/p>\n<p>*Du bekommst dein Armband h\u00fcbsch verpackt &#038; mit pers\u00f6nlichem Steckbrief beigelegt, auf dem du die wichtigsten Infos zu deinem neuen Begleiter nachlesen kannst  <\/p>\n<p>RHODOCHROSIT \u00a0(Herz-, &#038; Wurzelchakra)<br \/>\nKreativit\u00e4t ~ Lebensfreude ~ Wandel ~ Vitalit\u00e4t ~ Sexualit\u00e4t<br \/>\nSchenkt dir neue Perspektiven &#038; ist in Zeiten des Wandels ein treuer und unterst\u00fctzender Begleiter  Vitalit\u00e4t &#038; Lebensfreude werden gest\u00e4rkt und die positiven Dinge des Lebens r\u00fccken mit diesem rosaroten Schatz immer mehr in den Vordergrund \u00a0<br \/>\nDer Rhodochrosit wird au\u00dferdem auch bei Hauptproblem angewendet (direkter Hautkontakt oder mit Edelsteinwasser)<br \/>\nSternzeichen: Stier<\/p>\n","protected":false},"excerpt":{"rendered":"<p>Ein feiner Begleiter in zartem ros\u00e9 Mit 6mm Rhodochrositperle, ros\u00e9vergoldeten H\u00e4matitperlen &#038; Lebensbaum aus nickelfreiem, ros\u00e9vergoldetem Messing (14mm Durchmesser) Das Armband wurde aus gewachstem, sehr strapazierf\u00e4higem Makrameegarn von Hand gefertigt. Mit Schiebeverschluss l\u00e4sst es sich individuell an jedes Handgelenk anpassen *Du bekommst dein Armband h\u00fcbsch verpackt &#038; mit pers\u00f6nlichem Steckbrief beigelegt, auf dem du die &hellip; <a href=\"https:\/\/www.regionalis.shop\/ricardart\/shop\/rhodochrosit-doppelarmband-lebensbaum-rose\/\">Continued<\/a><\/p>\n","protected":false},"featured_media":1558,"template":"","meta":{"_acf_changed":false},"product_brand":[],"product_cat":[110,70],"product_tag":[],"class_list":{"0":"post-1557","1":"product","2":"type-product","3":"status-publish","4":"has-post-thumbnail","6":"product_cat-armbaender","7":"product_cat-schmuck","9":"first","10":"instock","11":"purchasable","12":"product-type-simple"},"acf":[],"_links":{"self":[{"href":"https:\/\/www.regionalis.shop\/ricardart\/wp-json\/wp\/v2\/product\/1557","targetHints":{"allow":["GET"]}}],"collection":[{"href":"https:\/\/www.regionalis.shop\/ricardart\/wp-json\/wp\/v2\/product"}],"about":[{"href":"https:\/\/www.regionalis.shop\/ricardart\/wp-json\/wp\/v2\/types\/product"}],"wp:featuredmedia":[{"embeddable":true,"href":"https:\/\/www.regionalis.shop\/ricardart\/wp-json\/wp\/v2\/media\/1558"}],"wp:attachment":[{"href":"https:\/\/www.regionalis.shop\/ricardart\/wp-json\/wp\/v2\/media?parent=1557"}],"wp:term":[{"taxonomy":"product_brand","embeddable":true,"href":"https:\/\/www.regionalis.shop\/ricardart\/wp-json\/wp\/v2\/product_brand?post=1557"},{"taxonomy":"product_cat","embeddable":true,"href":"https:\/\/www.regionalis.shop\/ricardart\/wp-json\/wp\/v2\/product_cat?post=1557"},{"taxonomy":"product_tag","embeddable":true,"href":"https:\/\/www.regionalis.shop\/ricardart\/wp-json\/wp\/v2\/product_tag?post=1557"}],"curies":[{"name":"wp","href":"https:\/\/api.w.org\/{rel}","templated":true}]}}