{"id":1562,"date":"2025-04-18T08:15:47","date_gmt":"2025-04-18T06:15:47","guid":{"rendered":"https:\/\/www.regionalis.shop\/ricardart\/product\/chakra-armband-lebensbaum\/"},"modified":"2025-04-18T08:15:47","modified_gmt":"2025-04-18T06:15:47","slug":"chakra-armband-lebensbaum","status":"publish","type":"product","link":"https:\/\/www.regionalis.shop\/ricardart\/shop\/chakra-armband-lebensbaum\/","title":{"rendered":"CHAKRA Armband *LEBENSBAUM*"},"content":{"rendered":"<p>Kraftvolles Chakraarmband aus wasserfestem Makrameegarn (gewachst &#038; strapazierf\u00e4hig), mit 7 nat\u00fcrlichen Edelsteinen in ungeschliffener, einzigartiger Splitterform, 14mm Lebensbaum aus nickelfreiem Messing (versilbert oder vergoldet) &#038; l\u00e4ngenverstellbarem Schiebeverschluss zum individuellen anpassen<\/p>\n<p>*du bekommst dein Armband h\u00fcbsch verpackt &#038; mit pers\u00f6nlichem Steckbrief beigelegt auf dem du die wichtigsten Infos zu deinem neuen Begleiter nachlesen kannst<\/p>\n","protected":false},"excerpt":{"rendered":"<p>Kraftvolles Chakraarmband aus wasserfestem Makrameegarn (gewachst &#038; strapazierf\u00e4hig), mit 7 nat\u00fcrlichen Edelsteinen in ungeschliffener, einzigartiger Splitterform, 14mm Lebensbaum aus nickelfreiem Messing (versilbert oder vergoldet) &#038; l\u00e4ngenverstellbarem Schiebeverschluss zum individuellen anpassen *du bekommst dein Armband h\u00fcbsch verpackt &#038; mit pers\u00f6nlichem Steckbrief beigelegt auf dem du die wichtigsten Infos zu deinem neuen Begleiter nachlesen kannst<\/p>\n","protected":false},"featured_media":1563,"template":"","meta":{"_acf_changed":false},"product_brand":[],"product_cat":[110,70],"product_tag":[],"class_list":{"0":"post-1562","1":"product","2":"type-product","3":"status-publish","4":"has-post-thumbnail","6":"product_cat-armbaender","7":"product_cat-schmuck","9":"first","10":"instock","11":"purchasable","12":"product-type-simple"},"acf":[],"_links":{"self":[{"href":"https:\/\/www.regionalis.shop\/ricardart\/wp-json\/wp\/v2\/product\/1562","targetHints":{"allow":["GET"]}}],"collection":[{"href":"https:\/\/www.regionalis.shop\/ricardart\/wp-json\/wp\/v2\/product"}],"about":[{"href":"https:\/\/www.regionalis.shop\/ricardart\/wp-json\/wp\/v2\/types\/product"}],"wp:featuredmedia":[{"embeddable":true,"href":"https:\/\/www.regionalis.shop\/ricardart\/wp-json\/wp\/v2\/media\/1563"}],"wp:attachment":[{"href":"https:\/\/www.regionalis.shop\/ricardart\/wp-json\/wp\/v2\/media?parent=1562"}],"wp:term":[{"taxonomy":"product_brand","embeddable":true,"href":"https:\/\/www.regionalis.shop\/ricardart\/wp-json\/wp\/v2\/product_brand?post=1562"},{"taxonomy":"product_cat","embeddable":true,"href":"https:\/\/www.regionalis.shop\/ricardart\/wp-json\/wp\/v2\/product_cat?post=1562"},{"taxonomy":"product_tag","embeddable":true,"href":"https:\/\/www.regionalis.shop\/ricardart\/wp-json\/wp\/v2\/product_tag?post=1562"}],"curies":[{"name":"wp","href":"https:\/\/api.w.org\/{rel}","templated":true}]}}