{"id":1582,"date":"2025-04-18T08:11:40","date_gmt":"2025-04-18T06:11:40","guid":{"rendered":"https:\/\/www.regionalis.shop\/ricardart\/product\/lavastein-energiearmband-howlith\/"},"modified":"2025-04-18T08:11:40","modified_gmt":"2025-04-18T06:11:40","slug":"lavastein-energiearmband-howlith","status":"publish","type":"product","link":"https:\/\/www.regionalis.shop\/ricardart\/shop\/lavastein-energiearmband-howlith\/","title":{"rendered":"LAVASTEIN Energiearmband *HOWLITH"},"content":{"rendered":"<p>Kraftvolle Lavaarmb\u00e4nder f\u00fcr SIE &#038; IHN<br \/>\nVon Hand gefertigt aus gewachstem Makrameegarn (wasserfest &#038; strapazierf\u00e4hig), mit nat\u00fcrlichem Lavagestein (4mm oder 6mm) &#038; je einer Howlithperle in der Mitte.<br \/>\nDank l\u00e4ngenverstellbarem Schiebeverschluss   sind all meine Armb\u00e4nder individuell in ihrer Gr\u00f6\u00dfe anpassbar. <\/p>\n<p>*du bekommst dein Armband h\u00fcbsch verpackt in einem handbedruckten Naturleinenbeutel &#038; mit pers\u00f6nlichem Steckbrief beigelegt auf dem du die wichtigsten Infos zu deinem neuen Begleiter nachlesen kannst<\/p>\n<p>LAVA SCHWARZ (Wurzelchakra\/M\u016bl\u00e3dh\u00e3ra)<br \/>\nTatendrang- Lebenskraft &#8211; Entschlossenheit<br \/>\nDas aus den Elementen Feuer &#038; Erde entstandene Lavagestein entfacht durch seine Energie dein inneres Feuer &#038; gibt dir die Power deinen inneren Schweinehund zu \u00fcberwinden &#038; mit Entschlossenheit &#038; Tatendrang nach vorne zu blicken. Es regt dazu an deine Ideen in Taten umzusetzen &#038; hilft dir dabei neu durchzustarten<\/p>\n<p>VARIANTEN: 4mm oder 6mm Perlengr\u00f6\u00dfe (bitte beim Bestellvorgang gew\u00fcnschte Gr\u00f6\u00dfe angeben)<\/p>\n","protected":false},"excerpt":{"rendered":"<p>Kraftvolle Lavaarmb\u00e4nder f\u00fcr SIE &#038; IHN Von Hand gefertigt aus gewachstem Makrameegarn (wasserfest &#038; strapazierf\u00e4hig), mit nat\u00fcrlichem Lavagestein (4mm oder 6mm) &#038; je einer Howlithperle in der Mitte. Dank l\u00e4ngenverstellbarem Schiebeverschluss sind all meine Armb\u00e4nder individuell in ihrer Gr\u00f6\u00dfe anpassbar. *du bekommst dein Armband h\u00fcbsch verpackt in einem handbedruckten Naturleinenbeutel &#038; mit pers\u00f6nlichem Steckbrief beigelegt &hellip; <a href=\"https:\/\/www.regionalis.shop\/ricardart\/shop\/lavastein-energiearmband-howlith\/\">Continued<\/a><\/p>\n","protected":false},"featured_media":1583,"template":"","meta":{"_acf_changed":false},"product_brand":[],"product_cat":[110,70],"product_tag":[],"class_list":{"0":"post-1582","1":"product","2":"type-product","3":"status-publish","4":"has-post-thumbnail","6":"product_cat-armbaender","7":"product_cat-schmuck","9":"first","10":"instock","11":"purchasable","12":"product-type-simple"},"acf":[],"_links":{"self":[{"href":"https:\/\/www.regionalis.shop\/ricardart\/wp-json\/wp\/v2\/product\/1582","targetHints":{"allow":["GET"]}}],"collection":[{"href":"https:\/\/www.regionalis.shop\/ricardart\/wp-json\/wp\/v2\/product"}],"about":[{"href":"https:\/\/www.regionalis.shop\/ricardart\/wp-json\/wp\/v2\/types\/product"}],"wp:featuredmedia":[{"embeddable":true,"href":"https:\/\/www.regionalis.shop\/ricardart\/wp-json\/wp\/v2\/media\/1583"}],"wp:attachment":[{"href":"https:\/\/www.regionalis.shop\/ricardart\/wp-json\/wp\/v2\/media?parent=1582"}],"wp:term":[{"taxonomy":"product_brand","embeddable":true,"href":"https:\/\/www.regionalis.shop\/ricardart\/wp-json\/wp\/v2\/product_brand?post=1582"},{"taxonomy":"product_cat","embeddable":true,"href":"https:\/\/www.regionalis.shop\/ricardart\/wp-json\/wp\/v2\/product_cat?post=1582"},{"taxonomy":"product_tag","embeddable":true,"href":"https:\/\/www.regionalis.shop\/ricardart\/wp-json\/wp\/v2\/product_tag?post=1582"}],"curies":[{"name":"wp","href":"https:\/\/api.w.org\/{rel}","templated":true}]}}