{"id":1587,"date":"2025-04-18T08:10:43","date_gmt":"2025-04-18T06:10:43","guid":{"rendered":"https:\/\/www.regionalis.shop\/ricardart\/product\/amethyst-rosenquarz-doppelarmband-lotusflower\/"},"modified":"2025-04-18T08:10:43","modified_gmt":"2025-04-18T06:10:43","slug":"amethyst-rosenquarz-doppelarmband-lotusflower","status":"publish","type":"product","link":"https:\/\/www.regionalis.shop\/ricardart\/shop\/amethyst-rosenquarz-doppelarmband-lotusflower\/","title":{"rendered":"Amethyst\/Rosenquarz Doppelarmband  *LOTUSFLOWER*"},"content":{"rendered":"<p>\u300bLOTUSBLUME: Symbol f\u00fcr Sch\u00f6nheit, Weiblichkeit, Fruchtbarkeit, Wiedergeburt &#038; Reinheit<br \/>\n*<br \/>\nDoppelreihige Edelsteinarmb\u00e4nder, von Hand gefertigt aus gewachstem Makrameegarn (wasserfest &#038; strapazierf\u00e4hig), mit 6mm Edelsteinperle nach Wahl &#038; l\u00e4ngenverstellbarem Schiebeverschluss zum individuellen anpassen<\/p>\n<p>Du bekommst dein Armband liebevoll verpackt &#038; mit pers\u00f6nlichem Steckbrief beigelegt auf dem du die wichtigsten Infos zu deinem neuen Begleiter nachlesen kannst<br \/>\n~~~<br \/>\nAMETHYST \u00a0(Kronenchakra\/Sahasr\u00e2ra)<br \/>\nKonzentration ~ Klarheit ~ Wahrnehmung\u00a0 ~ Ruhe<br \/>\nDer Amethyst, mit seiner wundersch\u00f6nen &#038; unverkennbar violetten Farbe ist ein wunderbarer &#8222;Lern-Stein&#8220; , f\u00fcr bessere Konzentration &#038; ideal auch zum Einschlafen<br \/>\nAnwendungsgebiete: bei Kopfschmerzen, Schlafproblemen oder Konzentrationsschwierigkeiten. Zur Unterst\u00fctzung in Lern-&#038;, Pr\u00fcfungssituationen<br \/>\nSternzeichen: Fische<\/p>\n<p>ROSENQUARZ \u00a0(Herzchakra\/An\u00e3hata)<br \/>\nSinnlichkeit ~ Liebe ~ Empathie ~ Beziehung ~ Vertrauen<br \/>\nDer Rosenquarz ist ein wunderbarer &#038; f\u00fcr mich sehr wertvoller Begleiter, der mir schon durch so manche Herzenskrise geholfen hat. Ein idealer Meditationsstein (mit Hautkontakt in Herzn\u00e4he w\u00e4re perfekt) um das Herz ganz bewusst zu \u00f6ffnen &#8211; sowohl f\u00fcr dich,\u00a0 als auch f\u00fcr deine Mitmenschen &#8211; mit verschlossenem  verschlie\u00dfen sich auch die wunderbarsten Dinge des Lebens Anwendungsgebiete: positiv f\u00fcr unser Herz &#038; unseren Kreislauf, Absorption von Strahlung (am Besten nahe des Fernsehers\/Computers aufstellen)<br \/>\nSternzeichen: Stier<\/p>\n","protected":false},"excerpt":{"rendered":"<p>\u300bLOTUSBLUME: Symbol f\u00fcr Sch\u00f6nheit, Weiblichkeit, Fruchtbarkeit, Wiedergeburt &#038; Reinheit * Doppelreihige Edelsteinarmb\u00e4nder, von Hand gefertigt aus gewachstem Makrameegarn (wasserfest &#038; strapazierf\u00e4hig), mit 6mm Edelsteinperle nach Wahl &#038; l\u00e4ngenverstellbarem Schiebeverschluss zum individuellen anpassen Du bekommst dein Armband liebevoll verpackt &#038; mit pers\u00f6nlichem Steckbrief beigelegt auf dem du die wichtigsten Infos zu deinem neuen Begleiter nachlesen kannst &hellip; <a href=\"https:\/\/www.regionalis.shop\/ricardart\/shop\/amethyst-rosenquarz-doppelarmband-lotusflower\/\">Continued<\/a><\/p>\n","protected":false},"featured_media":1588,"template":"","meta":{"_acf_changed":false},"product_brand":[],"product_cat":[110,70],"product_tag":[],"class_list":{"0":"post-1587","1":"product","2":"type-product","3":"status-publish","4":"has-post-thumbnail","6":"product_cat-armbaender","7":"product_cat-schmuck","9":"first","10":"instock","11":"purchasable","12":"product-type-simple"},"acf":[],"_links":{"self":[{"href":"https:\/\/www.regionalis.shop\/ricardart\/wp-json\/wp\/v2\/product\/1587","targetHints":{"allow":["GET"]}}],"collection":[{"href":"https:\/\/www.regionalis.shop\/ricardart\/wp-json\/wp\/v2\/product"}],"about":[{"href":"https:\/\/www.regionalis.shop\/ricardart\/wp-json\/wp\/v2\/types\/product"}],"wp:featuredmedia":[{"embeddable":true,"href":"https:\/\/www.regionalis.shop\/ricardart\/wp-json\/wp\/v2\/media\/1588"}],"wp:attachment":[{"href":"https:\/\/www.regionalis.shop\/ricardart\/wp-json\/wp\/v2\/media?parent=1587"}],"wp:term":[{"taxonomy":"product_brand","embeddable":true,"href":"https:\/\/www.regionalis.shop\/ricardart\/wp-json\/wp\/v2\/product_brand?post=1587"},{"taxonomy":"product_cat","embeddable":true,"href":"https:\/\/www.regionalis.shop\/ricardart\/wp-json\/wp\/v2\/product_cat?post=1587"},{"taxonomy":"product_tag","embeddable":true,"href":"https:\/\/www.regionalis.shop\/ricardart\/wp-json\/wp\/v2\/product_tag?post=1587"}],"curies":[{"name":"wp","href":"https:\/\/api.w.org\/{rel}","templated":true}]}}