{"id":1592,"date":"2025-04-18T08:09:47","date_gmt":"2025-04-18T06:09:47","guid":{"rendered":"https:\/\/www.regionalis.shop\/ricardart\/product\/malachit-doppelarmband-circle-infinity-18k-vergoldet-18k-vergoldet\/"},"modified":"2025-04-18T08:09:47","modified_gmt":"2025-04-18T06:09:47","slug":"malachit-doppelarmband-circle-infinity-18k-vergoldet-18k-vergoldet","status":"publish","type":"product","link":"https:\/\/www.regionalis.shop\/ricardart\/shop\/malachit-doppelarmband-circle-infinity-18k-vergoldet-18k-vergoldet\/","title":{"rendered":"Malachit Doppelarmband *CIRCLE &#038; INFINITY* 18k vergoldet 18k vergoldet"},"content":{"rendered":"<p>Kraftvolle Edelsteinarmb\u00e4nder mit nat\u00fcrlichem Malachit &#038; Aventurin in geschliffener Perlenform. Von Hand gefertigtes aus wasserfestem Makrameegarn (gewachst &#038; strapazierf\u00e4hig), mit 18k vergoldeten Zwischenperlen (Kupfer), sowie Verbindungsst\u00fccken aus 18k vergoldetem Edelstahl.<br \/>\n\u300bMit l\u00e4ngenverstellbarem Schiebeverschluss\u00a0zum individuellen anpassen\u300a<\/p>\n<p>*Du bekommst dein Schmuckst\u00fcck h\u00fcbsch verpackt in einer handbedruckten Box aus recyceltem Altpapier &#038; mit pers\u00f6nlichem Steckbrief beigelegt aufdem du die wichtigsten Infos zu deinem neuen Begleiter nachlesen kannst<\/p>\n<p>*** Ein wunderbarer Wegblegleiter f\u00fcr jeden Tag ***<\/p>\n","protected":false},"excerpt":{"rendered":"<p>Kraftvolle Edelsteinarmb\u00e4nder mit nat\u00fcrlichem Malachit &#038; Aventurin in geschliffener Perlenform. Von Hand gefertigtes aus wasserfestem Makrameegarn (gewachst &#038; strapazierf\u00e4hig), mit 18k vergoldeten Zwischenperlen (Kupfer), sowie Verbindungsst\u00fccken aus 18k vergoldetem Edelstahl. \u300bMit l\u00e4ngenverstellbarem Schiebeverschluss\u00a0zum individuellen anpassen\u300a *Du bekommst dein Schmuckst\u00fcck h\u00fcbsch verpackt in einer handbedruckten Box aus recyceltem Altpapier &#038; mit pers\u00f6nlichem Steckbrief beigelegt aufdem du &hellip; <a href=\"https:\/\/www.regionalis.shop\/ricardart\/shop\/malachit-doppelarmband-circle-infinity-18k-vergoldet-18k-vergoldet\/\">Continued<\/a><\/p>\n","protected":false},"featured_media":1593,"template":"","meta":{"_acf_changed":false},"product_brand":[],"product_cat":[110,70],"product_tag":[],"class_list":{"0":"post-1592","1":"product","2":"type-product","3":"status-publish","4":"has-post-thumbnail","6":"product_cat-armbaender","7":"product_cat-schmuck","9":"first","10":"instock","11":"purchasable","12":"product-type-simple"},"acf":[],"_links":{"self":[{"href":"https:\/\/www.regionalis.shop\/ricardart\/wp-json\/wp\/v2\/product\/1592","targetHints":{"allow":["GET"]}}],"collection":[{"href":"https:\/\/www.regionalis.shop\/ricardart\/wp-json\/wp\/v2\/product"}],"about":[{"href":"https:\/\/www.regionalis.shop\/ricardart\/wp-json\/wp\/v2\/types\/product"}],"wp:featuredmedia":[{"embeddable":true,"href":"https:\/\/www.regionalis.shop\/ricardart\/wp-json\/wp\/v2\/media\/1593"}],"wp:attachment":[{"href":"https:\/\/www.regionalis.shop\/ricardart\/wp-json\/wp\/v2\/media?parent=1592"}],"wp:term":[{"taxonomy":"product_brand","embeddable":true,"href":"https:\/\/www.regionalis.shop\/ricardart\/wp-json\/wp\/v2\/product_brand?post=1592"},{"taxonomy":"product_cat","embeddable":true,"href":"https:\/\/www.regionalis.shop\/ricardart\/wp-json\/wp\/v2\/product_cat?post=1592"},{"taxonomy":"product_tag","embeddable":true,"href":"https:\/\/www.regionalis.shop\/ricardart\/wp-json\/wp\/v2\/product_tag?post=1592"}],"curies":[{"name":"wp","href":"https:\/\/api.w.org\/{rel}","templated":true}]}}