{"id":1597,"date":"2025-04-18T08:09:47","date_gmt":"2025-04-18T06:09:47","guid":{"rendered":"https:\/\/www.regionalis.shop\/ricardart\/product\/malachit-schmuckset-anahata-18k-vergoldet\/"},"modified":"2025-04-18T08:09:47","modified_gmt":"2025-04-18T06:09:47","slug":"malachit-schmuckset-anahata-18k-vergoldet","status":"publish","type":"product","link":"https:\/\/www.regionalis.shop\/ricardart\/shop\/malachit-schmuckset-anahata-18k-vergoldet\/","title":{"rendered":"MALACHIT Schmuckset  *AN\u00c3HATA* 18k vergoldet"},"content":{"rendered":"<p>Kraftvolles Schmuckset bestehend aus 3 einzigartigen Malachit Schmuckst\u00fccken &#8211; mit Herz &#038; handgefertigt <\/p>\n<p>\u300bDoppelarmband:: von Hand gefertigt aus wasserfestem Makrameegarn (gewachst &#038; strapazierf\u00e4hig), mit Verbindungsst\u00fcck aus 18k vergoldetem Edelstahl &#038; l\u00e4ngenverstellbarem Schiebeverschluss\u00a0zum individuellen anpassen<br \/>\n\u300bCreolen: aus vergoldetem Edelstahl mit 20mm Durchmesser &#038; Malachitsplittern in unregelm\u00e4\u00dfiger &#038; einzigartiger Form<br \/>\n\u300bHalskette: vergoldete Edelstahlkette mit Karabinerverschluss &#038;  wundersch\u00f6nem, Malachitanh\u00e4nger in einzigartiger Form <\/p>\n<p>*Du bekommst dein Schmuckset h\u00fcbsch verpackt in einer handbedruckten Box aus recyceltem Altpapier &#038; mit pers\u00f6nlichem Steckbrief beigelegt aufdem du die wichtigsten Infos zu deinen neuen Begleitern nachlesen kannst<\/p>\n","protected":false},"excerpt":{"rendered":"<p>Kraftvolles Schmuckset bestehend aus 3 einzigartigen Malachit Schmuckst\u00fccken &#8211; mit Herz &#038; handgefertigt \u300bDoppelarmband:: von Hand gefertigt aus wasserfestem Makrameegarn (gewachst &#038; strapazierf\u00e4hig), mit Verbindungsst\u00fcck aus 18k vergoldetem Edelstahl &#038; l\u00e4ngenverstellbarem Schiebeverschluss\u00a0zum individuellen anpassen \u300bCreolen: aus vergoldetem Edelstahl mit 20mm Durchmesser &#038; Malachitsplittern in unregelm\u00e4\u00dfiger &#038; einzigartiger Form \u300bHalskette: vergoldete Edelstahlkette mit Karabinerverschluss &#038; wundersch\u00f6nem, &hellip; <a href=\"https:\/\/www.regionalis.shop\/ricardart\/shop\/malachit-schmuckset-anahata-18k-vergoldet\/\">Continued<\/a><\/p>\n","protected":false},"featured_media":1598,"template":"","meta":{"_acf_changed":false},"product_brand":[],"product_cat":[70,71],"product_tag":[],"class_list":{"0":"post-1597","1":"product","2":"type-product","3":"status-publish","4":"has-post-thumbnail","6":"product_cat-schmuck","7":"product_cat-schmucksets","9":"first","10":"instock","11":"purchasable","12":"product-type-simple"},"acf":[],"_links":{"self":[{"href":"https:\/\/www.regionalis.shop\/ricardart\/wp-json\/wp\/v2\/product\/1597","targetHints":{"allow":["GET"]}}],"collection":[{"href":"https:\/\/www.regionalis.shop\/ricardart\/wp-json\/wp\/v2\/product"}],"about":[{"href":"https:\/\/www.regionalis.shop\/ricardart\/wp-json\/wp\/v2\/types\/product"}],"wp:featuredmedia":[{"embeddable":true,"href":"https:\/\/www.regionalis.shop\/ricardart\/wp-json\/wp\/v2\/media\/1598"}],"wp:attachment":[{"href":"https:\/\/www.regionalis.shop\/ricardart\/wp-json\/wp\/v2\/media?parent=1597"}],"wp:term":[{"taxonomy":"product_brand","embeddable":true,"href":"https:\/\/www.regionalis.shop\/ricardart\/wp-json\/wp\/v2\/product_brand?post=1597"},{"taxonomy":"product_cat","embeddable":true,"href":"https:\/\/www.regionalis.shop\/ricardart\/wp-json\/wp\/v2\/product_cat?post=1597"},{"taxonomy":"product_tag","embeddable":true,"href":"https:\/\/www.regionalis.shop\/ricardart\/wp-json\/wp\/v2\/product_tag?post=1597"}],"curies":[{"name":"wp","href":"https:\/\/api.w.org\/{rel}","templated":true}]}}