{"id":1602,"date":"2025-04-18T08:08:50","date_gmt":"2025-04-18T06:08:50","guid":{"rendered":"https:\/\/www.regionalis.shop\/ricardart\/product\/tuerkis-doppelarmband-infinity-silber\/"},"modified":"2025-04-18T08:08:50","modified_gmt":"2025-04-18T06:08:50","slug":"tuerkis-doppelarmband-infinity-silber","status":"publish","type":"product","link":"https:\/\/www.regionalis.shop\/ricardart\/shop\/tuerkis-doppelarmband-infinity-silber\/","title":{"rendered":"T\u00fcrkis Doppelarmband *INFINITY* silber"},"content":{"rendered":"<p>Kraftvolles T\u00dcRKIS Armband mit versilbertem Infinity Verbinder &#038; l\u00e4ngenverstellbarem Schiebeverschluss zum individuellen anpassen. Das verwendete Makrameegarn ist gewachst, sehr strapazierf\u00e4hig und darf gerne auch nass werden. <\/p>\n<p>T\u00dcRKIS (Halschakra\/ Vi\u015buddha): Kreativit\u00e4t ~ Lebensfreude ~ Lebenskraft ~ Selbstbewusstsein ~ Kommunikation ~<br \/>\nEin Wunderkind bei depressiven Phasen <\/p>\n<p>*du bekommst dein Armband liebevoll verpackt in einem handbedrucktenNaturleinenbeutel, mit pers\u00f6nlichem Steckbrief beigelegt auf dem du die wichtigsten Infos zu deinem neuen Begleiter nachlesen kannst<\/p>\n","protected":false},"excerpt":{"rendered":"<p>Kraftvolles T\u00dcRKIS Armband mit versilbertem Infinity Verbinder &#038; l\u00e4ngenverstellbarem Schiebeverschluss zum individuellen anpassen. Das verwendete Makrameegarn ist gewachst, sehr strapazierf\u00e4hig und darf gerne auch nass werden. T\u00dcRKIS (Halschakra\/ Vi\u015buddha): Kreativit\u00e4t ~ Lebensfreude ~ Lebenskraft ~ Selbstbewusstsein ~ Kommunikation ~ Ein Wunderkind bei depressiven Phasen *du bekommst dein Armband liebevoll verpackt in einem handbedrucktenNaturleinenbeutel, mit pers\u00f6nlichem &hellip; <a href=\"https:\/\/www.regionalis.shop\/ricardart\/shop\/tuerkis-doppelarmband-infinity-silber\/\">Continued<\/a><\/p>\n","protected":false},"featured_media":1603,"template":"","meta":{"_acf_changed":false},"product_brand":[],"product_cat":[110,70],"product_tag":[],"class_list":{"0":"post-1602","1":"product","2":"type-product","3":"status-publish","4":"has-post-thumbnail","6":"product_cat-armbaender","7":"product_cat-schmuck","9":"first","10":"instock","11":"purchasable","12":"product-type-simple"},"acf":[],"_links":{"self":[{"href":"https:\/\/www.regionalis.shop\/ricardart\/wp-json\/wp\/v2\/product\/1602","targetHints":{"allow":["GET"]}}],"collection":[{"href":"https:\/\/www.regionalis.shop\/ricardart\/wp-json\/wp\/v2\/product"}],"about":[{"href":"https:\/\/www.regionalis.shop\/ricardart\/wp-json\/wp\/v2\/types\/product"}],"wp:featuredmedia":[{"embeddable":true,"href":"https:\/\/www.regionalis.shop\/ricardart\/wp-json\/wp\/v2\/media\/1603"}],"wp:attachment":[{"href":"https:\/\/www.regionalis.shop\/ricardart\/wp-json\/wp\/v2\/media?parent=1602"}],"wp:term":[{"taxonomy":"product_brand","embeddable":true,"href":"https:\/\/www.regionalis.shop\/ricardart\/wp-json\/wp\/v2\/product_brand?post=1602"},{"taxonomy":"product_cat","embeddable":true,"href":"https:\/\/www.regionalis.shop\/ricardart\/wp-json\/wp\/v2\/product_cat?post=1602"},{"taxonomy":"product_tag","embeddable":true,"href":"https:\/\/www.regionalis.shop\/ricardart\/wp-json\/wp\/v2\/product_tag?post=1602"}],"curies":[{"name":"wp","href":"https:\/\/api.w.org\/{rel}","templated":true}]}}