{"id":1606,"date":"2025-04-18T07:56:53","date_gmt":"2025-04-18T05:56:53","guid":{"rendered":"https:\/\/www.regionalis.shop\/ricardart\/product\/lotus-rosenquarz-sonnenfaenger-bamboo-circle\/"},"modified":"2025-04-18T07:56:53","modified_gmt":"2025-04-18T05:56:53","slug":"lotus-rosenquarz-sonnenfaenger-bamboo-circle","status":"publish","type":"product","link":"https:\/\/www.regionalis.shop\/ricardart\/shop\/lotus-rosenquarz-sonnenfaenger-bamboo-circle\/","title":{"rendered":"Lotus Rosenquarz Sonnenf\u00e4nger *Bamboo Circle*"},"content":{"rendered":"<p>Ein Herzst\u00fcck aus reinen Naturmaterialien<br \/>\n&#8211; Lotusblume aus Holz<br \/>\n&#8211; Bambus Reifen mit 15cm Durchmesser<br \/>\n&#8211; best\u00fcckt mit  nat\u00fcrlichem Rosenquarz &#038;<br \/>\n&#8211; Prismakristallen zur Spaltung &#038; Reflexion des Sonnenlichts (*Sonnenf\u00e4nger-Effekt: F\u00e4llt Licht auf ein Prisma\/ einen Prismakristall, so wird\u00a0 es gespalten &#038; in den wundersch\u00f6nen\u00a0 Farben des Regenbogens (Spektralfarben) auf deinen W\u00e4nden &#038; auf umgebenden Fl\u00e4chen reflektiert)<\/p>\n<p>Du bekommst deinen Schatz h\u00fcbsch verpackt in handbedrucktem, recyceltem Altpapier &#038; mit pers\u00f6nlichem Steckbrief beigelegt auf dem du die wichtigsten Infos zu deinem neuen Begleiter nachlesen kannst<\/p>\n","protected":false},"excerpt":{"rendered":"<p>Ein Herzst\u00fcck aus reinen Naturmaterialien &#8211; Lotusblume aus Holz &#8211; Bambus Reifen mit 15cm Durchmesser &#8211; best\u00fcckt mit nat\u00fcrlichem Rosenquarz &#038; &#8211; Prismakristallen zur Spaltung &#038; Reflexion des Sonnenlichts (*Sonnenf\u00e4nger-Effekt: F\u00e4llt Licht auf ein Prisma\/ einen Prismakristall, so wird\u00a0 es gespalten &#038; in den wundersch\u00f6nen\u00a0 Farben des Regenbogens (Spektralfarben) auf deinen W\u00e4nden &#038; auf umgebenden &hellip; <a href=\"https:\/\/www.regionalis.shop\/ricardart\/shop\/lotus-rosenquarz-sonnenfaenger-bamboo-circle\/\">Continued<\/a><\/p>\n","protected":false},"featured_media":1607,"template":"","meta":{"_acf_changed":false},"product_brand":[],"product_cat":[174,103],"product_tag":[],"class_list":{"0":"post-1606","1":"product","2":"type-product","3":"status-publish","4":"has-post-thumbnail","6":"product_cat-wohndekoration","7":"product_cat-wohnen-deko","9":"first","10":"instock","11":"purchasable","12":"product-type-simple"},"acf":[],"_links":{"self":[{"href":"https:\/\/www.regionalis.shop\/ricardart\/wp-json\/wp\/v2\/product\/1606","targetHints":{"allow":["GET"]}}],"collection":[{"href":"https:\/\/www.regionalis.shop\/ricardart\/wp-json\/wp\/v2\/product"}],"about":[{"href":"https:\/\/www.regionalis.shop\/ricardart\/wp-json\/wp\/v2\/types\/product"}],"wp:featuredmedia":[{"embeddable":true,"href":"https:\/\/www.regionalis.shop\/ricardart\/wp-json\/wp\/v2\/media\/1607"}],"wp:attachment":[{"href":"https:\/\/www.regionalis.shop\/ricardart\/wp-json\/wp\/v2\/media?parent=1606"}],"wp:term":[{"taxonomy":"product_brand","embeddable":true,"href":"https:\/\/www.regionalis.shop\/ricardart\/wp-json\/wp\/v2\/product_brand?post=1606"},{"taxonomy":"product_cat","embeddable":true,"href":"https:\/\/www.regionalis.shop\/ricardart\/wp-json\/wp\/v2\/product_cat?post=1606"},{"taxonomy":"product_tag","embeddable":true,"href":"https:\/\/www.regionalis.shop\/ricardart\/wp-json\/wp\/v2\/product_tag?post=1606"}],"curies":[{"name":"wp","href":"https:\/\/api.w.org\/{rel}","templated":true}]}}