{"id":1611,"date":"2025-04-18T07:50:03","date_gmt":"2025-04-18T05:50:03","guid":{"rendered":"https:\/\/www.regionalis.shop\/ricardart\/product\/chakra-armband-seed-of-life-6mm-rose\/"},"modified":"2025-04-18T07:50:03","modified_gmt":"2025-04-18T05:50:03","slug":"chakra-armband-seed-of-life-6mm-rose","status":"publish","type":"product","link":"https:\/\/www.regionalis.shop\/ricardart\/shop\/chakra-armband-seed-of-life-6mm-rose\/","title":{"rendered":"CHAKRA Armband *SEED OF LIFE 6mm ros\u00e9*"},"content":{"rendered":"<p>Kraftvolles Chakraarmband mit 7 sorgf\u00e4ltig ausgew\u00e4hlten Edelsteinen (6mm Perlen) zur Harmonisierung unserer Chakren &#038; f\u00fcr innere Balance  (mit Amethyst, Sodalith, Amazonit, Rhodonit, Citrin, Sonnenstein &#038; schwarzer Lava)<br \/>\nVon Hand gefertigt aus strapazierf\u00e4higem Makrameegarn (gewachst &#038; wasserfest) mit 14mm Verbinder aus ros\u00e9vergoldetem, nickelfreiem Messing &#038; l\u00e4ngenverstellbarem Schiebeverschluss zum individuellen anpassen.<\/p>\n<p>*du bekommst dein Armband h\u00fcbsch verpackt in einem handbedrucktem Naturleinenbeutel &#038; mit pers\u00f6nlichem Steckbrief beigelegt<\/p>\n","protected":false},"excerpt":{"rendered":"<p>Kraftvolles Chakraarmband mit 7 sorgf\u00e4ltig ausgew\u00e4hlten Edelsteinen (6mm Perlen) zur Harmonisierung unserer Chakren &#038; f\u00fcr innere Balance (mit Amethyst, Sodalith, Amazonit, Rhodonit, Citrin, Sonnenstein &#038; schwarzer Lava) Von Hand gefertigt aus strapazierf\u00e4higem Makrameegarn (gewachst &#038; wasserfest) mit 14mm Verbinder aus ros\u00e9vergoldetem, nickelfreiem Messing &#038; l\u00e4ngenverstellbarem Schiebeverschluss zum individuellen anpassen. *du bekommst dein Armband h\u00fcbsch verpackt &hellip; <a href=\"https:\/\/www.regionalis.shop\/ricardart\/shop\/chakra-armband-seed-of-life-6mm-rose\/\">Continued<\/a><\/p>\n","protected":false},"featured_media":1612,"template":"","meta":{"_acf_changed":false},"product_brand":[],"product_cat":[110,70],"product_tag":[],"class_list":{"0":"post-1611","1":"product","2":"type-product","3":"status-publish","4":"has-post-thumbnail","6":"product_cat-armbaender","7":"product_cat-schmuck","9":"first","10":"instock","11":"purchasable","12":"product-type-simple"},"acf":[],"_links":{"self":[{"href":"https:\/\/www.regionalis.shop\/ricardart\/wp-json\/wp\/v2\/product\/1611","targetHints":{"allow":["GET"]}}],"collection":[{"href":"https:\/\/www.regionalis.shop\/ricardart\/wp-json\/wp\/v2\/product"}],"about":[{"href":"https:\/\/www.regionalis.shop\/ricardart\/wp-json\/wp\/v2\/types\/product"}],"wp:featuredmedia":[{"embeddable":true,"href":"https:\/\/www.regionalis.shop\/ricardart\/wp-json\/wp\/v2\/media\/1612"}],"wp:attachment":[{"href":"https:\/\/www.regionalis.shop\/ricardart\/wp-json\/wp\/v2\/media?parent=1611"}],"wp:term":[{"taxonomy":"product_brand","embeddable":true,"href":"https:\/\/www.regionalis.shop\/ricardart\/wp-json\/wp\/v2\/product_brand?post=1611"},{"taxonomy":"product_cat","embeddable":true,"href":"https:\/\/www.regionalis.shop\/ricardart\/wp-json\/wp\/v2\/product_cat?post=1611"},{"taxonomy":"product_tag","embeddable":true,"href":"https:\/\/www.regionalis.shop\/ricardart\/wp-json\/wp\/v2\/product_tag?post=1611"}],"curies":[{"name":"wp","href":"https:\/\/api.w.org\/{rel}","templated":true}]}}