{"id":1621,"date":"2025-04-18T07:48:33","date_gmt":"2025-04-18T05:48:33","guid":{"rendered":"https:\/\/www.regionalis.shop\/ricardart\/product\/edelstein-ohrringe-ellipse\/"},"modified":"2025-04-18T07:48:33","modified_gmt":"2025-04-18T05:48:33","slug":"edelstein-ohrringe-ellipse","status":"publish","type":"product","link":"https:\/\/www.regionalis.shop\/ricardart\/shop\/edelstein-ohrringe-ellipse\/","title":{"rendered":"Edelstein Ohrringe *ELLIPSE"},"content":{"rendered":"<p>Kraftvolle Ohrringe mit facettierten Edelsteinen nach Wahl (22mm \u00d7 12mm), handgebogenem, vergoldetem Edelstahldraht &#038; nickelfreien<br \/>\nOhrhaken, ebenfalls aus vergoldetem Edelstahl.<br \/>\nGesamtl\u00e4nge (ohne Ohrhaken): ~ 40mm<\/p>\n<p>Du bekommst dein Schmuckst\u00fcck h\u00fcbsch verpackt in einer handbedruckten Box aus recyceltem Altpapier, mit pers\u00f6nlichem Steckbrief beigelegt auf dem du die wichtigsten Infos zu deinem neuen Begleiter nachlesen kannst<\/p>\n<p>Edelsteine:<br \/>\nAMAZONIT (t\u00fcrkis), ROSENQUARZ (rosa), TIGERAUGE (braun) &#038; LABRADORIT<br \/>\n*Beim Bestellvorgang bitte die gew\u00fcnschte Variante angeben<\/p>\n","protected":false},"excerpt":{"rendered":"<p>Kraftvolle Ohrringe mit facettierten Edelsteinen nach Wahl (22mm \u00d7 12mm), handgebogenem, vergoldetem Edelstahldraht &#038; nickelfreien Ohrhaken, ebenfalls aus vergoldetem Edelstahl. Gesamtl\u00e4nge (ohne Ohrhaken): ~ 40mm Du bekommst dein Schmuckst\u00fcck h\u00fcbsch verpackt in einer handbedruckten Box aus recyceltem Altpapier, mit pers\u00f6nlichem Steckbrief beigelegt auf dem du die wichtigsten Infos zu deinem neuen Begleiter nachlesen kannst Edelsteine: &hellip; <a href=\"https:\/\/www.regionalis.shop\/ricardart\/shop\/edelstein-ohrringe-ellipse\/\">Continued<\/a><\/p>\n","protected":false},"featured_media":1622,"template":"","meta":{"_acf_changed":false},"product_brand":[],"product_cat":[163,70],"product_tag":[],"class_list":{"0":"post-1621","1":"product","2":"type-product","3":"status-publish","4":"has-post-thumbnail","6":"product_cat-ohrringe","7":"product_cat-schmuck","9":"first","10":"instock","11":"purchasable","12":"product-type-simple"},"acf":[],"_links":{"self":[{"href":"https:\/\/www.regionalis.shop\/ricardart\/wp-json\/wp\/v2\/product\/1621","targetHints":{"allow":["GET"]}}],"collection":[{"href":"https:\/\/www.regionalis.shop\/ricardart\/wp-json\/wp\/v2\/product"}],"about":[{"href":"https:\/\/www.regionalis.shop\/ricardart\/wp-json\/wp\/v2\/types\/product"}],"wp:featuredmedia":[{"embeddable":true,"href":"https:\/\/www.regionalis.shop\/ricardart\/wp-json\/wp\/v2\/media\/1622"}],"wp:attachment":[{"href":"https:\/\/www.regionalis.shop\/ricardart\/wp-json\/wp\/v2\/media?parent=1621"}],"wp:term":[{"taxonomy":"product_brand","embeddable":true,"href":"https:\/\/www.regionalis.shop\/ricardart\/wp-json\/wp\/v2\/product_brand?post=1621"},{"taxonomy":"product_cat","embeddable":true,"href":"https:\/\/www.regionalis.shop\/ricardart\/wp-json\/wp\/v2\/product_cat?post=1621"},{"taxonomy":"product_tag","embeddable":true,"href":"https:\/\/www.regionalis.shop\/ricardart\/wp-json\/wp\/v2\/product_tag?post=1621"}],"curies":[{"name":"wp","href":"https:\/\/api.w.org\/{rel}","templated":true}]}}