{"id":1626,"date":"2025-04-18T07:47:50","date_gmt":"2025-04-18T05:47:50","guid":{"rendered":"https:\/\/www.regionalis.shop\/ricardart\/product\/ohrringe-trikona-circle-colored-40mm\/"},"modified":"2025-04-18T07:47:50","modified_gmt":"2025-04-18T05:47:50","slug":"ohrringe-trikona-circle-colored-40mm","status":"publish","type":"product","link":"https:\/\/www.regionalis.shop\/ricardart\/shop\/ohrringe-trikona-circle-colored-40mm\/","title":{"rendered":"Ohrringe *TRIKONA CIRCLE colored* 40mm"},"content":{"rendered":"<p>Messinghoops mit 40mm \u00e4u\u00dferem Durchmesser kombiniert mit farbig gemustertem Dreiecksanh\u00e4ngern. Die Ohrhaken aus vergoldetem Edelstahl sind nickelfrei, wasserfest &#038; auch f\u00fcr sensible Ohren geeignet.<\/p>\n<p>*du bekommst deine Ohrringe h\u00fcbsch verpackt in einer handbedruckten Box aus recyceltem Altpapier <\/p>\n<p>*auch im Zebra-Design erh\u00e4ltlich (beim Bestellvorgang bitte angeben)<\/p>\n","protected":false},"excerpt":{"rendered":"<p>Messinghoops mit 40mm \u00e4u\u00dferem Durchmesser kombiniert mit farbig gemustertem Dreiecksanh\u00e4ngern. Die Ohrhaken aus vergoldetem Edelstahl sind nickelfrei, wasserfest &#038; auch f\u00fcr sensible Ohren geeignet. *du bekommst deine Ohrringe h\u00fcbsch verpackt in einer handbedruckten Box aus recyceltem Altpapier *auch im Zebra-Design erh\u00e4ltlich (beim Bestellvorgang bitte angeben)<\/p>\n","protected":false},"featured_media":1627,"template":"","meta":{"_acf_changed":false},"product_brand":[],"product_cat":[163,70],"product_tag":[],"class_list":{"0":"post-1626","1":"product","2":"type-product","3":"status-publish","4":"has-post-thumbnail","6":"product_cat-ohrringe","7":"product_cat-schmuck","9":"first","10":"instock","11":"purchasable","12":"product-type-simple"},"acf":[],"_links":{"self":[{"href":"https:\/\/www.regionalis.shop\/ricardart\/wp-json\/wp\/v2\/product\/1626","targetHints":{"allow":["GET"]}}],"collection":[{"href":"https:\/\/www.regionalis.shop\/ricardart\/wp-json\/wp\/v2\/product"}],"about":[{"href":"https:\/\/www.regionalis.shop\/ricardart\/wp-json\/wp\/v2\/types\/product"}],"wp:featuredmedia":[{"embeddable":true,"href":"https:\/\/www.regionalis.shop\/ricardart\/wp-json\/wp\/v2\/media\/1627"}],"wp:attachment":[{"href":"https:\/\/www.regionalis.shop\/ricardart\/wp-json\/wp\/v2\/media?parent=1626"}],"wp:term":[{"taxonomy":"product_brand","embeddable":true,"href":"https:\/\/www.regionalis.shop\/ricardart\/wp-json\/wp\/v2\/product_brand?post=1626"},{"taxonomy":"product_cat","embeddable":true,"href":"https:\/\/www.regionalis.shop\/ricardart\/wp-json\/wp\/v2\/product_cat?post=1626"},{"taxonomy":"product_tag","embeddable":true,"href":"https:\/\/www.regionalis.shop\/ricardart\/wp-json\/wp\/v2\/product_tag?post=1626"}],"curies":[{"name":"wp","href":"https:\/\/api.w.org\/{rel}","templated":true}]}}