{"id":1650,"date":"2025-04-18T07:36:05","date_gmt":"2025-04-18T05:36:05","guid":{"rendered":"https:\/\/www.regionalis.shop\/ricardart\/product\/amethyst-citrin-doppelarmband-safari\/"},"modified":"2025-04-18T07:36:05","modified_gmt":"2025-04-18T05:36:05","slug":"amethyst-citrin-doppelarmband-safari","status":"publish","type":"product","link":"https:\/\/www.regionalis.shop\/ricardart\/shop\/amethyst-citrin-doppelarmband-safari\/","title":{"rendered":"Amethyst\/Citrin Doppelarmband *SAFARI"},"content":{"rendered":"<p>Handgefertigte Edelsteinarmb\u00e4nder aus wasserfestem, sehr strapazierf\u00e4higem Makrameegarn (gewachst), mit nat\u00fcrlichen Edelsteinen (6 -8mm), 18k vergoldeten Kupferperlen (2mm), Messingverbinder KC vergoldet (14*18mm) &#038; l\u00e4ngenverstellbarem Schiebeverschluss zum individuellen Anpassen<br \/>\n*du bekommst dein Schmuckst\u00fcck h\u00fcbsch verpackt &#038; mit pers\u00f6nlichem Steckbrief beigelegt auf dem du die wichtigsten Infos zu deinem neuen Begleiter nachlesen kannst<\/p>\n<p> AMETHYST \u00a0(Kronenchakra\/Sahasr\u00e2ra)<br \/>\nKonzentration ~ Klarheit ~ Wahrnehmung\u00a0 ~ Ruhe<br \/>\nDer Amethyst, mit seiner wundersch\u00f6nen &#038; unverkennbar violetten Farbe ist ein wunderbarer &#8222;Lern-Stein&#8220; , f\u00fcr bessere Konzentration &#038; ideal auch zum Einschlafen<br \/>\nAnwendungsgebiete: bei Kopfschmerzen, Schlafproblemen oder Konzentrationsschwierigkeiten. Zur Unterst\u00fctzung in Lern-&#038;, Pr\u00fcfungssituationen. Sternzeichen: Fische<\/p>\n<p>CITRIN (Solarplexuschakra\/ Manip\u016bra)<br \/>\nLebensfreude ~ Energie ~ Lebensmut ~<br \/>\nEin Powerstein &#038; Energiespender \u00a0<br \/>\nDer Citrin bringt deine inneres Licht zum Strahlen  Er schenkt dir Lebensfreude &#038; Energie und ist, insbesonders auch an betr\u00fcbten Tagen, ein wahrer Sonnenspender &#038; Seelentr\u00f6ster  Ein idealer Begleiter bei psychischen Krisen, in belastenden Lebensphasen &#038; zum Finden deiner inneren Balance. Sternzeichen: L\u00f6we<\/p>\n","protected":false},"excerpt":{"rendered":"<p>Handgefertigte Edelsteinarmb\u00e4nder aus wasserfestem, sehr strapazierf\u00e4higem Makrameegarn (gewachst), mit nat\u00fcrlichen Edelsteinen (6 -8mm), 18k vergoldeten Kupferperlen (2mm), Messingverbinder KC vergoldet (14*18mm) &#038; l\u00e4ngenverstellbarem Schiebeverschluss zum individuellen Anpassen *du bekommst dein Schmuckst\u00fcck h\u00fcbsch verpackt &#038; mit pers\u00f6nlichem Steckbrief beigelegt auf dem du die wichtigsten Infos zu deinem neuen Begleiter nachlesen kannst AMETHYST \u00a0(Kronenchakra\/Sahasr\u00e2ra) Konzentration ~ Klarheit &hellip; <a href=\"https:\/\/www.regionalis.shop\/ricardart\/shop\/amethyst-citrin-doppelarmband-safari\/\">Continued<\/a><\/p>\n","protected":false},"featured_media":1651,"template":"","meta":{"_acf_changed":false},"product_brand":[],"product_cat":[110,70],"product_tag":[],"class_list":{"0":"post-1650","1":"product","2":"type-product","3":"status-publish","4":"has-post-thumbnail","6":"product_cat-armbaender","7":"product_cat-schmuck","9":"first","10":"instock","11":"purchasable","12":"product-type-simple"},"acf":[],"_links":{"self":[{"href":"https:\/\/www.regionalis.shop\/ricardart\/wp-json\/wp\/v2\/product\/1650","targetHints":{"allow":["GET"]}}],"collection":[{"href":"https:\/\/www.regionalis.shop\/ricardart\/wp-json\/wp\/v2\/product"}],"about":[{"href":"https:\/\/www.regionalis.shop\/ricardart\/wp-json\/wp\/v2\/types\/product"}],"wp:featuredmedia":[{"embeddable":true,"href":"https:\/\/www.regionalis.shop\/ricardart\/wp-json\/wp\/v2\/media\/1651"}],"wp:attachment":[{"href":"https:\/\/www.regionalis.shop\/ricardart\/wp-json\/wp\/v2\/media?parent=1650"}],"wp:term":[{"taxonomy":"product_brand","embeddable":true,"href":"https:\/\/www.regionalis.shop\/ricardart\/wp-json\/wp\/v2\/product_brand?post=1650"},{"taxonomy":"product_cat","embeddable":true,"href":"https:\/\/www.regionalis.shop\/ricardart\/wp-json\/wp\/v2\/product_cat?post=1650"},{"taxonomy":"product_tag","embeddable":true,"href":"https:\/\/www.regionalis.shop\/ricardart\/wp-json\/wp\/v2\/product_tag?post=1650"}],"curies":[{"name":"wp","href":"https:\/\/api.w.org\/{rel}","templated":true}]}}