{"id":1655,"date":"2025-04-18T07:36:05","date_gmt":"2025-04-18T05:36:05","guid":{"rendered":"https:\/\/www.regionalis.shop\/ricardart\/product\/partnerarmband-bergkristall\/"},"modified":"2025-04-18T07:36:05","modified_gmt":"2025-04-18T05:36:05","slug":"partnerarmband-bergkristall","status":"publish","type":"product","link":"https:\/\/www.regionalis.shop\/ricardart\/shop\/partnerarmband-bergkristall\/","title":{"rendered":"Partnerarmband *Bergkristall"},"content":{"rendered":"<p>F\u00fcr DICH &#038; deinen LIEBLINGSMENSCHEN<br \/>\nArmb\u00e4nder aus gewachstem Makrameegarn (wasserfest &#038; strapazierf\u00e4hig) mit nat\u00fcrlichen Bergkristallen in unregelm\u00e4\u00dfiger, ungeschliffener Form<br \/>\nDank l\u00e4ngenverstellbarem Schiebeverschluss   sind die Armb\u00e4nder an fast jedes Handgelenk individuell anpassbar <\/p>\n<p>\u300bDu bekommst dein Armband h\u00fcbsch verpackt in einem handbedruckten Naturleinenbeutel, mit pers\u00f6nlichem Steckbrief beigelegt auf dem du die wichtigsten Infos zu deinem neuen Begleiter nachlesen kannst<\/p>\n<p>AMETHYST \u00a0(Kronenchakra\/Sahasr\u00e2ra)<br \/>\nKonzentration ~ Klarheit ~ Wahrnehmung\u00a0 ~ Ruhe<br \/>\nDer Amethyst, mit seiner wundersch\u00f6nen &#038; unverkennbar violetten Farbe ist ein wunderbarer &#8222;Lern-Stein&#8220; &#038; ideal zum Einschlafen<br \/>\nAnwendungsgebiete: bei Kopfschmerzen, Schlafproblemen oder Konzentrationsschwierigkeiten. Zur Unterst\u00fctzung in Lern-&#038;, Pr\u00fcfungssituationen<br \/>\nSternzeichen: Fische<\/p>\n","protected":false},"excerpt":{"rendered":"<p>F\u00fcr DICH &#038; deinen LIEBLINGSMENSCHEN Armb\u00e4nder aus gewachstem Makrameegarn (wasserfest &#038; strapazierf\u00e4hig) mit nat\u00fcrlichen Bergkristallen in unregelm\u00e4\u00dfiger, ungeschliffener Form Dank l\u00e4ngenverstellbarem Schiebeverschluss sind die Armb\u00e4nder an fast jedes Handgelenk individuell anpassbar \u300bDu bekommst dein Armband h\u00fcbsch verpackt in einem handbedruckten Naturleinenbeutel, mit pers\u00f6nlichem Steckbrief beigelegt auf dem du die wichtigsten Infos zu deinem neuen Begleiter &hellip; <a href=\"https:\/\/www.regionalis.shop\/ricardart\/shop\/partnerarmband-bergkristall\/\">Continued<\/a><\/p>\n","protected":false},"featured_media":1656,"template":"","meta":{"_acf_changed":false},"product_brand":[],"product_cat":[110,70],"product_tag":[],"class_list":{"0":"post-1655","1":"product","2":"type-product","3":"status-publish","4":"has-post-thumbnail","6":"product_cat-armbaender","7":"product_cat-schmuck","9":"first","10":"instock","11":"purchasable","12":"product-type-simple"},"acf":[],"_links":{"self":[{"href":"https:\/\/www.regionalis.shop\/ricardart\/wp-json\/wp\/v2\/product\/1655","targetHints":{"allow":["GET"]}}],"collection":[{"href":"https:\/\/www.regionalis.shop\/ricardart\/wp-json\/wp\/v2\/product"}],"about":[{"href":"https:\/\/www.regionalis.shop\/ricardart\/wp-json\/wp\/v2\/types\/product"}],"wp:featuredmedia":[{"embeddable":true,"href":"https:\/\/www.regionalis.shop\/ricardart\/wp-json\/wp\/v2\/media\/1656"}],"wp:attachment":[{"href":"https:\/\/www.regionalis.shop\/ricardart\/wp-json\/wp\/v2\/media?parent=1655"}],"wp:term":[{"taxonomy":"product_brand","embeddable":true,"href":"https:\/\/www.regionalis.shop\/ricardart\/wp-json\/wp\/v2\/product_brand?post=1655"},{"taxonomy":"product_cat","embeddable":true,"href":"https:\/\/www.regionalis.shop\/ricardart\/wp-json\/wp\/v2\/product_cat?post=1655"},{"taxonomy":"product_tag","embeddable":true,"href":"https:\/\/www.regionalis.shop\/ricardart\/wp-json\/wp\/v2\/product_tag?post=1655"}],"curies":[{"name":"wp","href":"https:\/\/api.w.org\/{rel}","templated":true}]}}